{"id":703,"date":"2018-06-07T05:42:03","date_gmt":"2018-06-07T05:42:03","guid":{"rendered":"http:\/\/localhost\/tectxon\/?page_id=703"},"modified":"2024-03-31T15:33:57","modified_gmt":"2024-03-31T15:33:57","slug":"kontakt","status":"publish","type":"page","link":"https:\/\/www.nozzlenizer.de\/en\/kontakt\/","title":{"rendered":"Contact"},"content":{"rendered":"<div class=\"wpb-content-wrapper\">\n\n\n\n<div data-vc-full-width=\"true\" data-vc-full-width-init=\"false\" class=\"tm-row wpb_row vc_row-fluid padding-top-0px-1200 padding-bottom-0px-1200 vc_custom_1535171979828 break-1200-colum tm-zindex-0 tm-bgcolor-white tm-bgimage-position-center_center\">\n\n\t\t\n\t <div class=\"vc_row container\"> \t\n\t\t\n\n<div class=\"wpb_column tm-column vc_column_container vc_col-sm-9 tm-zindex-0\">\n\t<div class=\"vc_column-inner  tm-col-bgcolor-darkgrey tm-col-bgcolor-yes\">\n\t\t<div class=\"tm-col-wrapper-bg-layer tm-bg-layer tm-bgimage-position-center_center\"><div class=\"tm-bg-layer-inner\"><\/div><\/div>\t\t<div class=\"wpb_wrapper\">\n\t\t\t\n<div class=\"tm-row-inner vc_row wpb_row vc_inner vc_row-fluid vc_custom_1537008633495 tm-responsive-custom-84833920 break-991-colum tm-shadow-row tm-zindex-0\">\n\t\n<div class=\"wpb_column tm-column-inner vc_column_container vc_col-sm-10 tm-zindex-0\">\n\t<div class=\"vc_column-inner vc_custom_1536909373028 tm-responsive-custom-23362522\">\n\t\t \n\t\t<div class=\"wpb_wrapper\">\n\t\t\t<div class=\"tm-element-heading-wrapper tm-heading-inner tm-element-align-left tm-seperator-solid tm-heading-style-vertical  vc_custom_1558950361635\"><section class=\"tm-vc_cta3-container\"><div class=\"tm-vc_general tm-vc_cta3 tm-cta3-only tm-vc_cta3-style-classic tm-vc_cta3-shape-rounded tm-vc_cta3-align-left tm-vc_cta3-color-transparent tm-vc_cta3-icon-size-md tm-vc_cta3-actions-no tm-cta3-with-desc\"><div class=\"tm-vc_cta3_content-container\"><div class=\"tm-vc_cta3-content\"><header class=\"tm-vc_cta3-content-header tm-wrap\"><div class=\"tm-vc_cta3-headers tm-wrap-cell\"><h2 class=\"tm-custom-heading\" >Send us<strong>a Message<\/strong><\/h2>\n<\/div><div class=\"heading-seperator\"><span><\/span><\/div><\/header><div class=\"tm-cta3-content-wrapper\"><p>Please fill in the form and our experts will contact you shortly.<\/p><\/div><\/div><\/div><\/div><\/section><\/div> <!-- .tm-element-heading-wrapper container --> \n<div class=\"wpcf7 no-js\" id=\"wpcf7-f708-o1\" lang=\"en-US\" dir=\"ltr\">\n<div class=\"screen-reader-response\"><p role=\"status\" aria-live=\"polite\" aria-atomic=\"true\"><\/p> <ul><\/ul><\/div>\n<form action=\"\/en\/wp-json\/wp\/v2\/pages\/703#wpcf7-f708-o1\" method=\"post\" class=\"wpcf7-form init\" aria-label=\"Contact form\" novalidate=\"novalidate\" data-status=\"init\" data-trp-original-action=\"\/en\/wp-json\/wp\/v2\/pages\/703#wpcf7-f708-o1\">\n<div style=\"display: none;\">\n<input type=\"hidden\" name=\"_wpcf7\" value=\"708\" \/>\n<input type=\"hidden\" name=\"_wpcf7_version\" value=\"5.8.7\" \/>\n<input type=\"hidden\" name=\"_wpcf7_locale\" value=\"en_US\" \/>\n<input type=\"hidden\" name=\"_wpcf7_unit_tag\" value=\"wpcf7-f708-o1\" \/>\n<input type=\"hidden\" name=\"_wpcf7_container_post\" value=\"0\" \/>\n<input type=\"hidden\" name=\"_wpcf7_posted_data_hash\" value=\"\" \/>\n<input type=\"hidden\" name=\"_wpcf7_recaptcha_response\" value=\"\" \/>\n<\/div>\n<div class=\"tm-contactform tm-commonform\">\n\t<div class=\"row\">\n\t\t<div class=\"col-xs-12\">\n\t\t\t<div class=\"field-group\">\n\t\t\t\t<p><i class=\"ti-user\"><\/i><span class=\"wpcf7-form-control-wrap\" data-name=\"your-name\"><input size=\"40\" class=\"wpcf7-form-control wpcf7-text wpcf7-validates-as-required\" aria-required=\"true\" aria-invalid=\"false\" placeholder=\"Your Name\" value=\"\" type=\"text\" name=\"your-name\" \/><\/span>\n\t\t\t\t<\/p>\n\t\t\t<\/div>\n\t\t<\/div>\n\t<\/div>\n\t<div class=\"row\">\n\t\t<div class=\"col-xs-12\">\n\t\t\t<div class=\"field-group\">\n\t\t\t\t<p><i class=\"ti-email\"><\/i><span class=\"wpcf7-form-control-wrap\" data-name=\"your-email\"><input size=\"40\" class=\"wpcf7-form-control wpcf7-email wpcf7-validates-as-required wpcf7-text wpcf7-validates-as-email\" aria-required=\"true\" aria-invalid=\"false\" placeholder=\"Email\" value=\"\" type=\"email\" name=\"your-email\" \/><\/span>\n\t\t\t\t<\/p>\n\t\t\t<\/div>\n\t\t<\/div>\n\t<\/div>\n\t<div class=\"row\">\n\t\t<div class=\"col-xs-12\">\n\t\t\t<div class=\"field-group\">\n\t\t\t\t<p><i class=\"ti-mobile\"><\/i><span class=\"wpcf7-form-control-wrap\" data-name=\"your-phoneno\"><input size=\"40\" class=\"wpcf7-form-control wpcf7-text wpcf7-validates-as-required\" aria-required=\"true\" aria-invalid=\"false\" placeholder=\"Phone\" value=\"\" type=\"text\" name=\"your-phoneno\" \/><\/span>\n\t\t\t\t<\/p>\n\t\t\t<\/div>\n\t\t<\/div>\n\t<\/div>\n\t<div class=\"row\">\n\t\t<div class=\"col-xs-12 col-sm-12\">\n\t\t\t<div class=\"field-group\">\n\t\t\t\t<p><i class=\"ti-comment\"><\/i><span class=\"wpcf7-form-control-wrap\" data-name=\"message\"><textarea cols=\"40\" rows=\"10\" class=\"wpcf7-form-control wpcf7-textarea wpcf7-validates-as-required\" aria-required=\"true\" aria-invalid=\"false\" placeholder=\"Your message\" name=\"message\"><\/textarea><\/span>\n\t\t\t\t<\/p>\n\t\t\t<\/div>\n\t\t<\/div>\n\t<\/div>\n<span class=\"wpcf7-form-control-wrap recaptcha\" data-name=\"recaptcha\"><span data-sitekey=\"6Lfu8LgUAAAAAKS4SgKFcJ9lLJ4LBkB-hBtgLBRY\" data-theme=\"dark\" class=\"wpcf7-form-control wpcf7-recaptcha g-recaptcha\"><\/span>\r\n<noscript>\r\n\t<div class=\"grecaptcha-noscript\">\r\n\t\t<iframe src=\"https:\/\/www.google.com\/recaptcha\/api\/fallback?k=6Lfu8LgUAAAAAKS4SgKFcJ9lLJ4LBkB-hBtgLBRY\" frameborder=\"0\" scrolling=\"no\" width=\"310\" height=\"430\">\r\n\t\t<\/iframe>\r\n\t\t<textarea name=\"g-recaptcha-response\" rows=\"3\" cols=\"40\" placeholder=\"reCaptcha Response Here\">\r\n\t\t<\/textarea>\r\n\t<\/div>\r\n<\/noscript>\r\n<\/span>\n\t<div class=\"row\">\n\t\t<div class=\"col-xs-12 col-sm-12 tm-book-submitbt\">\n\t\t\t<p><input class=\"wpcf7-form-control wpcf7-submit has-spinner tm-vc_general tm-vc_btn3 tm-vc_btn3-style-outline tm-vc_btn3-size-md tm-vc_btn3-color-white\" type=\"submit\" value=\"send\" \/>\n\t\t\t<\/p>\n\t\t<\/div>\n\t<\/div>\n<\/div><p style=\"display: none !important;\" class=\"akismet-fields-container\" data-prefix=\"_wpcf7_ak_\"><label>&#916;<textarea name=\"_wpcf7_ak_hp_textarea\" cols=\"45\" rows=\"8\" maxlength=\"100\"><\/textarea><\/label><input type=\"hidden\" id=\"ak_js_1\" name=\"_wpcf7_ak_js\" value=\"116\"\/><script type=\"text\/javascript\">\ndocument.getElementById( \"ak_js_1\" ).setAttribute( \"value\", ( new Date() ).getTime() );\n<\/script>\n<\/p><div class=\"wpcf7-response-output\" aria-hidden=\"true\"><\/div>\n<input type=\"hidden\" name=\"trp-form-language\" value=\"en\"\/><\/form>\n<\/div>\n\t\t<\/div>\n\t<\/div>\n<\/div>\n\n\n<div class=\"wpb_column tm-column-inner vc_column_container vc_col-sm-2 tm-zindex-0\">\n\t<div class=\"vc_column-inner\">\n\t\t \n\t\t<div class=\"wpb_wrapper\">\n\t\t\t\t\t<\/div>\n\t<\/div>\n<\/div>\n\n<\/div>\n\n\t\t<\/div>\n\t<\/div>\n<\/div>\n\n\n\n\n\n<div class=\"padding-leftright-0px-1200 wpb_column tm-column vc_column_container vc_col-sm-3 vc_hidden-md vc_hidden-sm vc_hidden-xs tm-zindex-0\">\n\t<div class=\"vc_column-inner  tm-textcolor-white\">\n\t\t\t\t<div class=\"wpb_wrapper\">\n\t\t\t\n<div class=\"tm-row-inner vc_row wpb_row vc_inner vc_row-fluid tm-bgcolor-skincolor vc_custom_1537249764850 tm-responsive-custom-53547819 tm-zindex-0\">\n\t\n<div class=\"wpb_column tm-column-inner vc_column_container vc_col-sm-12 tm-zindex-0\">\n\t<div class=\"vc_column-inner\">\n\t\t \n\t\t<div class=\"wpb_wrapper\">\n\t\t\t<h2 style=\"text-align:left;\" class=\"tm-custom-heading vc_custom_1558950202789\" >We are here for you<\/h2>\n<div class=\"tm-sbox tm-sbox-iconalign-left-spacing none tm-sbox-bgcolor-transparent tm-bgcolor-transparent tm-sbox-textcolor- tm-textcolor- tm-sbox-isize-md tm-sbox-isize-md tm-sbox-istyle-none vc_custom_1677320633603 tm-sbox-both-headings ttm-sbox-iconpadding-0px\"><section class=\"tm-vc_cta3-container\"><div class=\"tm-vc_general tm-vc_cta3 tm-vc_cta3-align-left tm-vc_cta3-icon-size-md tm-vc_cta3-icons-left tm-vc_cta3-actions-no\"><div class=\"tm-vc_cta3-icons tm-wrap-cell\"><div class=\"tm-vc_icon_element tm-vc_icon_element-outer tm-vc_icon_element-align-left\"><div class=\"tm-vc_icon_element-inner  tm-vc_icon_element-color-white tm-vc_icon_element-size-md tm-vc_icon_element-style-none tm-vc_icon_element-background-color-grey\" ><span class=\"tm-vc_icon_element-icon fa fa-phone\" ><\/span><\/div><\/div><\/div><div class=\"tm-vc_cta3_content-container\"><div class=\"tm-vc_cta3-content\"><div class=\"tm-vc_cta3-content-header tm-wrap\"><div class=\"tm-vc_cta3-headers tm-wrap-cell\"><h2 style=\"font-size:22px;line-height:27px;\" class=\"tm-custom-heading\" >Phone<\/h2>\n<h4 style=\"font-size:16px;line-height:22px;\" class=\"tm-custom-heading\" >+49 2192 9355920<\/h4>\n<\/div><\/div><\/div><div class=\"tm-cta3-desc-btn-wrapper\"><div class=\"tm-cta3-description\"><\/div><\/div><\/div><\/div><\/section><\/div><div class=\"tm-sbox tm-sbox-iconalign-left-spacing none tm-sbox-bgcolor-transparent tm-bgcolor-transparent tm-sbox-textcolor- tm-textcolor- tm-sbox-isize-md tm-sbox-isize-md tm-sbox-istyle-none vc_custom_1564403224110 tm-sbox-both-headings ttm-sbox-iconpadding-0px\"><section class=\"tm-vc_cta3-container\"><div class=\"tm-vc_general tm-vc_cta3 tm-vc_cta3-align-left tm-vc_cta3-icon-size-md tm-vc_cta3-icons-left tm-vc_cta3-actions-no\"><div class=\"tm-vc_cta3-icons tm-wrap-cell\"><div class=\"tm-vc_icon_element tm-vc_icon_element-outer tm-vc_icon_element-align-left\"><div class=\"tm-vc_icon_element-inner  tm-vc_icon_element-color-white tm-vc_icon_element-size-md tm-vc_icon_element-style-none tm-vc_icon_element-background-color-grey\" ><span class=\"tm-vc_icon_element-icon themifyicon ti-mobile\" ><\/span><\/div><\/div><\/div><div class=\"tm-vc_cta3_content-container\"><div class=\"tm-vc_cta3-content\"><div class=\"tm-vc_cta3-content-header tm-wrap\"><div class=\"tm-vc_cta3-headers tm-wrap-cell\"><h2 style=\"font-size:22px;line-height:27px;\" class=\"tm-custom-heading\" >Mobile<\/h2>\n<h4 style=\"font-size:16px;line-height:22px;\" class=\"tm-custom-heading\" >+49 172 8635791<\/h4>\n<\/div><\/div><\/div><div class=\"tm-cta3-desc-btn-wrapper\"><div class=\"tm-cta3-description\"><\/div><\/div><\/div><\/div><\/section><\/div><div class=\"tm-sbox tm-sbox-iconalign-left-spacing none tm-sbox-bgcolor-transparent tm-bgcolor-transparent tm-sbox-textcolor- tm-textcolor- tm-sbox-isize-md tm-sbox-isize-md tm-sbox-istyle-none vc_custom_1711897591592 tm-sbox-both-headings ttm-sbox-iconpadding-0px\"><section class=\"tm-vc_cta3-container\"><div class=\"tm-vc_general tm-vc_cta3 tm-vc_cta3-align-left tm-vc_cta3-icon-size-md tm-vc_cta3-icons-left tm-vc_cta3-actions-no\"><div class=\"tm-vc_cta3-icons tm-wrap-cell\"><div class=\"tm-vc_icon_element tm-vc_icon_element-outer tm-vc_icon_element-align-left\"><div class=\"tm-vc_icon_element-inner  tm-vc_icon_element-color-white tm-vc_icon_element-size-md tm-vc_icon_element-style-none tm-vc_icon_element-background-color-grey\" ><span class=\"tm-vc_icon_element-icon themifyicon ti-email\" ><\/span><\/div><\/div><\/div><div class=\"tm-vc_cta3_content-container\"><div class=\"tm-vc_cta3-content\"><div class=\"tm-vc_cta3-content-header tm-wrap\"><div class=\"tm-vc_cta3-headers tm-wrap-cell\"><h2 style=\"font-size:22px;line-height:27px;\" class=\"tm-custom-heading\" >Email<\/h2>\n<h4 style=\"font-size:16px;line-height:22px;\" class=\"tm-custom-heading\" >m.radermacher@nozzlenizer.de<\/h4>\n<\/div><\/div><\/div><div class=\"tm-cta3-desc-btn-wrapper\"><div class=\"tm-cta3-description\"><\/div><\/div><\/div><\/div><\/section><\/div><div class=\"tm-sbox tm-sbox-iconalign-left-spacing none tm-sbox-bgcolor-transparent tm-bgcolor-transparent tm-sbox-textcolor- tm-textcolor- tm-sbox-isize-md tm-sbox-isize-md tm-sbox-istyle-none vc_custom_1677320674036 tm-sbox-both-headings ttm-sbox-iconpadding-0px\"><section class=\"tm-vc_cta3-container\"><div class=\"tm-vc_general tm-vc_cta3 tm-vc_cta3-align-left tm-vc_cta3-icon-size-md tm-vc_cta3-icons-left tm-vc_cta3-actions-no\"><div class=\"tm-vc_cta3-icons tm-wrap-cell\"><div class=\"tm-vc_icon_element tm-vc_icon_element-outer tm-vc_icon_element-align-left\"><div class=\"tm-vc_icon_element-inner  tm-vc_icon_element-color-white tm-vc_icon_element-size-md tm-vc_icon_element-style-none tm-vc_icon_element-background-color-grey\" ><span class=\"tm-vc_icon_element-icon themifyicon ti-location-pin\" ><\/span><\/div><\/div><\/div><div class=\"tm-vc_cta3_content-container\"><div class=\"tm-vc_cta3-content\"><div class=\"tm-vc_cta3-content-header tm-wrap\"><div class=\"tm-vc_cta3-headers tm-wrap-cell\"><h2 style=\"font-size:22px;line-height:27px;\" class=\"tm-custom-heading\" >Address<\/h2>\n<h4 style=\"font-size:16px;line-height:22px;\" class=\"tm-custom-heading\" >Bockhackerstr. 3 | D-42499 H\u00fcckeswagen<\/h4>\n<\/div><\/div><\/div><div class=\"tm-cta3-desc-btn-wrapper\"><div class=\"tm-cta3-description\"><\/div><\/div><\/div><\/div><\/section><\/div>\t\t<\/div>\n\t<\/div>\n<\/div>\n\n<\/div>\n\n\t\t<\/div>\n\t<\/div>\n<\/div>\n\n\n\n\t\t\n\t <\/div> <\/div>\n\n\n<div class=\"vc_row-full-width vc_clearfix\"><\/div>\n\n\n\n\n\n<\/div>","protected":false},"excerpt":{"rendered":"Senden Sie unseine Nachricht Bitte f\u00fcllen Sie das Formular aus, unsere Experten setzen sich kurzfrstig mit Ihnen in Verbindung. &#916; Wir sind f\u00fcr Sie da! Telefon +49 2192 9355920 Mobil +49 172 8635791 Email m.radermacher@nozzlenizer.de Anschrift Bockhackerstr. 3 | D-42499 H\u00fcckeswagen","protected":false},"author":1,"featured_media":4047,"parent":0,"menu_order":10,"comment_status":"closed","ping_status":"closed","template":"","meta":[],"yoast_head":"<!-- This site is optimized with the Yoast SEO plugin v21.8.1 - https:\/\/yoast.com\/wordpress\/plugins\/seo\/ -->\n<title>Kontakt - Nozzlenizer - der D\u00fcsenprofi<\/title>\n<meta name=\"description\" content=\"Kontakt \u2013 Fa. Nozzlenizer GmbH \u2013 Bockhackerstrasse 3 \u2013 42499 H\u00fcckeswagen \u2013 Tel. : 02192 \/ 9355920 \u2013 E-Mail: m.radermacher@nozzlenizer.de\" \/>\n<meta name=\"robots\" content=\"index, follow, max-snippet:-1, max-image-preview:large, max-video-preview:-1\" \/>\n<link rel=\"canonical\" href=\"https:\/\/www.nozzlenizer.de\/en\/kontakt\/\" \/>\n<meta property=\"og:locale\" content=\"en_GB\" \/>\n<meta property=\"og:type\" content=\"article\" \/>\n<meta property=\"og:title\" content=\"Kontakt - Nozzlenizer - der D\u00fcsenprofi\" \/>\n<meta property=\"og:description\" content=\"Kontakt \u2013 Fa. Nozzlenizer GmbH \u2013 Bockhackerstrasse 3 \u2013 42499 H\u00fcckeswagen \u2013 Tel. : 02192 \/ 9355920 \u2013 E-Mail: m.radermacher@nozzlenizer.de\" \/>\n<meta property=\"og:url\" content=\"https:\/\/www.nozzlenizer.de\/en\/kontakt\/\" \/>\n<meta property=\"og:site_name\" content=\"Nozzlenizer - der D\u00fcsenprofi\" \/>\n<meta property=\"article:modified_time\" content=\"2024-03-31T15:33:57+00:00\" \/>\n<meta property=\"og:image\" content=\"https:\/\/www.nozzlenizer.de\/wp-content\/uploads\/2023\/08\/contact.jpg\" \/>\n\t<meta property=\"og:image:width\" content=\"621\" \/>\n\t<meta property=\"og:image:height\" content=\"600\" \/>\n\t<meta property=\"og:image:type\" content=\"image\/jpeg\" \/>\n<meta name=\"twitter:card\" content=\"summary_large_image\" \/>\n<meta name=\"twitter:label1\" content=\"Estimated reading time\" \/>\n\t<meta name=\"twitter:data1\" content=\"2 minutes\" \/>\n<script type=\"application\/ld+json\" class=\"yoast-schema-graph\">{\"@context\":\"https:\/\/schema.org\",\"@graph\":[{\"@type\":\"WebPage\",\"@id\":\"https:\/\/www.nozzlenizer.de\/kontakt\/\",\"url\":\"https:\/\/www.nozzlenizer.de\/kontakt\/\",\"name\":\"Kontakt - Nozzlenizer - der D\u00fcsenprofi\",\"isPartOf\":{\"@id\":\"https:\/\/www.nozzlenizer.de\/#website\"},\"datePublished\":\"2018-06-07T05:42:03+00:00\",\"dateModified\":\"2024-03-31T15:33:57+00:00\",\"description\":\"Kontakt \u2013 Fa. Nozzlenizer GmbH \u2013 Bockhackerstrasse 3 \u2013 42499 H\u00fcckeswagen \u2013 Tel. : 02192 \/ 9355920 \u2013 E-Mail: m.radermacher@nozzlenizer.de\",\"breadcrumb\":{\"@id\":\"https:\/\/www.nozzlenizer.de\/kontakt\/#breadcrumb\"},\"inLanguage\":\"en-GB\",\"potentialAction\":[{\"@type\":\"ReadAction\",\"target\":[\"https:\/\/www.nozzlenizer.de\/kontakt\/\"]}]},{\"@type\":\"BreadcrumbList\",\"@id\":\"https:\/\/www.nozzlenizer.de\/kontakt\/#breadcrumb\",\"itemListElement\":[{\"@type\":\"ListItem\",\"position\":1,\"name\":\"Startseite\",\"item\":\"https:\/\/www.nozzlenizer.de\/\"},{\"@type\":\"ListItem\",\"position\":2,\"name\":\"Kontakt\"}]},{\"@type\":\"WebSite\",\"@id\":\"https:\/\/www.nozzlenizer.de\/#website\",\"url\":\"https:\/\/www.nozzlenizer.de\/\",\"name\":\"Nozzlenizer - der D\u00fcsenprofi\",\"description\":\"D\u00fcsen f\u00fcr optimierte K\u00fchlmittelzuf\u00fchrung von Werkzeugmaschinen\",\"potentialAction\":[{\"@type\":\"SearchAction\",\"target\":{\"@type\":\"EntryPoint\",\"urlTemplate\":\"https:\/\/www.nozzlenizer.de\/?s={search_term_string}\"},\"query-input\":\"required name=search_term_string\"}],\"inLanguage\":\"en-GB\"}]}<\/script>\n<!-- \/ Yoast SEO plugin. -->","yoast_head_json":{"title":"Kontakt - Nozzlenizer - der D\u00fcsenprofi","description":"Kontakt \u2013 Fa. Nozzlenizer GmbH \u2013 Bockhackerstrasse 3 \u2013 42499 H\u00fcckeswagen \u2013 Tel. : 02192 \/ 9355920 \u2013 E-Mail: m.radermacher@nozzlenizer.de","robots":{"index":"index","follow":"follow","max-snippet":"max-snippet:-1","max-image-preview":"max-image-preview:large","max-video-preview":"max-video-preview:-1"},"canonical":"https:\/\/www.nozzlenizer.de\/en\/kontakt\/","og_locale":"en_GB","og_type":"article","og_title":"Kontakt - Nozzlenizer - der D\u00fcsenprofi","og_description":"Kontakt \u2013 Fa. Nozzlenizer GmbH \u2013 Bockhackerstrasse 3 \u2013 42499 H\u00fcckeswagen \u2013 Tel. : 02192 \/ 9355920 \u2013 E-Mail: m.radermacher@nozzlenizer.de","og_url":"https:\/\/www.nozzlenizer.de\/en\/kontakt\/","og_site_name":"Nozzlenizer - der D\u00fcsenprofi","article_modified_time":"2024-03-31T15:33:57+00:00","og_image":[{"width":621,"height":600,"url":"https:\/\/www.nozzlenizer.de\/wp-content\/uploads\/2023\/08\/contact.jpg","type":"image\/jpeg"}],"twitter_card":"summary_large_image","twitter_misc":{"Estimated reading time":"2 minutes"},"schema":{"@context":"https:\/\/schema.org","@graph":[{"@type":"WebPage","@id":"https:\/\/www.nozzlenizer.de\/kontakt\/","url":"https:\/\/www.nozzlenizer.de\/kontakt\/","name":"Kontakt - Nozzlenizer - der D\u00fcsenprofi","isPartOf":{"@id":"https:\/\/www.nozzlenizer.de\/#website"},"datePublished":"2018-06-07T05:42:03+00:00","dateModified":"2024-03-31T15:33:57+00:00","description":"Kontakt \u2013 Fa. Nozzlenizer GmbH \u2013 Bockhackerstrasse 3 \u2013 42499 H\u00fcckeswagen \u2013 Tel. : 02192 \/ 9355920 \u2013 E-Mail: m.radermacher@nozzlenizer.de","breadcrumb":{"@id":"https:\/\/www.nozzlenizer.de\/kontakt\/#breadcrumb"},"inLanguage":"en-GB","potentialAction":[{"@type":"ReadAction","target":["https:\/\/www.nozzlenizer.de\/kontakt\/"]}]},{"@type":"BreadcrumbList","@id":"https:\/\/www.nozzlenizer.de\/kontakt\/#breadcrumb","itemListElement":[{"@type":"ListItem","position":1,"name":"Startseite","item":"https:\/\/www.nozzlenizer.de\/"},{"@type":"ListItem","position":2,"name":"Kontakt"}]},{"@type":"WebSite","@id":"https:\/\/www.nozzlenizer.de\/#website","url":"https:\/\/www.nozzlenizer.de\/","name":"Nozzlenizer - der D\u00fcsenprofi","description":"D\u00fcsen f\u00fcr optimierte K\u00fchlmittelzuf\u00fchrung von Werkzeugmaschinen","potentialAction":[{"@type":"SearchAction","target":{"@type":"EntryPoint","urlTemplate":"https:\/\/www.nozzlenizer.de\/?s={search_term_string}"},"query-input":"required name=search_term_string"}],"inLanguage":"en-GB"}]}},"_links":{"self":[{"href":"https:\/\/www.nozzlenizer.de\/en\/wp-json\/wp\/v2\/pages\/703"}],"collection":[{"href":"https:\/\/www.nozzlenizer.de\/en\/wp-json\/wp\/v2\/pages"}],"about":[{"href":"https:\/\/www.nozzlenizer.de\/en\/wp-json\/wp\/v2\/types\/page"}],"author":[{"embeddable":true,"href":"https:\/\/www.nozzlenizer.de\/en\/wp-json\/wp\/v2\/users\/1"}],"replies":[{"embeddable":true,"href":"https:\/\/www.nozzlenizer.de\/en\/wp-json\/wp\/v2\/comments?post=703"}],"version-history":[{"count":14,"href":"https:\/\/www.nozzlenizer.de\/en\/wp-json\/wp\/v2\/pages\/703\/revisions"}],"predecessor-version":[{"id":4058,"href":"https:\/\/www.nozzlenizer.de\/en\/wp-json\/wp\/v2\/pages\/703\/revisions\/4058"}],"wp:featuredmedia":[{"embeddable":true,"href":"https:\/\/www.nozzlenizer.de\/en\/wp-json\/wp\/v2\/media\/4047"}],"wp:attachment":[{"href":"https:\/\/www.nozzlenizer.de\/en\/wp-json\/wp\/v2\/media?parent=703"}],"curies":[{"name":"wp","href":"https:\/\/api.w.org\/{rel}","templated":true}]}}