{"id":3807,"date":"2019-09-17T15:52:27","date_gmt":"2019-09-17T15:52:27","guid":{"rendered":"https:\/\/www.nozzlenizer.de\/?page_id=3807"},"modified":"2024-03-31T15:30:15","modified_gmt":"2024-03-31T15:30:15","slug":"impressum","status":"publish","type":"page","link":"https:\/\/www.nozzlenizer.de\/en\/impressum\/","title":{"rendered":"Impressum"},"content":{"rendered":"<div class=\"wpb-content-wrapper\"><div class=\"tm-row wpb_row vc_row-fluid vc_custom_1568735947944 tm-zindex-0 vc_row container tm-bgimage-position-center_center\">\n\n\t\t\n\t\t\n\t\t\n\n<div class=\"wpb_column tm-column vc_column_container vc_col-sm-12 tm-zindex-0\">\n\t<div class=\"vc_column-inner\">\n\t\t\t\t<div class=\"wpb_wrapper\">\n\t\t\t<div  class=\"vc_wp_text wpb_content_element\"><div class=\"widget widget_text\">\t\t\t<div class=\"textwidget\"><p><strong>Nozzlenizer GmbH<\/strong><\/p>\n<p>Bockhackerstr. 3<br \/>\nD &#8211; 42499 H\u00fcckeswagen<\/p>\n<p>E-Mail: <a href=\"mailto:matthias.radermacher@nozzlenizer.de\" target=\"_blank\" rel=\"noopener noreferrer\" data-auth=\"NotApplicable\">m.radermacher@<span class=\"markjpal4xxqk\" data-ogsb=\"\" data-ogsc=\"\" data-ogab=\"\" data-ogac=\"\" data-markjs=\"true\">nozzlenizer<\/span>.de<\/a><\/p>\n<p>Internet: <a href=\"https:\/\/www.nozzlenizer.de\/en\/\" target=\"_blank\" rel=\"noopener noreferrer\" data-auth=\"NotApplicable\">http:\/\/www.<span class=\"markjpal4xxqk\" data-ogsb=\"\" data-ogsc=\"\" data-ogab=\"\" data-ogac=\"\" data-markjs=\"true\">nozzlenizer<\/span>.de<\/a><\/p>\n<p>Tel.: +49 (0)2192 \/ 9355920<\/p>\n<p>Mob: +49 (0)172 \/ 8635791<\/p>\n<p>Steuernummer:\u00a0 <b>221\/5753\/3691<\/b><\/p>\n<p>UST-ID Nr. : <strong>DE325067009<\/strong><\/p>\n<p>Sitz: H\u00fcckeswagen<\/p>\n<p>Amtsgericht K\u00f6ln: HRB 99079<\/p>\n<p>Gesch\u00e4ftsf\u00fchrer: Matthias Radermacher<\/p>\n<\/div>\n\t\t<\/div><\/div>\t\t<\/div>\n\t<\/div>\n<\/div>\n\n\n\n\t\t\n\t<\/div>\n\n\n\n\n\n\n\n\n\n\n\n<div class=\"tm-row wpb_row vc_row-fluid vc_custom_1568735963586 tm-zindex-0 vc_row container tm-bgimage-position-center_center\">\n\n\t\t\n\t\t\n\t\t\n\n<div class=\"wpb_column tm-column vc_column_container vc_col-sm-12 tm-zindex-0\">\n\t<div class=\"vc_column-inner\">\n\t\t\t\t<div class=\"wpb_wrapper\">\n\t\t\t<div  class=\"vc_wp_text wpb_content_element\"><div class=\"widget widget_text\">\t\t\t<div class=\"textwidget\"><p>Wir haben unsere Webseite sehr sorgf\u00e4ltig zusammengestellt. Dennoch k\u00f6nnen wir leider f\u00fcr die Richtigkeit und Vollst\u00e4ndigkeit der Angaben keine Haftung \u00fcbernehmen. Das auf diesen Web-Seiten angebotene Material dient lediglich dem Zweck der allgemeinen Information und ersetzt keinesfalls eine gesch\u00e4ftliche, technische oder andere professionelle Beratung. Gew\u00e4hrleistungen jeglicher Art sind ausgeschlossen. Die dargebotenen Informationen k\u00f6nnen Fehler oder Ungenauigkeiten enthalten und k\u00f6nnen sich seit der Ver\u00f6ffentlichung auf diesen Seiten ge\u00e4ndert haben. Wir k\u00f6nnen keine Garantie daf\u00fcr \u00fcbernehmen, dass solche \u00c4nderungen in der vorliegenden Version dieser Seiten bereits ber\u00fccksichtigt sind. F\u00fcr Sch\u00e4den oder Verluste, die durch den Gebrauch dieser Informationen entstehen, \u00fcbernehmen wir keine Haftung.<\/p>\n<p>Diese Seiten enthalten ggf. Links zu Webseiten Dritter, die von Anderen unterhalten werden. Diese Links werden f\u00fcr den gef\u00e4lligen Gebrauch durch den Besucher dieser Website zur Verf\u00fcgung gestellt und stellen weder eine Empfehlung noch eine Billigung des Inhaltes der verlinkten Seiten durch die Nozzlenizer GmbH dar. Die Nozzlenizer GmbH ist nicht f\u00fcr den Inhalt dieser Links bzw. der verlinkten Seiten verantwortlich und steht auch nicht f\u00fcr Korrektheit und Genauigkeit des dort enthaltenen Materials ein. Der Zugriff auf diese Links erfolgt auf eigene Verantwortung des Benutzers<\/p>\n<p>Alle Rechte an dieser Website liegen bei der Nozzlenizer GmbH. Jegliche Vervielf\u00e4ltigung (auch auszugsweise) von Inhalten wie Text- und Bildmaterial bedarf der vorherigen ausdr\u00fccklichen und schriftlichen Genehmigung der Nozzlenizer GmbH. Die auf dieser Website bereitgestellten Informationen und Daten dienen zur Pr\u00e4sentation der von uns angebotenen Produkte und Leistungen. Jegliche andere Verwendung -insbesondere auch f\u00fcr eigene gesch\u00e4ftliche Zwecke- ist untersagt.<\/p>\n<\/div>\n\t\t<\/div><\/div>\t\t<\/div>\n\t<\/div>\n<\/div>\n\n\n\n\t\t\n\t<\/div>\n<\/div>","protected":false},"excerpt":{"rendered":"Nozzlenizer GmbH Bockhackerstr. 3 D - 42499 H\u00fcckeswagen E-Mail: m.radermacher@nozzlenizer.de Internet: http:\/\/www.nozzlenizer.de Tel.: +49 (0)2192 \/ 9355920 Mob: +49 (0)172 \/ 8635791 Steuernummer:\u00a0 221\/5753\/3691 UST-ID Nr. : DE325067009 Sitz: H\u00fcckeswagen Amtsgericht K\u00f6ln: HRB 99079 Gesch\u00e4ftsf\u00fchrer: Matthias Radermacher Wir haben unsere Webseite sehr sorgf\u00e4ltig zusammengestellt. Dennoch k\u00f6nnen wir leider f\u00fcr die Richtigkeit und Vollst\u00e4ndigkeit der Angaben &hellip; <a href=\"https:\/\/www.nozzlenizer.de\/en\/impressum\/\" class=\"more-link\">Continue reading <span class=\"screen-reader-text\">Impressum<\/span><\/a>","protected":false},"author":1,"featured_media":0,"parent":0,"menu_order":0,"comment_status":"closed","ping_status":"closed","template":"","meta":[],"yoast_head":"<!-- This site is optimized with the Yoast SEO plugin v21.8.1 - https:\/\/yoast.com\/wordpress\/plugins\/seo\/ -->\n<title>Impressum - Nozzlenizer - der D\u00fcsenprofi<\/title>\n<meta name=\"description\" content=\"Impressum \u2013 Fa. Nozzlenizer GmbH \u2013 Bockhackerstrasse 3 \u2013 42499 H\u00fcckeswagen \u2013 Tel. : 02192 \/ 9355920 \u2013 E-Mail: info@nozzlenizer.de\" \/>\n<meta name=\"robots\" content=\"index, follow, max-snippet:-1, max-image-preview:large, max-video-preview:-1\" \/>\n<link rel=\"canonical\" href=\"https:\/\/www.nozzlenizer.de\/en\/impressum\/\" \/>\n<meta property=\"og:locale\" content=\"en_GB\" \/>\n<meta property=\"og:type\" content=\"article\" \/>\n<meta property=\"og:title\" content=\"Impressum - Nozzlenizer - der D\u00fcsenprofi\" \/>\n<meta property=\"og:description\" content=\"Impressum \u2013 Fa. Nozzlenizer GmbH \u2013 Bockhackerstrasse 3 \u2013 42499 H\u00fcckeswagen \u2013 Tel. : 02192 \/ 9355920 \u2013 E-Mail: info@nozzlenizer.de\" \/>\n<meta property=\"og:url\" content=\"https:\/\/www.nozzlenizer.de\/en\/impressum\/\" \/>\n<meta property=\"og:site_name\" content=\"Nozzlenizer - der D\u00fcsenprofi\" \/>\n<meta property=\"article:modified_time\" content=\"2024-03-31T15:30:15+00:00\" \/>\n<meta name=\"twitter:card\" content=\"summary_large_image\" \/>\n<meta name=\"twitter:label1\" content=\"Estimated reading time\" \/>\n\t<meta name=\"twitter:data1\" content=\"2 minutes\" \/>\n<script type=\"application\/ld+json\" class=\"yoast-schema-graph\">{\"@context\":\"https:\/\/schema.org\",\"@graph\":[{\"@type\":\"WebPage\",\"@id\":\"https:\/\/www.nozzlenizer.de\/impressum\/\",\"url\":\"https:\/\/www.nozzlenizer.de\/impressum\/\",\"name\":\"Impressum - Nozzlenizer - der D\u00fcsenprofi\",\"isPartOf\":{\"@id\":\"https:\/\/www.nozzlenizer.de\/#website\"},\"datePublished\":\"2019-09-17T15:52:27+00:00\",\"dateModified\":\"2024-03-31T15:30:15+00:00\",\"description\":\"Impressum \u2013 Fa. Nozzlenizer GmbH \u2013 Bockhackerstrasse 3 \u2013 42499 H\u00fcckeswagen \u2013 Tel. : 02192 \/ 9355920 \u2013 E-Mail: info@nozzlenizer.de\",\"breadcrumb\":{\"@id\":\"https:\/\/www.nozzlenizer.de\/impressum\/#breadcrumb\"},\"inLanguage\":\"en-GB\",\"potentialAction\":[{\"@type\":\"ReadAction\",\"target\":[\"https:\/\/www.nozzlenizer.de\/impressum\/\"]}]},{\"@type\":\"BreadcrumbList\",\"@id\":\"https:\/\/www.nozzlenizer.de\/impressum\/#breadcrumb\",\"itemListElement\":[{\"@type\":\"ListItem\",\"position\":1,\"name\":\"Startseite\",\"item\":\"https:\/\/www.nozzlenizer.de\/\"},{\"@type\":\"ListItem\",\"position\":2,\"name\":\"Impressum\"}]},{\"@type\":\"WebSite\",\"@id\":\"https:\/\/www.nozzlenizer.de\/#website\",\"url\":\"https:\/\/www.nozzlenizer.de\/\",\"name\":\"Nozzlenizer - der D\u00fcsenprofi\",\"description\":\"D\u00fcsen f\u00fcr optimierte K\u00fchlmittelzuf\u00fchrung von Werkzeugmaschinen\",\"potentialAction\":[{\"@type\":\"SearchAction\",\"target\":{\"@type\":\"EntryPoint\",\"urlTemplate\":\"https:\/\/www.nozzlenizer.de\/?s={search_term_string}\"},\"query-input\":\"required name=search_term_string\"}],\"inLanguage\":\"en-GB\"}]}<\/script>\n<!-- \/ Yoast SEO plugin. -->","yoast_head_json":{"title":"Impressum - Nozzlenizer - der D\u00fcsenprofi","description":"Impressum \u2013 Fa. Nozzlenizer GmbH \u2013 Bockhackerstrasse 3 \u2013 42499 H\u00fcckeswagen \u2013 Tel. : 02192 \/ 9355920 \u2013 E-Mail: info@nozzlenizer.de","robots":{"index":"index","follow":"follow","max-snippet":"max-snippet:-1","max-image-preview":"max-image-preview:large","max-video-preview":"max-video-preview:-1"},"canonical":"https:\/\/www.nozzlenizer.de\/en\/impressum\/","og_locale":"en_GB","og_type":"article","og_title":"Impressum - Nozzlenizer - der D\u00fcsenprofi","og_description":"Impressum \u2013 Fa. Nozzlenizer GmbH \u2013 Bockhackerstrasse 3 \u2013 42499 H\u00fcckeswagen \u2013 Tel. : 02192 \/ 9355920 \u2013 E-Mail: info@nozzlenizer.de","og_url":"https:\/\/www.nozzlenizer.de\/en\/impressum\/","og_site_name":"Nozzlenizer - der D\u00fcsenprofi","article_modified_time":"2024-03-31T15:30:15+00:00","twitter_card":"summary_large_image","twitter_misc":{"Estimated reading time":"2 minutes"},"schema":{"@context":"https:\/\/schema.org","@graph":[{"@type":"WebPage","@id":"https:\/\/www.nozzlenizer.de\/impressum\/","url":"https:\/\/www.nozzlenizer.de\/impressum\/","name":"Impressum - Nozzlenizer - der D\u00fcsenprofi","isPartOf":{"@id":"https:\/\/www.nozzlenizer.de\/#website"},"datePublished":"2019-09-17T15:52:27+00:00","dateModified":"2024-03-31T15:30:15+00:00","description":"Impressum \u2013 Fa. Nozzlenizer GmbH \u2013 Bockhackerstrasse 3 \u2013 42499 H\u00fcckeswagen \u2013 Tel. : 02192 \/ 9355920 \u2013 E-Mail: info@nozzlenizer.de","breadcrumb":{"@id":"https:\/\/www.nozzlenizer.de\/impressum\/#breadcrumb"},"inLanguage":"en-GB","potentialAction":[{"@type":"ReadAction","target":["https:\/\/www.nozzlenizer.de\/impressum\/"]}]},{"@type":"BreadcrumbList","@id":"https:\/\/www.nozzlenizer.de\/impressum\/#breadcrumb","itemListElement":[{"@type":"ListItem","position":1,"name":"Startseite","item":"https:\/\/www.nozzlenizer.de\/"},{"@type":"ListItem","position":2,"name":"Impressum"}]},{"@type":"WebSite","@id":"https:\/\/www.nozzlenizer.de\/#website","url":"https:\/\/www.nozzlenizer.de\/","name":"Nozzlenizer - der D\u00fcsenprofi","description":"D\u00fcsen f\u00fcr optimierte K\u00fchlmittelzuf\u00fchrung von Werkzeugmaschinen","potentialAction":[{"@type":"SearchAction","target":{"@type":"EntryPoint","urlTemplate":"https:\/\/www.nozzlenizer.de\/?s={search_term_string}"},"query-input":"required name=search_term_string"}],"inLanguage":"en-GB"}]}},"_links":{"self":[{"href":"https:\/\/www.nozzlenizer.de\/en\/wp-json\/wp\/v2\/pages\/3807"}],"collection":[{"href":"https:\/\/www.nozzlenizer.de\/en\/wp-json\/wp\/v2\/pages"}],"about":[{"href":"https:\/\/www.nozzlenizer.de\/en\/wp-json\/wp\/v2\/types\/page"}],"author":[{"embeddable":true,"href":"https:\/\/www.nozzlenizer.de\/en\/wp-json\/wp\/v2\/users\/1"}],"replies":[{"embeddable":true,"href":"https:\/\/www.nozzlenizer.de\/en\/wp-json\/wp\/v2\/comments?post=3807"}],"version-history":[{"count":9,"href":"https:\/\/www.nozzlenizer.de\/en\/wp-json\/wp\/v2\/pages\/3807\/revisions"}],"predecessor-version":[{"id":4057,"href":"https:\/\/www.nozzlenizer.de\/en\/wp-json\/wp\/v2\/pages\/3807\/revisions\/4057"}],"wp:attachment":[{"href":"https:\/\/www.nozzlenizer.de\/en\/wp-json\/wp\/v2\/media?parent=3807"}],"curies":[{"name":"wp","href":"https:\/\/api.w.org\/{rel}","templated":true}]}}