{"id":3730,"date":"2019-07-30T06:52:50","date_gmt":"2019-07-30T06:52:50","guid":{"rendered":"https:\/\/www.nozzlenizer.de\/?page_id=3730"},"modified":"2023-08-06T10:37:07","modified_gmt":"2023-08-06T10:37:07","slug":"service-beratung","status":"publish","type":"page","link":"https:\/\/www.nozzlenizer.de\/en\/service-beratung\/","title":{"rendered":"Service &amp; Consulting"},"content":{"rendered":"<div class=\"wpb-content-wrapper\">\n\n\n\n<div class=\"tm-row wpb_row vc_row-fluid tm-zindex-0 vc_row container tm-bgimage-position-center_center\">\n\n\t\t\n\t\t\n\t\t\n\n<div class=\"wpb_column tm-column vc_column_container vc_col-sm-12 tm-zindex-0\">\n\t<div class=\"vc_column-inner\">\n\t\t\t\t<div class=\"wpb_wrapper\">\n\t\t\t<div class=\"tm-element-heading-wrapper tm-heading-inner tm-element-align-left tm-seperator-solid tm-heading-style-horizontal\"><section class=\"tm-vc_cta3-container\"><div class=\"tm-vc_general tm-vc_cta3 tm-cta3-only tm-vc_cta3-style-classic tm-vc_cta3-shape-rounded tm-vc_cta3-align-left tm-vc_cta3-color-transparent tm-vc_cta3-icon-size-md tm-vc_cta3-actions-no tm-cta3-with-desc\"><div class=\"tm-vc_cta3_content-container\"><div class=\"tm-vc_cta3-content\"><header class=\"tm-vc_cta3-content-header tm-wrap\"><div class=\"tm-vc_cta3-headers tm-wrap-cell\"><h4 class=\"tm-custom-heading\" >Optimized resource use by<\/h4>\n<h2 class=\"tm-custom-heading\" >Lean Management<\/h2>\n<\/div><div class=\"heading-seperator\"><span><\/span><\/div><\/header><div class=\"tm-cta3-content-wrapper\"><p>Corporations world wide transition more and more to continuously monitoring all of their business processes. Based on the core principles of \u201cIndustry 4.0\u201d and \u201cLean Management\u201d the goal is to continuously improve and maximize the allocation of resources in order to boost overall productivity and efficiency in order to ensure long term growth of the company. \u00a0Long life expectancy for all components and stable processes which are always in control are key success factors in reaching this goal.<\/p>\n<p>Within this context ecological thinking and acting are no longer contradictory to each other but instead go along hand in hand. Consequently, synergy effects can be generated which at the end of the day allow for a healthy balance between both sustainability and cost savings. \u2028<\/p>\n<p>Would you like to know more? Rely on Nozzlenizer\u2019s competencies and consulting capabilities in the areas of unsurpassed grinding process efficiencies and optimized coolant supply!<\/p><\/div><\/div><\/div><\/div><\/section><\/div> <!-- .tm-element-heading-wrapper container --> \t\t<\/div>\n\t<\/div>\n<\/div>\n\n\n\n\t\t\n\t<\/div>\n\n\n\n\n\n\n\n\n<\/div>","protected":false},"excerpt":{"rendered":"Ressourceneinsatz optimieren durch Lean Management Unternehmen gehen vermehrt dazu \u00fcber, ihre Gesch\u00e4ftsprozesse kontinuierlich auf den Pr\u00fcfstand zu stellen. Basierend auf den Prinzipen von Industrie 4.0 und des Lean Managements wird das Ziel verfolgt, den Ressourceneinsatz zu verbessern, um die Leistungsf\u00e4higkeit und Effizienz insgesamt zu steigern, sodass weiteres Wachstum auch in Zukunft gesichert ist. Hohe Standzeiten &hellip; <a href=\"https:\/\/www.nozzlenizer.de\/en\/service-beratung\/\" class=\"more-link\">Continue reading <span class=\"screen-reader-text\">Service &amp; Consulting<\/span><\/a>","protected":false},"author":1,"featured_media":4045,"parent":0,"menu_order":0,"comment_status":"closed","ping_status":"closed","template":"","meta":[],"yoast_head":"<!-- This site is optimized with the Yoast SEO plugin v21.8.1 - https:\/\/yoast.com\/wordpress\/plugins\/seo\/ -->\n<title>Service &amp; Beratung - Nozzlenizer - der D\u00fcsenprofi<\/title>\n<meta name=\"description\" content=\"Service und Beratung \u2013 Unser Ziel ist ein optimierter Ressourceneinsatz durch Lean Management. Erfahren Sie hier mehr dazu.\" \/>\n<meta name=\"robots\" content=\"index, follow, max-snippet:-1, max-image-preview:large, max-video-preview:-1\" \/>\n<link rel=\"canonical\" href=\"https:\/\/www.nozzlenizer.de\/en\/service-beratung\/\" \/>\n<meta property=\"og:locale\" content=\"en_GB\" \/>\n<meta property=\"og:type\" content=\"article\" \/>\n<meta property=\"og:title\" content=\"Service &amp; Beratung - Nozzlenizer - der D\u00fcsenprofi\" \/>\n<meta property=\"og:description\" content=\"Service und Beratung \u2013 Unser Ziel ist ein optimierter Ressourceneinsatz durch Lean Management. Erfahren Sie hier mehr dazu.\" \/>\n<meta property=\"og:url\" content=\"https:\/\/www.nozzlenizer.de\/en\/service-beratung\/\" \/>\n<meta property=\"og:site_name\" content=\"Nozzlenizer - der D\u00fcsenprofi\" \/>\n<meta property=\"article:modified_time\" content=\"2023-08-06T10:37:07+00:00\" \/>\n<meta property=\"og:image\" content=\"https:\/\/www.nozzlenizer.de\/wp-content\/uploads\/2023\/08\/scott-graham-5fNmWej4tAA-unsplash.jpg\" \/>\n\t<meta property=\"og:image:width\" content=\"640\" \/>\n\t<meta property=\"og:image:height\" content=\"427\" \/>\n\t<meta property=\"og:image:type\" content=\"image\/jpeg\" \/>\n<meta name=\"twitter:card\" content=\"summary_large_image\" \/>\n<meta name=\"twitter:label1\" content=\"Estimated reading time\" \/>\n\t<meta name=\"twitter:data1\" content=\"1 minute\" \/>\n<script type=\"application\/ld+json\" class=\"yoast-schema-graph\">{\"@context\":\"https:\/\/schema.org\",\"@graph\":[{\"@type\":\"WebPage\",\"@id\":\"https:\/\/www.nozzlenizer.de\/service-beratung\/\",\"url\":\"https:\/\/www.nozzlenizer.de\/service-beratung\/\",\"name\":\"Service & Beratung - Nozzlenizer - der D\u00fcsenprofi\",\"isPartOf\":{\"@id\":\"https:\/\/www.nozzlenizer.de\/#website\"},\"datePublished\":\"2019-07-30T06:52:50+00:00\",\"dateModified\":\"2023-08-06T10:37:07+00:00\",\"description\":\"Service und Beratung \u2013 Unser Ziel ist ein optimierter Ressourceneinsatz durch Lean Management. Erfahren Sie hier mehr dazu.\",\"breadcrumb\":{\"@id\":\"https:\/\/www.nozzlenizer.de\/service-beratung\/#breadcrumb\"},\"inLanguage\":\"en-GB\",\"potentialAction\":[{\"@type\":\"ReadAction\",\"target\":[\"https:\/\/www.nozzlenizer.de\/service-beratung\/\"]}]},{\"@type\":\"BreadcrumbList\",\"@id\":\"https:\/\/www.nozzlenizer.de\/service-beratung\/#breadcrumb\",\"itemListElement\":[{\"@type\":\"ListItem\",\"position\":1,\"name\":\"Startseite\",\"item\":\"https:\/\/www.nozzlenizer.de\/\"},{\"@type\":\"ListItem\",\"position\":2,\"name\":\"Service &#038; Beratung\"}]},{\"@type\":\"WebSite\",\"@id\":\"https:\/\/www.nozzlenizer.de\/#website\",\"url\":\"https:\/\/www.nozzlenizer.de\/\",\"name\":\"Nozzlenizer - der D\u00fcsenprofi\",\"description\":\"D\u00fcsen f\u00fcr optimierte K\u00fchlmittelzuf\u00fchrung von Werkzeugmaschinen\",\"potentialAction\":[{\"@type\":\"SearchAction\",\"target\":{\"@type\":\"EntryPoint\",\"urlTemplate\":\"https:\/\/www.nozzlenizer.de\/?s={search_term_string}\"},\"query-input\":\"required name=search_term_string\"}],\"inLanguage\":\"en-GB\"}]}<\/script>\n<!-- \/ Yoast SEO plugin. -->","yoast_head_json":{"title":"Service & Beratung - Nozzlenizer - der D\u00fcsenprofi","description":"Service und Beratung \u2013 Unser Ziel ist ein optimierter Ressourceneinsatz durch Lean Management. Erfahren Sie hier mehr dazu.","robots":{"index":"index","follow":"follow","max-snippet":"max-snippet:-1","max-image-preview":"max-image-preview:large","max-video-preview":"max-video-preview:-1"},"canonical":"https:\/\/www.nozzlenizer.de\/en\/service-beratung\/","og_locale":"en_GB","og_type":"article","og_title":"Service & Beratung - Nozzlenizer - der D\u00fcsenprofi","og_description":"Service und Beratung \u2013 Unser Ziel ist ein optimierter Ressourceneinsatz durch Lean Management. Erfahren Sie hier mehr dazu.","og_url":"https:\/\/www.nozzlenizer.de\/en\/service-beratung\/","og_site_name":"Nozzlenizer - der D\u00fcsenprofi","article_modified_time":"2023-08-06T10:37:07+00:00","og_image":[{"width":640,"height":427,"url":"https:\/\/www.nozzlenizer.de\/wp-content\/uploads\/2023\/08\/scott-graham-5fNmWej4tAA-unsplash.jpg","type":"image\/jpeg"}],"twitter_card":"summary_large_image","twitter_misc":{"Estimated reading time":"1 minute"},"schema":{"@context":"https:\/\/schema.org","@graph":[{"@type":"WebPage","@id":"https:\/\/www.nozzlenizer.de\/service-beratung\/","url":"https:\/\/www.nozzlenizer.de\/service-beratung\/","name":"Service & Beratung - Nozzlenizer - der D\u00fcsenprofi","isPartOf":{"@id":"https:\/\/www.nozzlenizer.de\/#website"},"datePublished":"2019-07-30T06:52:50+00:00","dateModified":"2023-08-06T10:37:07+00:00","description":"Service und Beratung \u2013 Unser Ziel ist ein optimierter Ressourceneinsatz durch Lean Management. Erfahren Sie hier mehr dazu.","breadcrumb":{"@id":"https:\/\/www.nozzlenizer.de\/service-beratung\/#breadcrumb"},"inLanguage":"en-GB","potentialAction":[{"@type":"ReadAction","target":["https:\/\/www.nozzlenizer.de\/service-beratung\/"]}]},{"@type":"BreadcrumbList","@id":"https:\/\/www.nozzlenizer.de\/service-beratung\/#breadcrumb","itemListElement":[{"@type":"ListItem","position":1,"name":"Startseite","item":"https:\/\/www.nozzlenizer.de\/"},{"@type":"ListItem","position":2,"name":"Service &#038; Beratung"}]},{"@type":"WebSite","@id":"https:\/\/www.nozzlenizer.de\/#website","url":"https:\/\/www.nozzlenizer.de\/","name":"Nozzlenizer - der D\u00fcsenprofi","description":"D\u00fcsen f\u00fcr optimierte K\u00fchlmittelzuf\u00fchrung von Werkzeugmaschinen","potentialAction":[{"@type":"SearchAction","target":{"@type":"EntryPoint","urlTemplate":"https:\/\/www.nozzlenizer.de\/?s={search_term_string}"},"query-input":"required name=search_term_string"}],"inLanguage":"en-GB"}]}},"_links":{"self":[{"href":"https:\/\/www.nozzlenizer.de\/en\/wp-json\/wp\/v2\/pages\/3730"}],"collection":[{"href":"https:\/\/www.nozzlenizer.de\/en\/wp-json\/wp\/v2\/pages"}],"about":[{"href":"https:\/\/www.nozzlenizer.de\/en\/wp-json\/wp\/v2\/types\/page"}],"author":[{"embeddable":true,"href":"https:\/\/www.nozzlenizer.de\/en\/wp-json\/wp\/v2\/users\/1"}],"replies":[{"embeddable":true,"href":"https:\/\/www.nozzlenizer.de\/en\/wp-json\/wp\/v2\/comments?post=3730"}],"version-history":[{"count":3,"href":"https:\/\/www.nozzlenizer.de\/en\/wp-json\/wp\/v2\/pages\/3730\/revisions"}],"predecessor-version":[{"id":3732,"href":"https:\/\/www.nozzlenizer.de\/en\/wp-json\/wp\/v2\/pages\/3730\/revisions\/3732"}],"wp:featuredmedia":[{"embeddable":true,"href":"https:\/\/www.nozzlenizer.de\/en\/wp-json\/wp\/v2\/media\/4045"}],"wp:attachment":[{"href":"https:\/\/www.nozzlenizer.de\/en\/wp-json\/wp\/v2\/media?parent=3730"}],"curies":[{"name":"wp","href":"https:\/\/api.w.org\/{rel}","templated":true}]}}