{"id":3724,"date":"2019-07-30T06:31:09","date_gmt":"2019-07-30T06:31:09","guid":{"rendered":"https:\/\/www.nozzlenizer.de\/?page_id=3724"},"modified":"2023-08-06T10:28:32","modified_gmt":"2023-08-06T10:28:32","slug":"sonderanwendungen","status":"publish","type":"page","link":"https:\/\/www.nozzlenizer.de\/en\/kuehlmittelduesen\/sonderanwendungen\/","title":{"rendered":"Special Applications"},"content":{"rendered":"<div class=\"wpb-content-wrapper\">\n\n\n\n<div class=\"tm-row wpb_row vc_row-fluid tm-zindex-0 vc_row container tm-bgimage-position-center_center\">\n\n\t\t\n\t\t\n\t\t\n\n<div class=\"wpb_column tm-column vc_column_container vc_col-sm-6 tm-zindex-0\">\n\t<div class=\"vc_column-inner\">\n\t\t\t\t<div class=\"wpb_wrapper\">\n\t\t\t<div class=\"tm-element-heading-wrapper tm-heading-inner tm-element-align-left tm-seperator-solid tm-heading-style-vertical\"><section class=\"tm-vc_cta3-container\"><div class=\"tm-vc_general tm-vc_cta3 tm-cta3-only tm-vc_cta3-style-classic tm-vc_cta3-shape-rounded tm-vc_cta3-align-left tm-vc_cta3-color-transparent tm-vc_cta3-icon-size-md tm-vc_cta3-actions-no tm-cta3-without-desc\"><div class=\"tm-vc_cta3_content-container\"><div class=\"tm-vc_cta3-content\"><header class=\"tm-vc_cta3-content-header tm-wrap\"><div class=\"tm-vc_cta3-headers tm-wrap-cell\"><h4 class=\"tm-custom-heading\" >Modules guarantee<\/h4>\n<h2 class=\"tm-custom-heading\" >A High Degree of Flexibility<\/h2>\n<\/div><div class=\"heading-seperator\"><span><\/span><\/div><\/header><\/div><\/div><\/div><\/section><\/div> <!-- .tm-element-heading-wrapper container --> \t\t<\/div>\n\t<\/div>\n<\/div>\n\n\n\n\n\n<div class=\"wpb_column tm-column vc_column_container vc_col-sm-6 tm-zindex-0\">\n\t<div class=\"vc_column-inner\">\n\t\t\t\t<div class=\"wpb_wrapper\">\n\t\t\t\n\t<div  class=\"wpb_single_image wpb_content_element vc_align_left\">\n\t\t\n\t\t<figure class=\"wpb_wrapper vc_figure\">\n\t\t\t<div class=\"vc_single_image-wrapper   vc_box_border_grey\"><img width=\"1302\" height=\"797\" src=\"https:\/\/www.nozzlenizer.de\/wp-content\/uploads\/2019\/09\/Sonderanwendungen.jpg\" class=\"vc_single_image-img attachment-full\" alt=\"Sonderanwendungen\" decoding=\"async\" title=\"Special Applications\" srcset=\"https:\/\/www.nozzlenizer.de\/wp-content\/uploads\/2019\/09\/Sonderanwendungen.jpg 1302w, https:\/\/www.nozzlenizer.de\/wp-content\/uploads\/2019\/09\/Sonderanwendungen-300x184.jpg 300w, https:\/\/www.nozzlenizer.de\/wp-content\/uploads\/2019\/09\/Sonderanwendungen-768x470.jpg 768w, https:\/\/www.nozzlenizer.de\/wp-content\/uploads\/2019\/09\/Sonderanwendungen-1024x627.jpg 1024w\" sizes=\"(max-width: 1302px) 100vw, 1302px\" data-id=\"3820\" \/><\/div>\n\t\t<\/figure>\n\t<\/div>\n<div  class=\"vc_wp_text wpb_content_element\"><div class=\"widget widget_text\">\t\t\t<div class=\"textwidget\"><p>With its standardized line of products Nozzlenizer serves almost every application. At the same time, the modular design system allows for a high degree of flexibility in order to address custom applications as well.<\/p>\n<p>We look forward to discussing your specific needs in a personal meeting with you in more detail to determine which options are available for you and how your unique solution can look like.<\/p>\n<p>Based on this philosophy we develop highly sophisticated, customized solutions which deliver both, the desired performance parameters as well as ensure a timely ROI (Return On Investment). \u2028<\/p>\n<\/div>\n\t\t<\/div><\/div>\t\t<\/div>\n\t<\/div>\n<\/div>\n\n\n\n\t\t\n\t<\/div>\n\n\n\n\n\n\n\n\n<\/div>","protected":false},"excerpt":{"rendered":"Module garantieren ein hohes Ma\u00df an Flexibilit\u00e4t Mit standardisierten Produkten bedient Nozzlenizer nahezu jedwedes Einsatzspektrum. Gleichzeitig garantiert der Modulbaukasten ein hohes Ma\u00df an Flexibilit\u00e4t, um auch Anwendungen zu realisieren, die praktisch von der Norm abweichen. Gerne greifen wir in einem pers\u00f6nlichen Gespr\u00e4ch Ihre W\u00fcnsche auf und er\u00f6rtern, welche M\u00f6glichkeiten bestehen und wie umfangreich sich eine &hellip; <a href=\"https:\/\/www.nozzlenizer.de\/en\/kuehlmittelduesen\/sonderanwendungen\/\" class=\"more-link\">Continue reading <span class=\"screen-reader-text\">Special Applications<\/span><\/a>","protected":false},"author":1,"featured_media":3820,"parent":3697,"menu_order":0,"comment_status":"closed","ping_status":"closed","template":"","meta":[],"yoast_head":"<!-- This site is optimized with the Yoast SEO plugin v21.8.1 - https:\/\/yoast.com\/wordpress\/plugins\/seo\/ -->\n<title>Sonderanwendungen - Nozzlenizer - der D\u00fcsenprofi<\/title>\n<meta name=\"description\" content=\"Sonderanwendungen \u2013 Module garantieren ein hohes Ma\u00df an Flexibilit\u00e4t um auch Anwendungen zu realisieren, die von der Norm abweichen.\" \/>\n<meta name=\"robots\" content=\"index, follow, max-snippet:-1, max-image-preview:large, max-video-preview:-1\" \/>\n<link rel=\"canonical\" href=\"https:\/\/www.nozzlenizer.de\/en\/kuehlmittelduesen\/sonderanwendungen\/\" \/>\n<meta property=\"og:locale\" content=\"en_GB\" \/>\n<meta property=\"og:type\" content=\"article\" \/>\n<meta property=\"og:title\" content=\"Sonderanwendungen - Nozzlenizer - der D\u00fcsenprofi\" \/>\n<meta property=\"og:description\" content=\"Sonderanwendungen \u2013 Module garantieren ein hohes Ma\u00df an Flexibilit\u00e4t um auch Anwendungen zu realisieren, die von der Norm abweichen.\" \/>\n<meta property=\"og:url\" content=\"https:\/\/www.nozzlenizer.de\/en\/kuehlmittelduesen\/sonderanwendungen\/\" \/>\n<meta property=\"og:site_name\" content=\"Nozzlenizer - der D\u00fcsenprofi\" \/>\n<meta property=\"article:modified_time\" content=\"2023-08-06T10:28:32+00:00\" \/>\n<meta property=\"og:image\" content=\"https:\/\/www.nozzlenizer.de\/wp-content\/uploads\/2019\/09\/Sonderanwendungen.jpg\" \/>\n\t<meta property=\"og:image:width\" content=\"1302\" \/>\n\t<meta property=\"og:image:height\" content=\"797\" \/>\n\t<meta property=\"og:image:type\" content=\"image\/jpeg\" \/>\n<meta name=\"twitter:card\" content=\"summary_large_image\" \/>\n<meta name=\"twitter:label1\" content=\"Estimated reading time\" \/>\n\t<meta name=\"twitter:data1\" content=\"1 minute\" \/>\n<script type=\"application\/ld+json\" class=\"yoast-schema-graph\">{\"@context\":\"https:\/\/schema.org\",\"@graph\":[{\"@type\":\"WebPage\",\"@id\":\"https:\/\/www.nozzlenizer.de\/kuehlmittelduesen\/sonderanwendungen\/\",\"url\":\"https:\/\/www.nozzlenizer.de\/kuehlmittelduesen\/sonderanwendungen\/\",\"name\":\"Sonderanwendungen - Nozzlenizer - der D\u00fcsenprofi\",\"isPartOf\":{\"@id\":\"https:\/\/www.nozzlenizer.de\/#website\"},\"datePublished\":\"2019-07-30T06:31:09+00:00\",\"dateModified\":\"2023-08-06T10:28:32+00:00\",\"description\":\"Sonderanwendungen \u2013 Module garantieren ein hohes Ma\u00df an Flexibilit\u00e4t um auch Anwendungen zu realisieren, die von der Norm abweichen.\",\"breadcrumb\":{\"@id\":\"https:\/\/www.nozzlenizer.de\/kuehlmittelduesen\/sonderanwendungen\/#breadcrumb\"},\"inLanguage\":\"en-GB\",\"potentialAction\":[{\"@type\":\"ReadAction\",\"target\":[\"https:\/\/www.nozzlenizer.de\/kuehlmittelduesen\/sonderanwendungen\/\"]}]},{\"@type\":\"BreadcrumbList\",\"@id\":\"https:\/\/www.nozzlenizer.de\/kuehlmittelduesen\/sonderanwendungen\/#breadcrumb\",\"itemListElement\":[{\"@type\":\"ListItem\",\"position\":1,\"name\":\"Startseite\",\"item\":\"https:\/\/www.nozzlenizer.de\/\"},{\"@type\":\"ListItem\",\"position\":2,\"name\":\"K\u00fchlmitteld\u00fcsen\",\"item\":\"https:\/\/www.nozzlenizer.de\/kuehlmittelduesen\/\"},{\"@type\":\"ListItem\",\"position\":3,\"name\":\"Sonderanwendungen\"}]},{\"@type\":\"WebSite\",\"@id\":\"https:\/\/www.nozzlenizer.de\/#website\",\"url\":\"https:\/\/www.nozzlenizer.de\/\",\"name\":\"Nozzlenizer - der D\u00fcsenprofi\",\"description\":\"D\u00fcsen f\u00fcr optimierte K\u00fchlmittelzuf\u00fchrung von Werkzeugmaschinen\",\"potentialAction\":[{\"@type\":\"SearchAction\",\"target\":{\"@type\":\"EntryPoint\",\"urlTemplate\":\"https:\/\/www.nozzlenizer.de\/?s={search_term_string}\"},\"query-input\":\"required name=search_term_string\"}],\"inLanguage\":\"en-GB\"}]}<\/script>\n<!-- \/ Yoast SEO plugin. -->","yoast_head_json":{"title":"Sonderanwendungen - Nozzlenizer - der D\u00fcsenprofi","description":"Sonderanwendungen \u2013 Module garantieren ein hohes Ma\u00df an Flexibilit\u00e4t um auch Anwendungen zu realisieren, die von der Norm abweichen.","robots":{"index":"index","follow":"follow","max-snippet":"max-snippet:-1","max-image-preview":"max-image-preview:large","max-video-preview":"max-video-preview:-1"},"canonical":"https:\/\/www.nozzlenizer.de\/en\/kuehlmittelduesen\/sonderanwendungen\/","og_locale":"en_GB","og_type":"article","og_title":"Sonderanwendungen - Nozzlenizer - der D\u00fcsenprofi","og_description":"Sonderanwendungen \u2013 Module garantieren ein hohes Ma\u00df an Flexibilit\u00e4t um auch Anwendungen zu realisieren, die von der Norm abweichen.","og_url":"https:\/\/www.nozzlenizer.de\/en\/kuehlmittelduesen\/sonderanwendungen\/","og_site_name":"Nozzlenizer - der D\u00fcsenprofi","article_modified_time":"2023-08-06T10:28:32+00:00","og_image":[{"width":1302,"height":797,"url":"https:\/\/www.nozzlenizer.de\/wp-content\/uploads\/2019\/09\/Sonderanwendungen.jpg","type":"image\/jpeg"}],"twitter_card":"summary_large_image","twitter_misc":{"Estimated reading time":"1 minute"},"schema":{"@context":"https:\/\/schema.org","@graph":[{"@type":"WebPage","@id":"https:\/\/www.nozzlenizer.de\/kuehlmittelduesen\/sonderanwendungen\/","url":"https:\/\/www.nozzlenizer.de\/kuehlmittelduesen\/sonderanwendungen\/","name":"Sonderanwendungen - Nozzlenizer - der D\u00fcsenprofi","isPartOf":{"@id":"https:\/\/www.nozzlenizer.de\/#website"},"datePublished":"2019-07-30T06:31:09+00:00","dateModified":"2023-08-06T10:28:32+00:00","description":"Sonderanwendungen \u2013 Module garantieren ein hohes Ma\u00df an Flexibilit\u00e4t um auch Anwendungen zu realisieren, die von der Norm abweichen.","breadcrumb":{"@id":"https:\/\/www.nozzlenizer.de\/kuehlmittelduesen\/sonderanwendungen\/#breadcrumb"},"inLanguage":"en-GB","potentialAction":[{"@type":"ReadAction","target":["https:\/\/www.nozzlenizer.de\/kuehlmittelduesen\/sonderanwendungen\/"]}]},{"@type":"BreadcrumbList","@id":"https:\/\/www.nozzlenizer.de\/kuehlmittelduesen\/sonderanwendungen\/#breadcrumb","itemListElement":[{"@type":"ListItem","position":1,"name":"Startseite","item":"https:\/\/www.nozzlenizer.de\/"},{"@type":"ListItem","position":2,"name":"K\u00fchlmitteld\u00fcsen","item":"https:\/\/www.nozzlenizer.de\/kuehlmittelduesen\/"},{"@type":"ListItem","position":3,"name":"Sonderanwendungen"}]},{"@type":"WebSite","@id":"https:\/\/www.nozzlenizer.de\/#website","url":"https:\/\/www.nozzlenizer.de\/","name":"Nozzlenizer - der D\u00fcsenprofi","description":"D\u00fcsen f\u00fcr optimierte K\u00fchlmittelzuf\u00fchrung von Werkzeugmaschinen","potentialAction":[{"@type":"SearchAction","target":{"@type":"EntryPoint","urlTemplate":"https:\/\/www.nozzlenizer.de\/?s={search_term_string}"},"query-input":"required name=search_term_string"}],"inLanguage":"en-GB"}]}},"_links":{"self":[{"href":"https:\/\/www.nozzlenizer.de\/en\/wp-json\/wp\/v2\/pages\/3724"}],"collection":[{"href":"https:\/\/www.nozzlenizer.de\/en\/wp-json\/wp\/v2\/pages"}],"about":[{"href":"https:\/\/www.nozzlenizer.de\/en\/wp-json\/wp\/v2\/types\/page"}],"author":[{"embeddable":true,"href":"https:\/\/www.nozzlenizer.de\/en\/wp-json\/wp\/v2\/users\/1"}],"replies":[{"embeddable":true,"href":"https:\/\/www.nozzlenizer.de\/en\/wp-json\/wp\/v2\/comments?post=3724"}],"version-history":[{"count":7,"href":"https:\/\/www.nozzlenizer.de\/en\/wp-json\/wp\/v2\/pages\/3724\/revisions"}],"predecessor-version":[{"id":4044,"href":"https:\/\/www.nozzlenizer.de\/en\/wp-json\/wp\/v2\/pages\/3724\/revisions\/4044"}],"up":[{"embeddable":true,"href":"https:\/\/www.nozzlenizer.de\/en\/wp-json\/wp\/v2\/pages\/3697"}],"wp:featuredmedia":[{"embeddable":true,"href":"https:\/\/www.nozzlenizer.de\/en\/wp-json\/wp\/v2\/media\/3820"}],"wp:attachment":[{"href":"https:\/\/www.nozzlenizer.de\/en\/wp-json\/wp\/v2\/media?parent=3724"}],"curies":[{"name":"wp","href":"https:\/\/api.w.org\/{rel}","templated":true}]}}