{"id":3713,"date":"2019-07-30T06:07:26","date_gmt":"2019-07-30T06:07:26","guid":{"rendered":"https:\/\/www.nozzlenizer.de\/?page_id=3713"},"modified":"2023-08-06T10:25:37","modified_gmt":"2023-08-06T10:25:37","slug":"wechselsysteme","status":"publish","type":"page","link":"https:\/\/www.nozzlenizer.de\/en\/kuehlmittelduesen\/wechselsysteme\/","title":{"rendered":"Interchangeable Systems"},"content":{"rendered":"<div class=\"wpb-content-wrapper\">\n\n\n\n<div class=\"tm-row wpb_row vc_row-fluid tm-zindex-0 vc_row container tm-bgimage-position-center_center\">\n\n\t\t\n\t\t\n\t\t\n\n<div class=\"wpb_column tm-column vc_column_container vc_col-sm-6 tm-zindex-0\">\n\t<div class=\"vc_column-inner\">\n\t\t\t\t<div class=\"wpb_wrapper\">\n\t\t\t<div class=\"tm-element-heading-wrapper tm-heading-inner tm-element-align-left tm-seperator-solid tm-heading-style-vertical\"><section class=\"tm-vc_cta3-container\"><div class=\"tm-vc_general tm-vc_cta3 tm-cta3-only tm-vc_cta3-style-classic tm-vc_cta3-shape-rounded tm-vc_cta3-align-left tm-vc_cta3-color-transparent tm-vc_cta3-icon-size-md tm-vc_cta3-actions-no tm-cta3-without-desc\"><div class=\"tm-vc_cta3_content-container\"><div class=\"tm-vc_cta3-content\"><header class=\"tm-vc_cta3-content-header tm-wrap\"><div class=\"tm-vc_cta3-headers tm-wrap-cell\"><h4 class=\"tm-custom-heading\" >optimized<\/h4>\n<h2 class=\"tm-custom-heading\" >Exchange of Nozzles<\/h2>\n<\/div><div class=\"heading-seperator\"><span><\/span><\/div><\/header><\/div><\/div><\/div><\/section><\/div> <!-- .tm-element-heading-wrapper container --> \t\t<\/div>\n\t<\/div>\n<\/div>\n\n\n\n\n\n<div class=\"wpb_column tm-column vc_column_container vc_col-sm-6 tm-zindex-0\">\n\t<div class=\"vc_column-inner\">\n\t\t\t\t<div class=\"wpb_wrapper\">\n\t\t\t\n\t<div  class=\"wpb_single_image wpb_content_element vc_align_left\">\n\t\t\n\t\t<figure class=\"wpb_wrapper vc_figure\">\n\t\t\t<div class=\"vc_single_image-wrapper   vc_box_border_grey\"><img width=\"1000\" height=\"438\" src=\"https:\/\/www.nozzlenizer.de\/wp-content\/uploads\/2019\/08\/wechselduese.jpg\" class=\"vc_single_image-img attachment-full\" alt=\"Wechselsysteme\" decoding=\"async\" title=\"wechselduese\" srcset=\"https:\/\/www.nozzlenizer.de\/wp-content\/uploads\/2019\/08\/wechselduese.jpg 1000w, https:\/\/www.nozzlenizer.de\/wp-content\/uploads\/2019\/08\/wechselduese-300x131.jpg 300w, https:\/\/www.nozzlenizer.de\/wp-content\/uploads\/2019\/08\/wechselduese-768x336.jpg 768w\" sizes=\"(max-width: 1000px) 100vw, 1000px\" data-id=\"3764\" \/><\/div>\n\t\t<\/figure>\n\t<\/div>\n\n\t<div class=\"wpb_text_column wpb_content_element\" >\n\t\t<div class=\"wpb_wrapper\">\n\t\t\t<p>When using interchangeable nozzle systems, you can optimize the setup between various nozzles. Lengthy tooling changes are no longer required and the risk of potential mistakes caused by tooling setup is eliminated.<\/p>\n<p>Through the precise positioning of the nozzles you will gain a significantly increased process stability and an improved efficiency at the same time. In addition, interchangeable (nozzle) systems from Nozzlenizer allow for extremely simple installation. Our goal hereby is to provide you with the best possible nozzle holding options in order to be able to optimize the lay out of the individual nozzle channel based on the specific application requirement.<\/p>\n<p>This will consequently allow you to achieve increased productivity and cost savings with respect to your manufacturing process. Optimizing setup is one of our main goals as this process typically bears the highest potential for improvement and the machine operators.<\/p>\n\n\t\t<\/div>\n\t<\/div>\n\t\t<\/div>\n\t<\/div>\n<\/div>\n\n\n\n\t\t\n\t<\/div>\n\n\n\n\n\n\n\n\n<\/div>","protected":false},"excerpt":{"rendered":"Optimierter Austausch von D\u00fcsen Durch den Einsatz von Wechselsystemen optimieren Sie den Austausch von D\u00fcsen. Zeitaufw\u00e4ndige und unter Umst\u00e4nden fehlerbehaftete R\u00fcstvorg\u00e4nge sind dann nicht mehr erforderlich. Sie profitieren von erh\u00f6hter Prozesssicherheit durch exakte Positionierung der D\u00fcsen und steigern so die Effizienz Ihrer Anwendung. Wechselsystem-L\u00f6sungen von Nozzlenizer stehen zudem f\u00fcr eine einfache Montage. Anspruch hierbei ist &hellip; <a href=\"https:\/\/www.nozzlenizer.de\/en\/kuehlmittelduesen\/wechselsysteme\/\" class=\"more-link\">Continue reading <span class=\"screen-reader-text\">Interchangeable Systems<\/span><\/a>","protected":false},"author":1,"featured_media":3764,"parent":3697,"menu_order":0,"comment_status":"closed","ping_status":"closed","template":"","meta":[],"yoast_head":"<!-- This site is optimized with the Yoast SEO plugin v21.8.1 - https:\/\/yoast.com\/wordpress\/plugins\/seo\/ -->\n<title>Wechselsysteme - Nozzlenizer - der D\u00fcsenprofi<\/title>\n<meta name=\"description\" content=\"Wechselsysteme sichern den optimierten Austausch von D\u00fcsen. Zeitaufw\u00e4ndige R\u00fcstvorg\u00e4nge sind dann nicht mehr erforderlich. Lesen Sie weiter.\" \/>\n<meta name=\"robots\" content=\"index, follow, max-snippet:-1, max-image-preview:large, max-video-preview:-1\" \/>\n<link rel=\"canonical\" href=\"https:\/\/www.nozzlenizer.de\/en\/kuehlmittelduesen\/wechselsysteme\/\" \/>\n<meta property=\"og:locale\" content=\"en_GB\" \/>\n<meta property=\"og:type\" content=\"article\" \/>\n<meta property=\"og:title\" content=\"Wechselsysteme - Nozzlenizer - der D\u00fcsenprofi\" \/>\n<meta property=\"og:description\" content=\"Wechselsysteme sichern den optimierten Austausch von D\u00fcsen. Zeitaufw\u00e4ndige R\u00fcstvorg\u00e4nge sind dann nicht mehr erforderlich. Lesen Sie weiter.\" \/>\n<meta property=\"og:url\" content=\"https:\/\/www.nozzlenizer.de\/en\/kuehlmittelduesen\/wechselsysteme\/\" \/>\n<meta property=\"og:site_name\" content=\"Nozzlenizer - der D\u00fcsenprofi\" \/>\n<meta property=\"article:modified_time\" content=\"2023-08-06T10:25:37+00:00\" \/>\n<meta property=\"og:image\" content=\"https:\/\/www.nozzlenizer.de\/wp-content\/uploads\/2019\/08\/wechselduese.jpg\" \/>\n\t<meta property=\"og:image:width\" content=\"1000\" \/>\n\t<meta property=\"og:image:height\" content=\"438\" \/>\n\t<meta property=\"og:image:type\" content=\"image\/jpeg\" \/>\n<meta name=\"twitter:card\" content=\"summary_large_image\" \/>\n<meta name=\"twitter:label1\" content=\"Estimated reading time\" \/>\n\t<meta name=\"twitter:data1\" content=\"1 minute\" \/>\n<script type=\"application\/ld+json\" class=\"yoast-schema-graph\">{\"@context\":\"https:\/\/schema.org\",\"@graph\":[{\"@type\":\"WebPage\",\"@id\":\"https:\/\/www.nozzlenizer.de\/kuehlmittelduesen\/wechselsysteme\/\",\"url\":\"https:\/\/www.nozzlenizer.de\/kuehlmittelduesen\/wechselsysteme\/\",\"name\":\"Wechselsysteme - Nozzlenizer - der D\u00fcsenprofi\",\"isPartOf\":{\"@id\":\"https:\/\/www.nozzlenizer.de\/#website\"},\"datePublished\":\"2019-07-30T06:07:26+00:00\",\"dateModified\":\"2023-08-06T10:25:37+00:00\",\"description\":\"Wechselsysteme sichern den optimierten Austausch von D\u00fcsen. Zeitaufw\u00e4ndige R\u00fcstvorg\u00e4nge sind dann nicht mehr erforderlich. Lesen Sie weiter.\",\"breadcrumb\":{\"@id\":\"https:\/\/www.nozzlenizer.de\/kuehlmittelduesen\/wechselsysteme\/#breadcrumb\"},\"inLanguage\":\"en-GB\",\"potentialAction\":[{\"@type\":\"ReadAction\",\"target\":[\"https:\/\/www.nozzlenizer.de\/kuehlmittelduesen\/wechselsysteme\/\"]}]},{\"@type\":\"BreadcrumbList\",\"@id\":\"https:\/\/www.nozzlenizer.de\/kuehlmittelduesen\/wechselsysteme\/#breadcrumb\",\"itemListElement\":[{\"@type\":\"ListItem\",\"position\":1,\"name\":\"Startseite\",\"item\":\"https:\/\/www.nozzlenizer.de\/\"},{\"@type\":\"ListItem\",\"position\":2,\"name\":\"K\u00fchlmitteld\u00fcsen\",\"item\":\"https:\/\/www.nozzlenizer.de\/kuehlmittelduesen\/\"},{\"@type\":\"ListItem\",\"position\":3,\"name\":\"Wechselsysteme\"}]},{\"@type\":\"WebSite\",\"@id\":\"https:\/\/www.nozzlenizer.de\/#website\",\"url\":\"https:\/\/www.nozzlenizer.de\/\",\"name\":\"Nozzlenizer - der D\u00fcsenprofi\",\"description\":\"D\u00fcsen f\u00fcr optimierte K\u00fchlmittelzuf\u00fchrung von Werkzeugmaschinen\",\"potentialAction\":[{\"@type\":\"SearchAction\",\"target\":{\"@type\":\"EntryPoint\",\"urlTemplate\":\"https:\/\/www.nozzlenizer.de\/?s={search_term_string}\"},\"query-input\":\"required name=search_term_string\"}],\"inLanguage\":\"en-GB\"}]}<\/script>\n<!-- \/ Yoast SEO plugin. -->","yoast_head_json":{"title":"Wechselsysteme - Nozzlenizer - der D\u00fcsenprofi","description":"Wechselsysteme sichern den optimierten Austausch von D\u00fcsen. Zeitaufw\u00e4ndige R\u00fcstvorg\u00e4nge sind dann nicht mehr erforderlich. Lesen Sie weiter.","robots":{"index":"index","follow":"follow","max-snippet":"max-snippet:-1","max-image-preview":"max-image-preview:large","max-video-preview":"max-video-preview:-1"},"canonical":"https:\/\/www.nozzlenizer.de\/en\/kuehlmittelduesen\/wechselsysteme\/","og_locale":"en_GB","og_type":"article","og_title":"Wechselsysteme - Nozzlenizer - der D\u00fcsenprofi","og_description":"Wechselsysteme sichern den optimierten Austausch von D\u00fcsen. Zeitaufw\u00e4ndige R\u00fcstvorg\u00e4nge sind dann nicht mehr erforderlich. Lesen Sie weiter.","og_url":"https:\/\/www.nozzlenizer.de\/en\/kuehlmittelduesen\/wechselsysteme\/","og_site_name":"Nozzlenizer - der D\u00fcsenprofi","article_modified_time":"2023-08-06T10:25:37+00:00","og_image":[{"width":1000,"height":438,"url":"https:\/\/www.nozzlenizer.de\/wp-content\/uploads\/2019\/08\/wechselduese.jpg","type":"image\/jpeg"}],"twitter_card":"summary_large_image","twitter_misc":{"Estimated reading time":"1 minute"},"schema":{"@context":"https:\/\/schema.org","@graph":[{"@type":"WebPage","@id":"https:\/\/www.nozzlenizer.de\/kuehlmittelduesen\/wechselsysteme\/","url":"https:\/\/www.nozzlenizer.de\/kuehlmittelduesen\/wechselsysteme\/","name":"Wechselsysteme - Nozzlenizer - der D\u00fcsenprofi","isPartOf":{"@id":"https:\/\/www.nozzlenizer.de\/#website"},"datePublished":"2019-07-30T06:07:26+00:00","dateModified":"2023-08-06T10:25:37+00:00","description":"Wechselsysteme sichern den optimierten Austausch von D\u00fcsen. Zeitaufw\u00e4ndige R\u00fcstvorg\u00e4nge sind dann nicht mehr erforderlich. Lesen Sie weiter.","breadcrumb":{"@id":"https:\/\/www.nozzlenizer.de\/kuehlmittelduesen\/wechselsysteme\/#breadcrumb"},"inLanguage":"en-GB","potentialAction":[{"@type":"ReadAction","target":["https:\/\/www.nozzlenizer.de\/kuehlmittelduesen\/wechselsysteme\/"]}]},{"@type":"BreadcrumbList","@id":"https:\/\/www.nozzlenizer.de\/kuehlmittelduesen\/wechselsysteme\/#breadcrumb","itemListElement":[{"@type":"ListItem","position":1,"name":"Startseite","item":"https:\/\/www.nozzlenizer.de\/"},{"@type":"ListItem","position":2,"name":"K\u00fchlmitteld\u00fcsen","item":"https:\/\/www.nozzlenizer.de\/kuehlmittelduesen\/"},{"@type":"ListItem","position":3,"name":"Wechselsysteme"}]},{"@type":"WebSite","@id":"https:\/\/www.nozzlenizer.de\/#website","url":"https:\/\/www.nozzlenizer.de\/","name":"Nozzlenizer - der D\u00fcsenprofi","description":"D\u00fcsen f\u00fcr optimierte K\u00fchlmittelzuf\u00fchrung von Werkzeugmaschinen","potentialAction":[{"@type":"SearchAction","target":{"@type":"EntryPoint","urlTemplate":"https:\/\/www.nozzlenizer.de\/?s={search_term_string}"},"query-input":"required name=search_term_string"}],"inLanguage":"en-GB"}]}},"_links":{"self":[{"href":"https:\/\/www.nozzlenizer.de\/en\/wp-json\/wp\/v2\/pages\/3713"}],"collection":[{"href":"https:\/\/www.nozzlenizer.de\/en\/wp-json\/wp\/v2\/pages"}],"about":[{"href":"https:\/\/www.nozzlenizer.de\/en\/wp-json\/wp\/v2\/types\/page"}],"author":[{"embeddable":true,"href":"https:\/\/www.nozzlenizer.de\/en\/wp-json\/wp\/v2\/users\/1"}],"replies":[{"embeddable":true,"href":"https:\/\/www.nozzlenizer.de\/en\/wp-json\/wp\/v2\/comments?post=3713"}],"version-history":[{"count":7,"href":"https:\/\/www.nozzlenizer.de\/en\/wp-json\/wp\/v2\/pages\/3713\/revisions"}],"predecessor-version":[{"id":4043,"href":"https:\/\/www.nozzlenizer.de\/en\/wp-json\/wp\/v2\/pages\/3713\/revisions\/4043"}],"up":[{"embeddable":true,"href":"https:\/\/www.nozzlenizer.de\/en\/wp-json\/wp\/v2\/pages\/3697"}],"wp:featuredmedia":[{"embeddable":true,"href":"https:\/\/www.nozzlenizer.de\/en\/wp-json\/wp\/v2\/media\/3764"}],"wp:attachment":[{"href":"https:\/\/www.nozzlenizer.de\/en\/wp-json\/wp\/v2\/media?parent=3713"}],"curies":[{"name":"wp","href":"https:\/\/api.w.org\/{rel}","templated":true}]}}