{"id":3708,"date":"2019-07-30T06:01:50","date_gmt":"2019-07-30T06:01:50","guid":{"rendered":"https:\/\/www.nozzlenizer.de\/?page_id=3708"},"modified":"2023-08-06T10:22:52","modified_gmt":"2023-08-06T10:22:52","slug":"einzelduesen","status":"publish","type":"page","link":"https:\/\/www.nozzlenizer.de\/en\/kuehlmittelduesen\/einzelduesen\/","title":{"rendered":"Single Nozzles"},"content":{"rendered":"<div class=\"wpb-content-wrapper\">\n\n\n\n<div class=\"tm-row wpb_row vc_row-fluid tm-zindex-0 vc_row container tm-bgimage-position-center_center\">\n\n\t\t\n\t\t\n\t\t\n\n<div class=\"wpb_column tm-column vc_column_container vc_col-sm-6 tm-zindex-0\">\n\t<div class=\"vc_column-inner\">\n\t\t\t\t<div class=\"wpb_wrapper\">\n\t\t\t<div class=\"tm-element-heading-wrapper tm-heading-inner tm-element-align-left tm-seperator-solid tm-heading-style-vertical\"><section class=\"tm-vc_cta3-container\"><div class=\"tm-vc_general tm-vc_cta3 tm-cta3-only tm-vc_cta3-style-classic tm-vc_cta3-shape-rounded tm-vc_cta3-align-left tm-vc_cta3-color-transparent tm-vc_cta3-icon-size-md tm-vc_cta3-actions-no tm-cta3-without-desc\"><div class=\"tm-vc_cta3_content-container\"><div class=\"tm-vc_cta3-content\"><header class=\"tm-vc_cta3-content-header tm-wrap\"><div class=\"tm-vc_cta3-headers tm-wrap-cell\"><h4 class=\"tm-custom-heading\" >Best part quality for<\/h4>\n<h2 class=\"tm-custom-heading\" >Diverse Applications<\/h2>\n<\/div><div class=\"heading-seperator\"><span><\/span><\/div><\/header><\/div><\/div><\/div><\/section><\/div> <!-- .tm-element-heading-wrapper container --> \t\t<\/div>\n\t<\/div>\n<\/div>\n\n\n\n\n\n<div class=\"wpb_column tm-column vc_column_container vc_col-sm-6 tm-zindex-0\">\n\t<div class=\"vc_column-inner\">\n\t\t\t\t<div class=\"wpb_wrapper\">\n\t\t\t\n\t<div  class=\"wpb_single_image wpb_content_element vc_align_left\">\n\t\t\n\t\t<figure class=\"wpb_wrapper vc_figure\">\n\t\t\t<div class=\"vc_single_image-wrapper   vc_box_border_grey\"><img width=\"1000\" height=\"438\" src=\"https:\/\/www.nozzlenizer.de\/wp-content\/uploads\/2019\/08\/einzelduese.jpg\" class=\"vc_single_image-img attachment-full\" alt=\"\" decoding=\"async\" title=\"einzelduese\" srcset=\"https:\/\/www.nozzlenizer.de\/wp-content\/uploads\/2019\/08\/einzelduese.jpg 1000w, https:\/\/www.nozzlenizer.de\/wp-content\/uploads\/2019\/08\/einzelduese-300x131.jpg 300w, https:\/\/www.nozzlenizer.de\/wp-content\/uploads\/2019\/08\/einzelduese-768x336.jpg 768w\" sizes=\"(max-width: 1000px) 100vw, 1000px\" data-id=\"3760\" \/><\/div>\n\t\t<\/figure>\n\t<\/div>\n\n\t<div class=\"wpb_text_column wpb_content_element\" >\n\t\t<div class=\"wpb_wrapper\">\n\t\t\t<p>The highest possible part quality for a wide array of applications is characterizing for our single nozzles. These nozzles are offered from a number of different materials of construction in order to allow optimal selection based on your specific process requirements.<\/p>\n<p>Due to their rather simple design, individual nozzles are economical to produce but do offer limited flexibility with respect to alternating applications. The coolant channel is manufactured by a wire EDM process and offers \u2013 in comparison with traditionally available nozzle products \u2013 significantly reduced air entrainment after the coolant has exited the channel.<\/p>\n<p>We are happy to consult with you in more detail regarding additional alternatives while considering your specific materials, processes and production concepts.<\/p>\n\n\t\t<\/div>\n\t<\/div>\n\t\t<\/div>\n\t<\/div>\n<\/div>\n\n\n\n\t\t\n\t<\/div>\n\n\n\n\n\n\n\n\n<\/div>","protected":false},"excerpt":{"rendered":"Beste Teilequalit\u00e4t f\u00fcr ein vielf\u00e4ltiges Anwendungsspektrum Beste Teilequalit\u00e4t f\u00fcr ein vielf\u00e4ltiges Anwendungsspektrum kennzeichnet unsere Einzeld\u00fcsen. Diese bieten wir in unterschiedlichen Materialien an, um eine bestm\u00f6gliche Auswahl im Hinblick auf die Prozessanforderungen treffenzu k\u00f6nnen. Einzeld\u00fcsen sind auf Grund Ihres relativ einfachen Aufbaus g\u00fcnstiger in der Herstellung, bieten jedoch deutlich weniger Flexibilit\u00e4t in der Anwendung. Der D\u00fcsenkanal &hellip; <a href=\"https:\/\/www.nozzlenizer.de\/en\/kuehlmittelduesen\/einzelduesen\/\" class=\"more-link\">Continue reading <span class=\"screen-reader-text\">Single Nozzles<\/span><\/a>","protected":false},"author":1,"featured_media":3760,"parent":3697,"menu_order":0,"comment_status":"closed","ping_status":"closed","template":"","meta":[],"yoast_head":"<!-- This site is optimized with the Yoast SEO plugin v21.8.1 - https:\/\/yoast.com\/wordpress\/plugins\/seo\/ -->\n<title>Einzeld\u00fcsen - Nozzlenizer - der D\u00fcsenprofi<\/title>\n<meta name=\"description\" content=\"Beste Teilequalit\u00e4t f\u00fcr ein vielf\u00e4ltiges Anwendungsspektrum kennzeichnet unsere Einzeld\u00fcsen. Wir beraten Sie gerne ausf\u00fchrlich dazu.\" \/>\n<meta name=\"robots\" content=\"index, follow, max-snippet:-1, max-image-preview:large, max-video-preview:-1\" \/>\n<link rel=\"canonical\" href=\"https:\/\/www.nozzlenizer.de\/en\/kuehlmittelduesen\/einzelduesen\/\" \/>\n<meta property=\"og:locale\" content=\"en_GB\" \/>\n<meta property=\"og:type\" content=\"article\" \/>\n<meta property=\"og:title\" content=\"Einzeld\u00fcsen - Nozzlenizer - der D\u00fcsenprofi\" \/>\n<meta property=\"og:description\" content=\"Beste Teilequalit\u00e4t f\u00fcr ein vielf\u00e4ltiges Anwendungsspektrum kennzeichnet unsere Einzeld\u00fcsen. Wir beraten Sie gerne ausf\u00fchrlich dazu.\" \/>\n<meta property=\"og:url\" content=\"https:\/\/www.nozzlenizer.de\/en\/kuehlmittelduesen\/einzelduesen\/\" \/>\n<meta property=\"og:site_name\" content=\"Nozzlenizer - der D\u00fcsenprofi\" \/>\n<meta property=\"article:modified_time\" content=\"2023-08-06T10:22:52+00:00\" \/>\n<meta property=\"og:image\" content=\"https:\/\/www.nozzlenizer.de\/wp-content\/uploads\/2019\/08\/einzelduese.jpg\" \/>\n\t<meta property=\"og:image:width\" content=\"1000\" \/>\n\t<meta property=\"og:image:height\" content=\"438\" \/>\n\t<meta property=\"og:image:type\" content=\"image\/jpeg\" \/>\n<meta name=\"twitter:card\" content=\"summary_large_image\" \/>\n<meta name=\"twitter:label1\" content=\"Estimated reading time\" \/>\n\t<meta name=\"twitter:data1\" content=\"1 minute\" \/>\n<script type=\"application\/ld+json\" class=\"yoast-schema-graph\">{\"@context\":\"https:\/\/schema.org\",\"@graph\":[{\"@type\":\"WebPage\",\"@id\":\"https:\/\/www.nozzlenizer.de\/kuehlmittelduesen\/einzelduesen\/\",\"url\":\"https:\/\/www.nozzlenizer.de\/kuehlmittelduesen\/einzelduesen\/\",\"name\":\"Einzeld\u00fcsen - Nozzlenizer - der D\u00fcsenprofi\",\"isPartOf\":{\"@id\":\"https:\/\/www.nozzlenizer.de\/#website\"},\"datePublished\":\"2019-07-30T06:01:50+00:00\",\"dateModified\":\"2023-08-06T10:22:52+00:00\",\"description\":\"Beste Teilequalit\u00e4t f\u00fcr ein vielf\u00e4ltiges Anwendungsspektrum kennzeichnet unsere Einzeld\u00fcsen. Wir beraten Sie gerne ausf\u00fchrlich dazu.\",\"breadcrumb\":{\"@id\":\"https:\/\/www.nozzlenizer.de\/kuehlmittelduesen\/einzelduesen\/#breadcrumb\"},\"inLanguage\":\"en-GB\",\"potentialAction\":[{\"@type\":\"ReadAction\",\"target\":[\"https:\/\/www.nozzlenizer.de\/kuehlmittelduesen\/einzelduesen\/\"]}]},{\"@type\":\"BreadcrumbList\",\"@id\":\"https:\/\/www.nozzlenizer.de\/kuehlmittelduesen\/einzelduesen\/#breadcrumb\",\"itemListElement\":[{\"@type\":\"ListItem\",\"position\":1,\"name\":\"Startseite\",\"item\":\"https:\/\/www.nozzlenizer.de\/\"},{\"@type\":\"ListItem\",\"position\":2,\"name\":\"K\u00fchlmitteld\u00fcsen\",\"item\":\"https:\/\/www.nozzlenizer.de\/kuehlmittelduesen\/\"},{\"@type\":\"ListItem\",\"position\":3,\"name\":\"Einzeld\u00fcsen\"}]},{\"@type\":\"WebSite\",\"@id\":\"https:\/\/www.nozzlenizer.de\/#website\",\"url\":\"https:\/\/www.nozzlenizer.de\/\",\"name\":\"Nozzlenizer - der D\u00fcsenprofi\",\"description\":\"D\u00fcsen f\u00fcr optimierte K\u00fchlmittelzuf\u00fchrung von Werkzeugmaschinen\",\"potentialAction\":[{\"@type\":\"SearchAction\",\"target\":{\"@type\":\"EntryPoint\",\"urlTemplate\":\"https:\/\/www.nozzlenizer.de\/?s={search_term_string}\"},\"query-input\":\"required name=search_term_string\"}],\"inLanguage\":\"en-GB\"}]}<\/script>\n<!-- \/ Yoast SEO plugin. -->","yoast_head_json":{"title":"Einzeld\u00fcsen - Nozzlenizer - der D\u00fcsenprofi","description":"Beste Teilequalit\u00e4t f\u00fcr ein vielf\u00e4ltiges Anwendungsspektrum kennzeichnet unsere Einzeld\u00fcsen. Wir beraten Sie gerne ausf\u00fchrlich dazu.","robots":{"index":"index","follow":"follow","max-snippet":"max-snippet:-1","max-image-preview":"max-image-preview:large","max-video-preview":"max-video-preview:-1"},"canonical":"https:\/\/www.nozzlenizer.de\/en\/kuehlmittelduesen\/einzelduesen\/","og_locale":"en_GB","og_type":"article","og_title":"Einzeld\u00fcsen - Nozzlenizer - der D\u00fcsenprofi","og_description":"Beste Teilequalit\u00e4t f\u00fcr ein vielf\u00e4ltiges Anwendungsspektrum kennzeichnet unsere Einzeld\u00fcsen. Wir beraten Sie gerne ausf\u00fchrlich dazu.","og_url":"https:\/\/www.nozzlenizer.de\/en\/kuehlmittelduesen\/einzelduesen\/","og_site_name":"Nozzlenizer - der D\u00fcsenprofi","article_modified_time":"2023-08-06T10:22:52+00:00","og_image":[{"width":1000,"height":438,"url":"https:\/\/www.nozzlenizer.de\/wp-content\/uploads\/2019\/08\/einzelduese.jpg","type":"image\/jpeg"}],"twitter_card":"summary_large_image","twitter_misc":{"Estimated reading time":"1 minute"},"schema":{"@context":"https:\/\/schema.org","@graph":[{"@type":"WebPage","@id":"https:\/\/www.nozzlenizer.de\/kuehlmittelduesen\/einzelduesen\/","url":"https:\/\/www.nozzlenizer.de\/kuehlmittelduesen\/einzelduesen\/","name":"Einzeld\u00fcsen - Nozzlenizer - der D\u00fcsenprofi","isPartOf":{"@id":"https:\/\/www.nozzlenizer.de\/#website"},"datePublished":"2019-07-30T06:01:50+00:00","dateModified":"2023-08-06T10:22:52+00:00","description":"Beste Teilequalit\u00e4t f\u00fcr ein vielf\u00e4ltiges Anwendungsspektrum kennzeichnet unsere Einzeld\u00fcsen. Wir beraten Sie gerne ausf\u00fchrlich dazu.","breadcrumb":{"@id":"https:\/\/www.nozzlenizer.de\/kuehlmittelduesen\/einzelduesen\/#breadcrumb"},"inLanguage":"en-GB","potentialAction":[{"@type":"ReadAction","target":["https:\/\/www.nozzlenizer.de\/kuehlmittelduesen\/einzelduesen\/"]}]},{"@type":"BreadcrumbList","@id":"https:\/\/www.nozzlenizer.de\/kuehlmittelduesen\/einzelduesen\/#breadcrumb","itemListElement":[{"@type":"ListItem","position":1,"name":"Startseite","item":"https:\/\/www.nozzlenizer.de\/"},{"@type":"ListItem","position":2,"name":"K\u00fchlmitteld\u00fcsen","item":"https:\/\/www.nozzlenizer.de\/kuehlmittelduesen\/"},{"@type":"ListItem","position":3,"name":"Einzeld\u00fcsen"}]},{"@type":"WebSite","@id":"https:\/\/www.nozzlenizer.de\/#website","url":"https:\/\/www.nozzlenizer.de\/","name":"Nozzlenizer - der D\u00fcsenprofi","description":"D\u00fcsen f\u00fcr optimierte K\u00fchlmittelzuf\u00fchrung von Werkzeugmaschinen","potentialAction":[{"@type":"SearchAction","target":{"@type":"EntryPoint","urlTemplate":"https:\/\/www.nozzlenizer.de\/?s={search_term_string}"},"query-input":"required name=search_term_string"}],"inLanguage":"en-GB"}]}},"_links":{"self":[{"href":"https:\/\/www.nozzlenizer.de\/en\/wp-json\/wp\/v2\/pages\/3708"}],"collection":[{"href":"https:\/\/www.nozzlenizer.de\/en\/wp-json\/wp\/v2\/pages"}],"about":[{"href":"https:\/\/www.nozzlenizer.de\/en\/wp-json\/wp\/v2\/types\/page"}],"author":[{"embeddable":true,"href":"https:\/\/www.nozzlenizer.de\/en\/wp-json\/wp\/v2\/users\/1"}],"replies":[{"embeddable":true,"href":"https:\/\/www.nozzlenizer.de\/en\/wp-json\/wp\/v2\/comments?post=3708"}],"version-history":[{"count":10,"href":"https:\/\/www.nozzlenizer.de\/en\/wp-json\/wp\/v2\/pages\/3708\/revisions"}],"predecessor-version":[{"id":4042,"href":"https:\/\/www.nozzlenizer.de\/en\/wp-json\/wp\/v2\/pages\/3708\/revisions\/4042"}],"up":[{"embeddable":true,"href":"https:\/\/www.nozzlenizer.de\/en\/wp-json\/wp\/v2\/pages\/3697"}],"wp:featuredmedia":[{"embeddable":true,"href":"https:\/\/www.nozzlenizer.de\/en\/wp-json\/wp\/v2\/media\/3760"}],"wp:attachment":[{"href":"https:\/\/www.nozzlenizer.de\/en\/wp-json\/wp\/v2\/media?parent=3708"}],"curies":[{"name":"wp","href":"https:\/\/api.w.org\/{rel}","templated":true}]}}