{"id":3697,"date":"2019-07-30T05:52:38","date_gmt":"2019-07-30T05:52:38","guid":{"rendered":"https:\/\/www.nozzlenizer.de\/?page_id=3697"},"modified":"2023-08-06T10:19:57","modified_gmt":"2023-08-06T10:19:57","slug":"kuehlmittelduesen","status":"publish","type":"page","link":"https:\/\/www.nozzlenizer.de\/en\/kuehlmittelduesen\/","title":{"rendered":"Coolant nozzles"},"content":{"rendered":"<div class=\"wpb-content-wrapper\"><div class=\"tm-row wpb_row vc_row-fluid vc_custom_1564466014405 tm-zindex-0 vc_row container tm-bgimage-position-center_center\">\n\n\t\t\n\t\t\n\t\t\n\n<div class=\"wpb_column tm-column vc_column_container vc_col-sm-12 tm-zindex-0\">\n\t<div class=\"vc_column-inner  \">\n\t\t\t\t<div class=\"wpb_wrapper\">\n\t\t\t<div class=\"tm-element-heading-wrapper tm-heading-inner tm-element-align-left tm-seperator-solid tm-heading-style-horizontal \"><section class=\"tm-vc_cta3-container\"><div class=\"tm-vc_general tm-vc_cta3 tm-cta3-only tm-vc_cta3-style-classic tm-vc_cta3-shape-rounded tm-vc_cta3-align-left tm-vc_cta3-color-transparent tm-vc_cta3-icon-size-md tm-vc_cta3-actions-no tm-cta3-with-desc\"><div class=\"tm-vc_cta3_content-container\"><div class=\"tm-vc_cta3-content\"><header class=\"tm-vc_cta3-content-header tm-wrap\"><div class=\"tm-vc_cta3-headers tm-wrap-cell\"><h4 class=\"tm-custom-heading \" >Unsere Produkte<\/h4>\n<h2 class=\"tm-custom-heading \" >K\u00fchlmitteld\u00fcsen<\/h2>\n<\/div><div class=\"heading-seperator\"><span><\/span><\/div><\/header><div class=\"tm-cta3-content-wrapper\"><p>Mit Hilfe unserer K\u00fchlmitteld\u00fcsen verringern sie das Risiko von Schleifbrand, der letztlich die Funktionalit\u00e4t eines oder mehrerer Bauteile beeintr\u00e4chtigen kann. Bei der Erarbeitung unserer kundenspezifischen L\u00f6sungen orientieren wir uns an der bereits vorhandenen K\u00fchlmittelversorgung. So k\u00f6nnen erforderliche Volumenstr\u00f6me, aber auch Druck- und Austrittsgeschwindigkeiten aus den technischen Unterlagen abgeleitet werden. Gleichzeitig ist es m\u00f6glich, diese \u2013 etwa aufgrund ver\u00e4nderterer Anforderungsprofile respektive Leistungsparameter \u2013 in Abstimmung individuell neu festzulegen.<\/p><\/div><\/div><\/div><\/div><\/section><\/div> <!-- .tm-element-heading-wrapper container --> \t\t<\/div>\n\t<\/div>\n<\/div>\n\n\n\n\t\t\n\t<\/div>\n\n\n\n\n\n\n\n\n\n\n\n<div class=\"tm-row wpb_row vc_row-fluid vc_custom_1564466318256 tm-zindex-0 vc_row container tm-bgimage-position-center_center\">\n\n\t\t\n\t\t\n\t\t\n\n<div class=\"wpb_column tm-column vc_column_container vc_col-sm-3 tm-zindex-0\">\n\t<div class=\"vc_column-inner  \">\n\t\t\t\t<div class=\"wpb_wrapper\">\n\t\t\t\n\t<div  class=\"wpb_single_image wpb_content_element vc_align_left\">\n\t\t\n\t\t<figure class=\"wpb_wrapper vc_figure\">\n\t\t\t<a class=\"\" data-lightbox=\"lightbox[rel-3697-1013445318]\" href=\"https:\/\/www.nozzlenizer.de\/wp-content\/uploads\/2019\/09\/neup02.jpg\" target=\"_self\" class=\"vc_single_image-wrapper vc_box_shadow  vc_box_border_grey\"><img width=\"1000\" height=\"732\" src=\"https:\/\/www.nozzlenizer.de\/wp-content\/uploads\/2019\/09\/neup02.jpg\" class=\"vc_single_image-img attachment-full\" alt=\"K\u00fchlmitteld\u00fcsen\" decoding=\"async\" title=\"neup02\" srcset=\"https:\/\/www.nozzlenizer.de\/wp-content\/uploads\/2019\/09\/neup02.jpg 1000w, https:\/\/www.nozzlenizer.de\/wp-content\/uploads\/2019\/09\/neup02-300x220.jpg 300w, https:\/\/www.nozzlenizer.de\/wp-content\/uploads\/2019\/09\/neup02-768x562.jpg 768w\" sizes=\"(max-width: 1000px) 100vw, 1000px\" data-id=\"3812\" \/><\/a>\n\t\t<\/figure>\n\t<\/div>\n\t\t<\/div>\n\t<\/div>\n<\/div>\n\n\n\n\n\n<div class=\"wpb_column tm-column vc_column_container vc_col-sm-3 tm-zindex-0\">\n\t<div class=\"vc_column-inner  \">\n\t\t\t\t<div class=\"wpb_wrapper\">\n\t\t\t\n\t<div  class=\"wpb_single_image wpb_content_element vc_align_left\">\n\t\t\n\t\t<figure class=\"wpb_wrapper vc_figure\">\n\t\t\t<a class=\"\" data-lightbox=\"lightbox[rel-3697-335632164]\" href=\"https:\/\/www.nozzlenizer.de\/wp-content\/uploads\/2019\/07\/p01.jpg\" target=\"_self\" class=\"vc_single_image-wrapper vc_box_shadow  vc_box_border_grey\"><img width=\"1000\" height=\"732\" src=\"https:\/\/www.nozzlenizer.de\/wp-content\/uploads\/2019\/07\/p01.jpg\" class=\"vc_single_image-img attachment-full\" alt=\"\" decoding=\"async\" title=\"p01\" srcset=\"https:\/\/www.nozzlenizer.de\/wp-content\/uploads\/2019\/07\/p01.jpg 1000w, https:\/\/www.nozzlenizer.de\/wp-content\/uploads\/2019\/07\/p01-300x220.jpg 300w, https:\/\/www.nozzlenizer.de\/wp-content\/uploads\/2019\/07\/p01-768x562.jpg 768w\" sizes=\"(max-width: 1000px) 100vw, 1000px\" data-id=\"3700\" \/><\/a>\n\t\t<\/figure>\n\t<\/div>\n\t\t<\/div>\n\t<\/div>\n<\/div>\n\n\n\n\n\n<div class=\"wpb_column tm-column vc_column_container vc_col-sm-3 tm-zindex-0\">\n\t<div class=\"vc_column-inner  \">\n\t\t\t\t<div class=\"wpb_wrapper\">\n\t\t\t\n\t<div  class=\"wpb_single_image wpb_content_element vc_align_left\">\n\t\t\n\t\t<figure class=\"wpb_wrapper vc_figure\">\n\t\t\t<a class=\"\" data-lightbox=\"lightbox[rel-3697-1509576224]\" href=\"https:\/\/www.nozzlenizer.de\/wp-content\/uploads\/2019\/07\/p03.jpg\" target=\"_self\" class=\"vc_single_image-wrapper vc_box_shadow  vc_box_border_grey\"><img width=\"1000\" height=\"732\" src=\"https:\/\/www.nozzlenizer.de\/wp-content\/uploads\/2019\/07\/p03.jpg\" class=\"vc_single_image-img attachment-full\" alt=\"\" decoding=\"async\" title=\"p03\" srcset=\"https:\/\/www.nozzlenizer.de\/wp-content\/uploads\/2019\/07\/p03.jpg 1000w, https:\/\/www.nozzlenizer.de\/wp-content\/uploads\/2019\/07\/p03-300x220.jpg 300w, https:\/\/www.nozzlenizer.de\/wp-content\/uploads\/2019\/07\/p03-768x562.jpg 768w\" sizes=\"(max-width: 1000px) 100vw, 1000px\" data-id=\"3702\" \/><\/a>\n\t\t<\/figure>\n\t<\/div>\n\t\t<\/div>\n\t<\/div>\n<\/div>\n\n\n\n\n\n<div class=\"wpb_column tm-column vc_column_container vc_col-sm-3 tm-zindex-0\">\n\t<div class=\"vc_column-inner  \">\n\t\t\t\t<div class=\"wpb_wrapper\">\n\t\t\t\n\t<div  class=\"wpb_single_image wpb_content_element vc_align_left\">\n\t\t\n\t\t<figure class=\"wpb_wrapper vc_figure\">\n\t\t\t<a class=\"\" data-lightbox=\"lightbox[rel-3697-542710487]\" href=\"https:\/\/www.nozzlenizer.de\/wp-content\/uploads\/2019\/07\/p04.jpg\" target=\"_self\" class=\"vc_single_image-wrapper vc_box_shadow  vc_box_border_grey\"><img width=\"1000\" height=\"732\" src=\"https:\/\/www.nozzlenizer.de\/wp-content\/uploads\/2019\/07\/p04.jpg\" class=\"vc_single_image-img attachment-full\" alt=\"\" decoding=\"async\" title=\"p04\" srcset=\"https:\/\/www.nozzlenizer.de\/wp-content\/uploads\/2019\/07\/p04.jpg 1000w, https:\/\/www.nozzlenizer.de\/wp-content\/uploads\/2019\/07\/p04-300x220.jpg 300w, https:\/\/www.nozzlenizer.de\/wp-content\/uploads\/2019\/07\/p04-768x562.jpg 768w\" sizes=\"(max-width: 1000px) 100vw, 1000px\" data-id=\"3703\" \/><\/a>\n\t\t<\/figure>\n\t<\/div>\n\t\t<\/div>\n\t<\/div>\n<\/div>\n\n\n\n\t\t\n\t<\/div>\n\n\n\n\n\n\n\n\n\n\n\n<div class=\"tm-row wpb_row vc_row-fluid vc_custom_1564466429487 tm-zindex-0 vc_row container tm-bgimage-position-center_center\">\n\n\t\t\n\t\t\n\t\t\n\n<div class=\"wpb_column tm-column vc_column_container vc_col-sm-12 tm-zindex-0\">\n\t<div class=\"vc_column-inner  \">\n\t\t\t\t<div class=\"wpb_wrapper\">\n\t\t\t\n\t<div class=\"wpb_text_column wpb_content_element \" >\n\t\t<div class=\"wpb_wrapper\">\n\t\t\t<p>Die Zusammenarbeit mit namhaften Pumpenherstellern ist f\u00fcr eine optimale Auslegung notwendig und kann angeboten werden. \u00dcber genauestens dimensionierte und angeordnete D\u00fcsen stellt Nozzlenizer sicher, dass das K\u00fchlschmiermittel exakt der Wirkstelle zugef\u00fchrt wird. Verschwendung und Werkzeugverschlei\u00df werden auf diese Weise verhindert beziehungsweise deutlich verringert.<\/p>\n\n\t\t<\/div>\n\t<\/div>\n\t\t<\/div>\n\t<\/div>\n<\/div>\n\n\n\n\t\t\n\t<\/div>\n<\/div>","protected":false},"excerpt":{"rendered":"Unsere Produkte K\u00fchlmitteld\u00fcsen Mit Hilfe unserer K\u00fchlmitteld\u00fcsen verringern sie das Risiko von Schleifbrand, der letztlich die Funktionalit\u00e4t eines oder mehrerer Bauteile beeintr\u00e4chtigen kann. Bei der Erarbeitung unserer kundenspezifischen L\u00f6sungen orientieren wir uns an der bereits vorhandenen K\u00fchlmittelversorgung. So k\u00f6nnen erforderliche Volumenstr\u00f6me, aber auch Druck- und Austrittsgeschwindigkeiten aus den technischen Unterlagen abgeleitet werden. Gleichzeitig ist es &hellip; <a href=\"https:\/\/www.nozzlenizer.de\/en\/kuehlmittelduesen\/\" class=\"more-link\">Continue reading <span class=\"screen-reader-text\">Coolant nozzles<\/span><\/a>","protected":false},"author":1,"featured_media":3812,"parent":0,"menu_order":0,"comment_status":"closed","ping_status":"closed","template":"","meta":[],"yoast_head":"<!-- This site is optimized with the Yoast SEO plugin v21.8.1 - https:\/\/yoast.com\/wordpress\/plugins\/seo\/ -->\n<title>K\u00fchlmitteld\u00fcsen - Nozzlenizer - der D\u00fcsenprofi<\/title>\n<meta name=\"description\" content=\"K\u00fchlmitteld\u00fcsen verringern sie das Risiko von Schleifbrand, der die Funktionalit\u00e4t der Bauteile beeintr\u00e4chtigen kann. Erfahren Sie mehr dazu!\" \/>\n<meta name=\"robots\" content=\"index, follow, max-snippet:-1, max-image-preview:large, max-video-preview:-1\" \/>\n<link rel=\"canonical\" href=\"https:\/\/www.nozzlenizer.de\/en\/kuehlmittelduesen\/\" \/>\n<meta property=\"og:locale\" content=\"en_GB\" \/>\n<meta property=\"og:type\" content=\"article\" \/>\n<meta property=\"og:title\" content=\"K\u00fchlmitteld\u00fcsen - Nozzlenizer - der D\u00fcsenprofi\" \/>\n<meta property=\"og:description\" content=\"K\u00fchlmitteld\u00fcsen verringern sie das Risiko von Schleifbrand, der die Funktionalit\u00e4t der Bauteile beeintr\u00e4chtigen kann. Erfahren Sie mehr dazu!\" \/>\n<meta property=\"og:url\" content=\"https:\/\/www.nozzlenizer.de\/en\/kuehlmittelduesen\/\" \/>\n<meta property=\"og:site_name\" content=\"Nozzlenizer - der D\u00fcsenprofi\" \/>\n<meta property=\"article:modified_time\" content=\"2023-08-06T10:19:57+00:00\" \/>\n<meta property=\"og:image\" content=\"https:\/\/www.nozzlenizer.de\/wp-content\/uploads\/2019\/09\/neup02.jpg\" \/>\n\t<meta property=\"og:image:width\" content=\"1000\" \/>\n\t<meta property=\"og:image:height\" content=\"732\" \/>\n\t<meta property=\"og:image:type\" content=\"image\/jpeg\" \/>\n<meta name=\"twitter:card\" content=\"summary_large_image\" \/>\n<meta name=\"twitter:label1\" content=\"Estimated reading time\" \/>\n\t<meta name=\"twitter:data1\" content=\"1 minute\" \/>\n<script type=\"application\/ld+json\" class=\"yoast-schema-graph\">{\"@context\":\"https:\/\/schema.org\",\"@graph\":[{\"@type\":\"WebPage\",\"@id\":\"https:\/\/www.nozzlenizer.de\/kuehlmittelduesen\/\",\"url\":\"https:\/\/www.nozzlenizer.de\/kuehlmittelduesen\/\",\"name\":\"K\u00fchlmitteld\u00fcsen - Nozzlenizer - der D\u00fcsenprofi\",\"isPartOf\":{\"@id\":\"https:\/\/www.nozzlenizer.de\/#website\"},\"datePublished\":\"2019-07-30T05:52:38+00:00\",\"dateModified\":\"2023-08-06T10:19:57+00:00\",\"description\":\"K\u00fchlmitteld\u00fcsen verringern sie das Risiko von Schleifbrand, der die Funktionalit\u00e4t der Bauteile beeintr\u00e4chtigen kann. Erfahren Sie mehr dazu!\",\"breadcrumb\":{\"@id\":\"https:\/\/www.nozzlenizer.de\/kuehlmittelduesen\/#breadcrumb\"},\"inLanguage\":\"en-GB\",\"potentialAction\":[{\"@type\":\"ReadAction\",\"target\":[\"https:\/\/www.nozzlenizer.de\/kuehlmittelduesen\/\"]}]},{\"@type\":\"BreadcrumbList\",\"@id\":\"https:\/\/www.nozzlenizer.de\/kuehlmittelduesen\/#breadcrumb\",\"itemListElement\":[{\"@type\":\"ListItem\",\"position\":1,\"name\":\"Startseite\",\"item\":\"https:\/\/www.nozzlenizer.de\/\"},{\"@type\":\"ListItem\",\"position\":2,\"name\":\"K\u00fchlmitteld\u00fcsen\"}]},{\"@type\":\"WebSite\",\"@id\":\"https:\/\/www.nozzlenizer.de\/#website\",\"url\":\"https:\/\/www.nozzlenizer.de\/\",\"name\":\"Nozzlenizer - der D\u00fcsenprofi\",\"description\":\"D\u00fcsen f\u00fcr optimierte K\u00fchlmittelzuf\u00fchrung von Werkzeugmaschinen\",\"potentialAction\":[{\"@type\":\"SearchAction\",\"target\":{\"@type\":\"EntryPoint\",\"urlTemplate\":\"https:\/\/www.nozzlenizer.de\/?s={search_term_string}\"},\"query-input\":\"required name=search_term_string\"}],\"inLanguage\":\"en-GB\"}]}<\/script>\n<!-- \/ Yoast SEO plugin. -->","yoast_head_json":{"title":"K\u00fchlmitteld\u00fcsen - Nozzlenizer - der D\u00fcsenprofi","description":"K\u00fchlmitteld\u00fcsen verringern sie das Risiko von Schleifbrand, der die Funktionalit\u00e4t der Bauteile beeintr\u00e4chtigen kann. Erfahren Sie mehr dazu!","robots":{"index":"index","follow":"follow","max-snippet":"max-snippet:-1","max-image-preview":"max-image-preview:large","max-video-preview":"max-video-preview:-1"},"canonical":"https:\/\/www.nozzlenizer.de\/en\/kuehlmittelduesen\/","og_locale":"en_GB","og_type":"article","og_title":"K\u00fchlmitteld\u00fcsen - Nozzlenizer - der D\u00fcsenprofi","og_description":"K\u00fchlmitteld\u00fcsen verringern sie das Risiko von Schleifbrand, der die Funktionalit\u00e4t der Bauteile beeintr\u00e4chtigen kann. Erfahren Sie mehr dazu!","og_url":"https:\/\/www.nozzlenizer.de\/en\/kuehlmittelduesen\/","og_site_name":"Nozzlenizer - der D\u00fcsenprofi","article_modified_time":"2023-08-06T10:19:57+00:00","og_image":[{"width":1000,"height":732,"url":"https:\/\/www.nozzlenizer.de\/wp-content\/uploads\/2019\/09\/neup02.jpg","type":"image\/jpeg"}],"twitter_card":"summary_large_image","twitter_misc":{"Estimated reading time":"1 minute"},"schema":{"@context":"https:\/\/schema.org","@graph":[{"@type":"WebPage","@id":"https:\/\/www.nozzlenizer.de\/kuehlmittelduesen\/","url":"https:\/\/www.nozzlenizer.de\/kuehlmittelduesen\/","name":"K\u00fchlmitteld\u00fcsen - Nozzlenizer - der D\u00fcsenprofi","isPartOf":{"@id":"https:\/\/www.nozzlenizer.de\/#website"},"datePublished":"2019-07-30T05:52:38+00:00","dateModified":"2023-08-06T10:19:57+00:00","description":"K\u00fchlmitteld\u00fcsen verringern sie das Risiko von Schleifbrand, der die Funktionalit\u00e4t der Bauteile beeintr\u00e4chtigen kann. Erfahren Sie mehr dazu!","breadcrumb":{"@id":"https:\/\/www.nozzlenizer.de\/kuehlmittelduesen\/#breadcrumb"},"inLanguage":"en-GB","potentialAction":[{"@type":"ReadAction","target":["https:\/\/www.nozzlenizer.de\/kuehlmittelduesen\/"]}]},{"@type":"BreadcrumbList","@id":"https:\/\/www.nozzlenizer.de\/kuehlmittelduesen\/#breadcrumb","itemListElement":[{"@type":"ListItem","position":1,"name":"Startseite","item":"https:\/\/www.nozzlenizer.de\/"},{"@type":"ListItem","position":2,"name":"K\u00fchlmitteld\u00fcsen"}]},{"@type":"WebSite","@id":"https:\/\/www.nozzlenizer.de\/#website","url":"https:\/\/www.nozzlenizer.de\/","name":"Nozzlenizer - der D\u00fcsenprofi","description":"D\u00fcsen f\u00fcr optimierte K\u00fchlmittelzuf\u00fchrung von Werkzeugmaschinen","potentialAction":[{"@type":"SearchAction","target":{"@type":"EntryPoint","urlTemplate":"https:\/\/www.nozzlenizer.de\/?s={search_term_string}"},"query-input":"required name=search_term_string"}],"inLanguage":"en-GB"}]}},"_links":{"self":[{"href":"https:\/\/www.nozzlenizer.de\/en\/wp-json\/wp\/v2\/pages\/3697"}],"collection":[{"href":"https:\/\/www.nozzlenizer.de\/en\/wp-json\/wp\/v2\/pages"}],"about":[{"href":"https:\/\/www.nozzlenizer.de\/en\/wp-json\/wp\/v2\/types\/page"}],"author":[{"embeddable":true,"href":"https:\/\/www.nozzlenizer.de\/en\/wp-json\/wp\/v2\/users\/1"}],"replies":[{"embeddable":true,"href":"https:\/\/www.nozzlenizer.de\/en\/wp-json\/wp\/v2\/comments?post=3697"}],"version-history":[{"count":8,"href":"https:\/\/www.nozzlenizer.de\/en\/wp-json\/wp\/v2\/pages\/3697\/revisions"}],"predecessor-version":[{"id":3838,"href":"https:\/\/www.nozzlenizer.de\/en\/wp-json\/wp\/v2\/pages\/3697\/revisions\/3838"}],"wp:featuredmedia":[{"embeddable":true,"href":"https:\/\/www.nozzlenizer.de\/en\/wp-json\/wp\/v2\/media\/3812"}],"wp:attachment":[{"href":"https:\/\/www.nozzlenizer.de\/en\/wp-json\/wp\/v2\/media?parent=3697"}],"curies":[{"name":"wp","href":"https:\/\/api.w.org\/{rel}","templated":true}]}}