{"id":3668,"date":"2019-07-29T13:10:35","date_gmt":"2019-07-29T13:10:35","guid":{"rendered":"https:\/\/www.nozzlenizer.de\/?page_id=3668"},"modified":"2023-08-06T10:32:17","modified_gmt":"2023-08-06T10:32:17","slug":"einsatzbereiche","status":"publish","type":"page","link":"https:\/\/www.nozzlenizer.de\/en\/einsatzbereiche\/","title":{"rendered":"Application Range"},"content":{"rendered":"<div class=\"wpb-content-wrapper\"><div class=\"tm-row wpb_row vc_row-fluid vc_custom_1564406873950 tm-zindex-0 vc_row container tm-bgimage-position-center_center\">\n\n\t\t\n\t\t\n\t\t\n\n<div class=\"wpb_column tm-column vc_column_container vc_col-sm-12 tm-zindex-0\">\n\t<div class=\"vc_column-inner vc_custom_1564406334666 \">\n\t\t\t\t<div class=\"wpb_wrapper\">\n\t\t\t<div class=\"tm-element-heading-wrapper tm-heading-inner tm-element-align-left tm-seperator-solid tm-heading-style-vertical \"><section class=\"tm-vc_cta3-container\"><div class=\"tm-vc_general tm-vc_cta3 tm-cta3-only tm-vc_cta3-style-classic tm-vc_cta3-shape-rounded tm-vc_cta3-align-left tm-vc_cta3-color-transparent tm-vc_cta3-icon-size-md tm-vc_cta3-actions-no tm-cta3-without-desc\"><div class=\"tm-vc_cta3_content-container\"><div class=\"tm-vc_cta3-content\"><header class=\"tm-vc_cta3-content-header tm-wrap\"><div class=\"tm-vc_cta3-headers tm-wrap-cell\"><h4 class=\"tm-custom-heading \" >Einsatzbereiche<\/h4>\n<h2 class=\"tm-custom-heading \" >So kommen unsere Produkte zur Anwendung<\/h2>\n<\/div><div class=\"heading-seperator\"><span><\/span><\/div><\/header><\/div><\/div><\/div><\/section><\/div> <!-- .tm-element-heading-wrapper container --> \t\t<\/div>\n\t<\/div>\n<\/div>\n\n\n\n\t\t\n\t<\/div>\n\n\n\n\n\n\n\n\n\n\n\n<div class=\"tm-row wpb_row vc_row-fluid vc_custom_1564406879730 tm-zindex-0 vc_row container tm-bgimage-position-center_center\">\n\n\t\t\n\t\t\n\t\t\n\n<div class=\"wpb_column tm-column vc_column_container vc_col-sm-4 tm-zindex-0\">\n\t<div class=\"vc_column-inner vc_custom_1564406925410 \">\n\t\t\t\t<div class=\"wpb_wrapper\">\n\t\t\t<div class=\"wpb_images_carousel wpb_content_element vc_clearfix vc_custom_1568737350001\"><div class=\"wpb_wrapper\"><div id=\"vc_images-carousel-1-1777688716\" data-ride=\"vc_carousel\" data-wrap=\"false\" style=\"width: 100%;\" data-interval=\"5000\" data-auto-height=\"yes\" data-mode=\"horizontal\" data-partial=\"false\" data-per-view=\"1\" data-hide-on-end=\"false\" class=\"vc_slide vc_images_carousel\"><ol class=\"vc_carousel-indicators\"><li data-target=\"#vc_images-carousel-1-1777688716\" data-slide-to=\"0\"><\/li><li data-target=\"#vc_images-carousel-1-1777688716\" data-slide-to=\"1\"><\/li><li data-target=\"#vc_images-carousel-1-1777688716\" data-slide-to=\"2\"><\/li><li data-target=\"#vc_images-carousel-1-1777688716\" data-slide-to=\"3\"><\/li><li data-target=\"#vc_images-carousel-1-1777688716\" data-slide-to=\"4\"><\/li><\/ol><div class=\"vc_carousel-inner\"><div class=\"vc_carousel-slideline\"><div class=\"vc_carousel-slideline-inner\"><div class=\"vc_item\"><div class=\"vc_inner\"><a class=\"\" href=\"https:\/\/www.nozzlenizer.de\/wp-content\/uploads\/2019\/09\/finalslide1.jpg\" data-lightbox=\"lightbox[rel-3668-159556634]\"><img width=\"700\" height=\"933\" src=\"https:\/\/www.nozzlenizer.de\/wp-content\/uploads\/2019\/09\/finalslide1.jpg\" class=\"attachment-full\" alt=\"\" decoding=\"async\" title=\"finalslide1\" srcset=\"https:\/\/www.nozzlenizer.de\/wp-content\/uploads\/2019\/09\/finalslide1.jpg 700w, https:\/\/www.nozzlenizer.de\/wp-content\/uploads\/2019\/09\/finalslide1-225x300.jpg 225w, https:\/\/www.nozzlenizer.de\/wp-content\/uploads\/2019\/09\/finalslide1-450x600.jpg 450w\" sizes=\"(max-width: 700px) 100vw, 700px\" data-id=\"3814\" \/><\/a><\/div><\/div><div class=\"vc_item\"><div class=\"vc_inner\"><a class=\"\" href=\"https:\/\/www.nozzlenizer.de\/wp-content\/uploads\/2019\/09\/finalslide2.jpg\" data-lightbox=\"lightbox[rel-3668-159556634]\"><img width=\"700\" height=\"933\" src=\"https:\/\/www.nozzlenizer.de\/wp-content\/uploads\/2019\/09\/finalslide2.jpg\" class=\"attachment-full\" alt=\"\" decoding=\"async\" title=\"finalslide2\" srcset=\"https:\/\/www.nozzlenizer.de\/wp-content\/uploads\/2019\/09\/finalslide2.jpg 700w, https:\/\/www.nozzlenizer.de\/wp-content\/uploads\/2019\/09\/finalslide2-225x300.jpg 225w, https:\/\/www.nozzlenizer.de\/wp-content\/uploads\/2019\/09\/finalslide2-450x600.jpg 450w\" sizes=\"(max-width: 700px) 100vw, 700px\" data-id=\"3818\" \/><\/a><\/div><\/div><div class=\"vc_item\"><div class=\"vc_inner\"><a class=\"\" href=\"https:\/\/www.nozzlenizer.de\/wp-content\/uploads\/2019\/09\/finalslide3.jpg\" data-lightbox=\"lightbox[rel-3668-159556634]\"><img width=\"700\" height=\"933\" src=\"https:\/\/www.nozzlenizer.de\/wp-content\/uploads\/2019\/09\/finalslide3.jpg\" class=\"attachment-full\" alt=\"\" decoding=\"async\" title=\"finalslide3\" srcset=\"https:\/\/www.nozzlenizer.de\/wp-content\/uploads\/2019\/09\/finalslide3.jpg 700w, https:\/\/www.nozzlenizer.de\/wp-content\/uploads\/2019\/09\/finalslide3-225x300.jpg 225w, https:\/\/www.nozzlenizer.de\/wp-content\/uploads\/2019\/09\/finalslide3-450x600.jpg 450w\" sizes=\"(max-width: 700px) 100vw, 700px\" data-id=\"3817\" \/><\/a><\/div><\/div><div class=\"vc_item\"><div class=\"vc_inner\"><a class=\"\" href=\"https:\/\/www.nozzlenizer.de\/wp-content\/uploads\/2019\/09\/finalslide4.jpg\" data-lightbox=\"lightbox[rel-3668-159556634]\"><img width=\"700\" height=\"933\" src=\"https:\/\/www.nozzlenizer.de\/wp-content\/uploads\/2019\/09\/finalslide4.jpg\" class=\"attachment-full\" alt=\"\" decoding=\"async\" title=\"finalslide4\" srcset=\"https:\/\/www.nozzlenizer.de\/wp-content\/uploads\/2019\/09\/finalslide4.jpg 700w, https:\/\/www.nozzlenizer.de\/wp-content\/uploads\/2019\/09\/finalslide4-225x300.jpg 225w, https:\/\/www.nozzlenizer.de\/wp-content\/uploads\/2019\/09\/finalslide4-450x600.jpg 450w\" sizes=\"(max-width: 700px) 100vw, 700px\" data-id=\"3816\" \/><\/a><\/div><\/div><div class=\"vc_item\"><div class=\"vc_inner\"><a class=\"\" href=\"https:\/\/www.nozzlenizer.de\/wp-content\/uploads\/2019\/09\/finalslide5.jpg\" data-lightbox=\"lightbox[rel-3668-159556634]\"><img width=\"700\" height=\"933\" src=\"https:\/\/www.nozzlenizer.de\/wp-content\/uploads\/2019\/09\/finalslide5.jpg\" class=\"attachment-full\" alt=\"\" decoding=\"async\" title=\"finalslide5\" srcset=\"https:\/\/www.nozzlenizer.de\/wp-content\/uploads\/2019\/09\/finalslide5.jpg 700w, https:\/\/www.nozzlenizer.de\/wp-content\/uploads\/2019\/09\/finalslide5-225x300.jpg 225w, https:\/\/www.nozzlenizer.de\/wp-content\/uploads\/2019\/09\/finalslide5-450x600.jpg 450w\" sizes=\"(max-width: 700px) 100vw, 700px\" data-id=\"3815\" \/><\/a><\/div><\/div><\/div><\/div><\/div><a class=\"vc_left vc_carousel-control\" href=\"#vc_images-carousel-1-1777688716\" data-slide=\"prev\"><span class=\"icon-prev\"><\/span><\/a><a class=\"vc_right vc_carousel-control\" href=\"#vc_images-carousel-1-1777688716\" data-slide=\"next\"><span class=\"icon-next\"><\/span><\/a><\/div><\/div><\/div>\n\t<div class=\"wpb_text_column wpb_content_element \" >\n\t\t<div class=\"wpb_wrapper\">\n\t\t\t<p><span style=\"font-family: Arial, serif;\">Je nach vorhandener Werkzeugmaschine und der entsprechenden K\u00fchlschmierstoffversorgung werden die folgenden K\u00fchlmethoden empfohlen:<\/span><\/p>\n\n\t\t<\/div>\n\t<\/div>\n<h2 style=\"text-align:left;\" class=\"tm-custom-heading \" >Prozessk\u00fchlung<\/h2>\n\n\t<div class=\"wpb_text_column wpb_content_element \" >\n\t\t<div class=\"wpb_wrapper\">\n\t\t\t<p>Bekannte Zuf\u00fchrung von K\u00fchlschmierstoff oberhalb der Schleifstelle<\/p>\n\n\t\t<\/div>\n\t<\/div>\n<h2 style=\"text-align:left;\" class=\"tm-custom-heading \" >Funkenl\u00f6schen<\/h2>\n\n\t<div class=\"wpb_text_column wpb_content_element \" >\n\t\t<div class=\"wpb_wrapper\">\n\t\t\t<p>L\u00f6schen des Funkenflugs unterhalb der Schleifstelle<\/p>\n\n\t\t<\/div>\n\t<\/div>\n<h2 style=\"text-align:left;\" class=\"tm-custom-heading \" >Freisp\u00fclen<\/h2>\n\n\t<div class=\"wpb_text_column wpb_content_element \" >\n\t\t<div class=\"wpb_wrapper\">\n\t\t\t<p>Je nach Gef\u00fcge der Schleifscheibe und der verwendeten Prozessparameter kann ein solcher Reinigungsprozess deutliche Vorteile beim Bearbeiten der Werkst\u00fccke nach sich ziehen.<\/p>\n\n\t\t<\/div>\n\t<\/div>\n\t\t<\/div>\n\t<\/div>\n<\/div>\n\n\n\n\n\n<div class=\"wpb_column tm-column vc_column_container vc_col-sm-8 vc_col-has-fill tm-zindex-0\">\n\t<div class=\"vc_column-inner vc_custom_1564463382849 \">\n\t\t\t\t<div class=\"wpb_wrapper\">\n\t\t\t\n\t<div class=\"wpb_text_column wpb_content_element \" >\n\t\t<div class=\"wpb_wrapper\">\n\t\t\t<p><span style=\"font-family: Arial, serif;\">Mit den vorhanden Anlagen und Versorgungspumpen kann versucht werden, hier einen vertretbaren Kompromiss zu finden beziehungsweise eine Empfehlung zur Modifizierung der bestehenden Anlage auszusprechen.<br \/>\n<\/span><\/p>\n<p><span style=\"font-family: Arial, serif;\">Nozzlenizer bietet L\u00f6sungen f\u00fcr die gesamte Bandbreite des Schleifens:<\/span><\/p>\n\n\t\t<\/div>\n\t<\/div>\n<ul class=\"tm-list tm-list-style-icon tm-list-icon-color-skincolor tm- tm-icon-skincolor tm-list-textsize- tm-list-icon-library-themify\"><li><i class=\"tm-skincolor themifyicon ti-angle-double-right\"><\/i>  <span class=\"tm-list-li-content\"><b>Au\u00dfenrundschleifen<\/b><br>\nSpeziell in der Automobil- und Zuliefererindustrie ist das Au\u00dfenrundschleifen eine g\u00e4ngige Methode. Auch angesichts der Diskussion um moderne Antriebskonzepte ist absehbar, dass auch in Zukunft viele dieser oder \u00e4hnliche Bauteile nach diesem Verfahren bearbeitet werden. Dabei kommen Schleifscheiben unterschiedlichster Breite und Ausformungen zum Einsatz f\u00fcr die eine breite Palette an Produkten angeboten werden kann.<\/span><\/li><li><i class=\"tm-skincolor themifyicon ti-angle-double-right\"><\/i>  <span class=\"tm-list-li-content\"><b>Innenrundschleifen<\/b><br>\nDas Innenrundschleifen kommt insbesondere bei zylindrischen oder kegeligen Bohrungen zur Anwendung. Der begrenzte Bauraum stellt dabei eine gro\u00dfe Herausforderung dar. Die empfohlen K\u00fchlverfahren sind von elementarer Bedeutung, um den K\u00fchlschmierstoff pr\u00e4zise in die Kontaktzone einzuf\u00fchren.<\/span><\/li><li><i class=\"tm-skincolor themifyicon ti-angle-double-right\"><\/i>  <span class=\"tm-list-li-content\"><b>Flachschleifen<\/b><br>\nDas Verfahren des Flachschleifens verfolgt den Ansatz, thermische Beeinflussung, die sich qualit\u00e4tsmindernd auf das Werkst\u00fcck auswirkt, zu vermeiden. In den letzten Jahren hat es deutliche Fortschritte beim Einsatz von neuen Schleifscheibentechnologien gegeben, wobei die K\u00fchlschmierstoffversorgung eher unber\u00fccksichtigt blieb. Geschlossene Maschinenkabinen bieten mittlerweile hier auch Platz f\u00fcr Qualit\u00e4tsspr\u00fcnge.<\/span><\/li><li><i class=\"tm-skincolor themifyicon ti-angle-double-right\"><\/i>  <span class=\"tm-list-li-content\"><b>Profilschleifen<\/b><br>\nBeim Profilschleifen handelt es sich um das vollprofilige Schleifen von Konturen. Typische Werkst\u00fccke sind Zahnr\u00e4der, Schraubenprofile, Getriebeschnecken Verdichterrotoren etc. Die Herausforderung beim Profilschleifen besteht besteht darin, die thermische Belastung durch den bestm\u00f6glichen Einsatz des K\u00fchlschmierstoffs unter Kontrolle zu halten. Beim notwendigen Bewegungsablauf w\u00e4hrend des Schleifvorgangs stellt die Anordnung der K\u00fchlmitteld\u00fcsen immer eine Herausforderung dar.<\/span><\/li><li><i class=\"tm-skincolor themifyicon ti-angle-double-right\"><\/i>  <span class=\"tm-list-li-content\"><b>Werkzeugschleifen<\/b><br>\nAuch bei der Herstellung oder dem Schleifen von Werkzeugen ist h\u00f6chste Pr\u00e4zision das A & O. Die Bearbeitung erfolgt entweder manuell oder auf speziellen CNC-Schleifmaschinen. Speziell beim Werkzeugschleifen besteht die Aufgabe darin, kollisionsfrei K\u00fchlmitteld\u00fcsen so anzuordnen, dass eine Bearbeitung der Werkst\u00fccke nicht beeintr\u00e4chtigt wird und optimale Prozessparameter gefahren werden k\u00f6nnen.<\/span><\/li><li><i class=\"tm-skincolor themifyicon ti-angle-double-right\"><\/i>  <span class=\"tm-list-li-content\"><b>W\u00e4lzschleifen (in Entwicklung)<\/b><br>\nEine erweiterte Form des Profilschleifens, welches jedoch deutlich h\u00f6here Anforderung an die K\u00fchlschmierstoffversorgung stellt.<\/span><\/li><\/ul>\t\t<\/div>\n\t<\/div>\n<\/div>\n\n\n\n\t\t\n\t<\/div>\n<\/div>","protected":false},"excerpt":{"rendered":"Einsatzbereiche So kommen unsere Produkte zur Anwendung Je nach vorhandener Werkzeugmaschine und der entsprechenden K\u00fchlschmierstoffversorgung werden die folgenden K\u00fchlmethoden empfohlen: Prozessk\u00fchlung Bekannte Zuf\u00fchrung von K\u00fchlschmierstoff oberhalb der Schleifstelle Funkenl\u00f6schen L\u00f6schen des Funkenflugs unterhalb der Schleifstelle Freisp\u00fclen Je nach Gef\u00fcge der Schleifscheibe und der verwendeten Prozessparameter kann ein solcher Reinigungsprozess deutliche Vorteile beim Bearbeiten der Werkst\u00fccke &hellip; <a href=\"https:\/\/www.nozzlenizer.de\/en\/einsatzbereiche\/\" class=\"more-link\">Continue reading <span class=\"screen-reader-text\">Application Range<\/span><\/a>","protected":false},"author":1,"featured_media":3818,"parent":0,"menu_order":0,"comment_status":"closed","ping_status":"closed","template":"","meta":[],"yoast_head":"<!-- This site is optimized with the Yoast SEO plugin v21.8.1 - https:\/\/yoast.com\/wordpress\/plugins\/seo\/ -->\n<title>Einsatzbereiche - Nozzlenizer - der D\u00fcsenprofi<\/title>\n<meta name=\"description\" content=\"Einsatzbereiche \u2013 Nozzlenizer bietet L\u00f6sungen f\u00fcr die gesamte Bandbreite des Schleifens: Rund-, Flach-, Profil- und Werkzeugschleifen\" \/>\n<meta name=\"robots\" content=\"index, follow, max-snippet:-1, max-image-preview:large, max-video-preview:-1\" \/>\n<link rel=\"canonical\" href=\"https:\/\/www.nozzlenizer.de\/en\/einsatzbereiche\/\" \/>\n<meta property=\"og:locale\" content=\"en_GB\" \/>\n<meta property=\"og:type\" content=\"article\" \/>\n<meta property=\"og:title\" content=\"Einsatzbereiche - Nozzlenizer - der D\u00fcsenprofi\" \/>\n<meta property=\"og:description\" content=\"Einsatzbereiche \u2013 Nozzlenizer bietet L\u00f6sungen f\u00fcr die gesamte Bandbreite des Schleifens: Rund-, Flach-, Profil- und Werkzeugschleifen\" \/>\n<meta property=\"og:url\" content=\"https:\/\/www.nozzlenizer.de\/en\/einsatzbereiche\/\" \/>\n<meta property=\"og:site_name\" content=\"Nozzlenizer - der D\u00fcsenprofi\" \/>\n<meta property=\"article:modified_time\" content=\"2023-08-06T10:32:17+00:00\" \/>\n<meta property=\"og:image\" content=\"https:\/\/www.nozzlenizer.de\/wp-content\/uploads\/2019\/09\/finalslide2.jpg\" \/>\n\t<meta property=\"og:image:width\" content=\"700\" \/>\n\t<meta property=\"og:image:height\" content=\"933\" \/>\n\t<meta property=\"og:image:type\" content=\"image\/jpeg\" \/>\n<meta name=\"twitter:card\" content=\"summary_large_image\" \/>\n<meta name=\"twitter:label1\" content=\"Estimated reading time\" \/>\n\t<meta name=\"twitter:data1\" content=\"1 minute\" \/>\n<script type=\"application\/ld+json\" class=\"yoast-schema-graph\">{\"@context\":\"https:\/\/schema.org\",\"@graph\":[{\"@type\":\"WebPage\",\"@id\":\"https:\/\/www.nozzlenizer.de\/einsatzbereiche\/\",\"url\":\"https:\/\/www.nozzlenizer.de\/einsatzbereiche\/\",\"name\":\"Einsatzbereiche - Nozzlenizer - der D\u00fcsenprofi\",\"isPartOf\":{\"@id\":\"https:\/\/www.nozzlenizer.de\/#website\"},\"datePublished\":\"2019-07-29T13:10:35+00:00\",\"dateModified\":\"2023-08-06T10:32:17+00:00\",\"description\":\"Einsatzbereiche \u2013 Nozzlenizer bietet L\u00f6sungen f\u00fcr die gesamte Bandbreite des Schleifens: Rund-, Flach-, Profil- und Werkzeugschleifen\",\"breadcrumb\":{\"@id\":\"https:\/\/www.nozzlenizer.de\/einsatzbereiche\/#breadcrumb\"},\"inLanguage\":\"en-GB\",\"potentialAction\":[{\"@type\":\"ReadAction\",\"target\":[\"https:\/\/www.nozzlenizer.de\/einsatzbereiche\/\"]}]},{\"@type\":\"BreadcrumbList\",\"@id\":\"https:\/\/www.nozzlenizer.de\/einsatzbereiche\/#breadcrumb\",\"itemListElement\":[{\"@type\":\"ListItem\",\"position\":1,\"name\":\"Startseite\",\"item\":\"https:\/\/www.nozzlenizer.de\/\"},{\"@type\":\"ListItem\",\"position\":2,\"name\":\"Einsatzbereiche\"}]},{\"@type\":\"WebSite\",\"@id\":\"https:\/\/www.nozzlenizer.de\/#website\",\"url\":\"https:\/\/www.nozzlenizer.de\/\",\"name\":\"Nozzlenizer - der D\u00fcsenprofi\",\"description\":\"D\u00fcsen f\u00fcr optimierte K\u00fchlmittelzuf\u00fchrung von Werkzeugmaschinen\",\"potentialAction\":[{\"@type\":\"SearchAction\",\"target\":{\"@type\":\"EntryPoint\",\"urlTemplate\":\"https:\/\/www.nozzlenizer.de\/?s={search_term_string}\"},\"query-input\":\"required name=search_term_string\"}],\"inLanguage\":\"en-GB\"}]}<\/script>\n<!-- \/ Yoast SEO plugin. -->","yoast_head_json":{"title":"Einsatzbereiche - Nozzlenizer - der D\u00fcsenprofi","description":"Einsatzbereiche \u2013 Nozzlenizer bietet L\u00f6sungen f\u00fcr die gesamte Bandbreite des Schleifens: Rund-, Flach-, Profil- und Werkzeugschleifen","robots":{"index":"index","follow":"follow","max-snippet":"max-snippet:-1","max-image-preview":"max-image-preview:large","max-video-preview":"max-video-preview:-1"},"canonical":"https:\/\/www.nozzlenizer.de\/en\/einsatzbereiche\/","og_locale":"en_GB","og_type":"article","og_title":"Einsatzbereiche - Nozzlenizer - der D\u00fcsenprofi","og_description":"Einsatzbereiche \u2013 Nozzlenizer bietet L\u00f6sungen f\u00fcr die gesamte Bandbreite des Schleifens: Rund-, Flach-, Profil- und Werkzeugschleifen","og_url":"https:\/\/www.nozzlenizer.de\/en\/einsatzbereiche\/","og_site_name":"Nozzlenizer - der D\u00fcsenprofi","article_modified_time":"2023-08-06T10:32:17+00:00","og_image":[{"width":700,"height":933,"url":"https:\/\/www.nozzlenizer.de\/wp-content\/uploads\/2019\/09\/finalslide2.jpg","type":"image\/jpeg"}],"twitter_card":"summary_large_image","twitter_misc":{"Estimated reading time":"1 minute"},"schema":{"@context":"https:\/\/schema.org","@graph":[{"@type":"WebPage","@id":"https:\/\/www.nozzlenizer.de\/einsatzbereiche\/","url":"https:\/\/www.nozzlenizer.de\/einsatzbereiche\/","name":"Einsatzbereiche - Nozzlenizer - der D\u00fcsenprofi","isPartOf":{"@id":"https:\/\/www.nozzlenizer.de\/#website"},"datePublished":"2019-07-29T13:10:35+00:00","dateModified":"2023-08-06T10:32:17+00:00","description":"Einsatzbereiche \u2013 Nozzlenizer bietet L\u00f6sungen f\u00fcr die gesamte Bandbreite des Schleifens: Rund-, Flach-, Profil- und Werkzeugschleifen","breadcrumb":{"@id":"https:\/\/www.nozzlenizer.de\/einsatzbereiche\/#breadcrumb"},"inLanguage":"en-GB","potentialAction":[{"@type":"ReadAction","target":["https:\/\/www.nozzlenizer.de\/einsatzbereiche\/"]}]},{"@type":"BreadcrumbList","@id":"https:\/\/www.nozzlenizer.de\/einsatzbereiche\/#breadcrumb","itemListElement":[{"@type":"ListItem","position":1,"name":"Startseite","item":"https:\/\/www.nozzlenizer.de\/"},{"@type":"ListItem","position":2,"name":"Einsatzbereiche"}]},{"@type":"WebSite","@id":"https:\/\/www.nozzlenizer.de\/#website","url":"https:\/\/www.nozzlenizer.de\/","name":"Nozzlenizer - der D\u00fcsenprofi","description":"D\u00fcsen f\u00fcr optimierte K\u00fchlmittelzuf\u00fchrung von Werkzeugmaschinen","potentialAction":[{"@type":"SearchAction","target":{"@type":"EntryPoint","urlTemplate":"https:\/\/www.nozzlenizer.de\/?s={search_term_string}"},"query-input":"required name=search_term_string"}],"inLanguage":"en-GB"}]}},"_links":{"self":[{"href":"https:\/\/www.nozzlenizer.de\/en\/wp-json\/wp\/v2\/pages\/3668"}],"collection":[{"href":"https:\/\/www.nozzlenizer.de\/en\/wp-json\/wp\/v2\/pages"}],"about":[{"href":"https:\/\/www.nozzlenizer.de\/en\/wp-json\/wp\/v2\/types\/page"}],"author":[{"embeddable":true,"href":"https:\/\/www.nozzlenizer.de\/en\/wp-json\/wp\/v2\/users\/1"}],"replies":[{"embeddable":true,"href":"https:\/\/www.nozzlenizer.de\/en\/wp-json\/wp\/v2\/comments?post=3668"}],"version-history":[{"count":25,"href":"https:\/\/www.nozzlenizer.de\/en\/wp-json\/wp\/v2\/pages\/3668\/revisions"}],"predecessor-version":[{"id":3839,"href":"https:\/\/www.nozzlenizer.de\/en\/wp-json\/wp\/v2\/pages\/3668\/revisions\/3839"}],"wp:featuredmedia":[{"embeddable":true,"href":"https:\/\/www.nozzlenizer.de\/en\/wp-json\/wp\/v2\/media\/3818"}],"wp:attachment":[{"href":"https:\/\/www.nozzlenizer.de\/en\/wp-json\/wp\/v2\/media?parent=3668"}],"curies":[{"name":"wp","href":"https:\/\/api.w.org\/{rel}","templated":true}]}}