{"id":3648,"date":"2019-07-29T12:40:48","date_gmt":"2019-07-29T12:40:48","guid":{"rendered":"https:\/\/www.nozzlenizer.de\/?page_id=3648"},"modified":"2023-08-06T10:17:03","modified_gmt":"2023-08-06T10:17:03","slug":"ueber-uns","status":"publish","type":"page","link":"https:\/\/www.nozzlenizer.de\/en\/ueber-uns\/","title":{"rendered":"About us"},"content":{"rendered":"<div class=\"wpb-content-wrapper\"><div class=\"tm-row wpb_row vc_row-fluid vc_custom_1564404849175 tm-zindex-0 vc_row container tm-bgimage-position-center_center\">\n\n\t\t\n\t\t\n\t\t\n\n<div class=\"wpb_column tm-column vc_column_container vc_col-sm-2\/5 tm-zindex-0\">\n\t<div class=\"vc_column-inner\">\n\t\t\t\t<div class=\"wpb_wrapper\">\n\t\t\t<div class=\"tm-element-heading-wrapper tm-heading-inner tm-element-align-left tm-seperator-solid tm-heading-style-vertical\"><section class=\"tm-vc_cta3-container\"><div class=\"tm-vc_general tm-vc_cta3 tm-cta3-only tm-vc_cta3-style-classic tm-vc_cta3-shape-rounded tm-vc_cta3-align-left tm-vc_cta3-color-transparent tm-vc_cta3-icon-size-md tm-vc_cta3-actions-no tm-cta3-without-desc\"><div class=\"tm-vc_cta3_content-container\"><div class=\"tm-vc_cta3-content\"><header class=\"tm-vc_cta3-content-header tm-wrap\"><div class=\"tm-vc_cta3-headers tm-wrap-cell\"><h4 class=\"tm-custom-heading\" >what do we stand for<\/h4>\n<h2 class=\"tm-custom-heading\" >Company Background<\/h2>\n<\/div><div class=\"heading-seperator\"><span><\/span><\/div><\/header><\/div><\/div><\/div><\/section><\/div> <!-- .tm-element-heading-wrapper container --> \t\t<\/div>\n\t<\/div>\n<\/div>\n\n\n\n\n\n<div class=\"wpb_column tm-column vc_column_container vc_col-sm-3\/5 tm-zindex-0\">\n\t<div class=\"vc_column-inner\">\n\t\t\t\t<div class=\"wpb_wrapper\">\n\t\t\t\n\t<div class=\"wpb_text_column wpb_content_element\" >\n\t\t<div class=\"wpb_wrapper\">\n\t\t\t<p>As a start-up organization which combines new ways of thinking and creativity with decades of profile grinding experience, our main focus is aimed at maximizing efficiency and sustainability. Considering the current and ongoing climate change in conjunction with the increased burden on our Eco system, we place particular importance on the responsible use of resources. Based on this mindset, Nozzlenizer consequently searches for practical solutions which are economical and specifically target your individual needs while preserving the environment. We only apply highly precise, extremely robust and wear resistant products which optimize the coolant supply on your specific machine tool for years to come. Nozzlenizer\u2019s definition of the term \u201coptimization\u201d is to increase productivity and efficiency while constantly reducing flow rates and consequently lowering energy consumption.<\/p>\n<h5>Those who want to set new standards, must be willing to travel down new paths!<\/h5>\n<p>This catch phrase is not new, but with the currently ongoing global changes it is more relevant than ever.  If you want to reduce the ecological footprint of your company as well, then Nozzlenizer \u2013 your Nozzle Pro \u2013 is the right partner for you.  Go ahead, reach out and contact us!  We look forward to accompanying you and your firm on a secured path into the future.<\/p>\n\n\t\t<\/div>\n\t<\/div>\n\t\t<\/div>\n\t<\/div>\n<\/div>\n\n\n\n\t\t\n\t<\/div>\n\n\n\n\n\n\n\n\n\n\n\n<div class=\"tm-row wpb_row vc_row-fluid vc_custom_1564405308009 tm-zindex-0 vc_row container tm-bgimage-position-center_center\">\n\n\t\t\n\t\t\n\t\t\n\n<div class=\"wpb_column tm-column vc_column_container vc_col-sm-12 tm-zindex-0\">\n\t<div class=\"vc_column-inner\">\n\t\t\t\t<div class=\"wpb_wrapper\">\n\t\t\t<div class=\"vc_separator wpb_content_element vc_separator_align_center vc_sep_width_100 vc_sep_border_width_2 vc_sep_pos_align_center vc_separator_no_text vc_custom_1564405326042  vc_custom_1564405326042\" ><span class=\"vc_sep_holder vc_sep_holder_l\"><span style=\"border-color:#04102f;\" class=\"vc_sep_line\"><\/span><\/span><span class=\"vc_sep_holder vc_sep_holder_r\"><span style=\"border-color:#04102f;\" class=\"vc_sep_line\"><\/span><\/span>\n<\/div>\t\t<\/div>\n\t<\/div>\n<\/div>\n\n\n\n\t\t\n\t<\/div>\n\n\n\n\n\n\n\n\n\n\n\n<div class=\"tm-row wpb_row vc_row-fluid vc_custom_1564405009512 tm-zindex-0 vc_row container tm-bgimage-position-center_center\">\n\n\t\t\n\t\t\n\t\t\n\n<div class=\"wpb_column tm-column vc_column_container vc_col-sm-2\/5 tm-zindex-0\">\n\t<div class=\"vc_column-inner\">\n\t\t\t\t<div class=\"wpb_wrapper\">\n\t\t\t\n\t<div  class=\"wpb_single_image wpb_content_element vc_align_left\">\n\t\t\n\t\t<figure class=\"wpb_wrapper vc_figure\">\n\t\t\t<div class=\"vc_single_image-wrapper   vc_box_border_grey\"><img class=\"vc_single_image-img\" src=\"https:\/\/www.nozzlenizer.de\/wp-content\/uploads\/2019\/08\/radermacher2-310x379.jpg\" width=\"310\" height=\"379\" alt=\"Matthias Radermacher\" title=\"radermacher2\" loading=\"lazy\" \/><\/div>\n\t\t<\/figure>\n\t<\/div>\n\t\t<\/div>\n\t<\/div>\n<\/div>\n\n\n\n\n\n<div class=\"wpb_column tm-column vc_column_container vc_col-sm-3\/5 tm-zindex-0\">\n\t<div class=\"vc_column-inner\">\n\t\t\t\t<div class=\"wpb_wrapper\">\n\t\t\t<div class=\"tm-element-heading-wrapper tm-heading-inner tm-element-align-left tm-seperator-solid tm-heading-style-vertical\"><section class=\"tm-vc_cta3-container\"><div class=\"tm-vc_general tm-vc_cta3 tm-cta3-only tm-vc_cta3-style-classic tm-vc_cta3-shape-rounded tm-vc_cta3-align-left tm-vc_cta3-color-transparent tm-vc_cta3-icon-size-md tm-vc_cta3-actions-no tm-cta3-without-desc\"><div class=\"tm-vc_cta3_content-container\"><div class=\"tm-vc_cta3-content\"><header class=\"tm-vc_cta3-content-header tm-wrap\"><div class=\"tm-vc_cta3-headers tm-wrap-cell\"><h4 class=\"tm-custom-heading\" >who we are<\/h4>\n<h2 class=\"tm-custom-heading\" >Company Profile<\/h2>\n<\/div><div class=\"heading-seperator\"><span><\/span><\/div><\/header><\/div><\/div><\/div><\/section><\/div> <!-- .tm-element-heading-wrapper container --> \n\t<div class=\"wpb_text_column wpb_content_element\" >\n\t\t<div class=\"wpb_wrapper\">\n\t\t\t<p>Nozzlenizer GmbH was founded by Matthias Radermacher in 2019 and is located in Hueckeswagen, Germany. The founder is able to provide and apply his several decades of practical experience in the field of profile grinding which he has been able to attain internationally.<\/p>\n<p>With the headline \u201cthose who want to set new standards, must be willing to travel down new paths\u201d Nozzlenizer offers a wide array \/ variety of solutions and services which are customized to your specific applications. We emphasize our focus primarily on practical and proven products which are not only economical and offer a great value but which are also environmentally friendly within their industrial applications.<\/p>\n\n\t\t<\/div>\n\t<\/div>\n\t\t<\/div>\n\t<\/div>\n<\/div>\n\n\n\n\t\t\n\t<\/div>\n<\/div>","protected":false},"excerpt":{"rendered":"Was uns bewegt Firmenphilosophie Als Start-up-Unternehmen, das frisches Denken und Kreativit\u00e4t mit langj\u00e4hriger Erfahrung und Expertise im Bereich des Profilschleifens kombiniert, legen wir den Fokus auf maximale Profitabilit\u00e4t und Nachhaltigkeit. Angesichts des Klimawandels und der zunehmenden Belastung des \u00d6kosystems liegt uns hierbei auch der verantwortungsbewusste Umgang mit Ressourcen am Herzen. Vor diesem Hintergrund setzt Nozzlenizer &hellip; <a href=\"https:\/\/www.nozzlenizer.de\/en\/ueber-uns\/\" class=\"more-link\">Continue reading <span class=\"screen-reader-text\">About us<\/span><\/a>","protected":false},"author":1,"featured_media":4032,"parent":0,"menu_order":0,"comment_status":"closed","ping_status":"closed","template":"","meta":[],"yoast_head":"<!-- This site is optimized with the Yoast SEO plugin v21.8.1 - https:\/\/yoast.com\/wordpress\/plugins\/seo\/ -->\n<title>\u00dcber uns - Nozzlenizer - der D\u00fcsenprofi<\/title>\n<meta name=\"description\" content=\"\u00dcber uns \u2013 wir verbinden frisches Denken und Kreativit\u00e4t mit langj\u00e4hriger Erfahrung und Expertise im Bereich des Profilschleifens.\" \/>\n<meta name=\"robots\" content=\"index, follow, max-snippet:-1, max-image-preview:large, max-video-preview:-1\" \/>\n<link rel=\"canonical\" href=\"https:\/\/www.nozzlenizer.de\/en\/ueber-uns\/\" \/>\n<meta property=\"og:locale\" content=\"en_GB\" \/>\n<meta property=\"og:type\" content=\"article\" \/>\n<meta property=\"og:title\" content=\"\u00dcber uns - Nozzlenizer - der D\u00fcsenprofi\" \/>\n<meta property=\"og:description\" content=\"\u00dcber uns \u2013 wir verbinden frisches Denken und Kreativit\u00e4t mit langj\u00e4hriger Erfahrung und Expertise im Bereich des Profilschleifens.\" \/>\n<meta property=\"og:url\" content=\"https:\/\/www.nozzlenizer.de\/en\/ueber-uns\/\" \/>\n<meta property=\"og:site_name\" content=\"Nozzlenizer - der D\u00fcsenprofi\" \/>\n<meta property=\"article:modified_time\" content=\"2023-08-06T10:17:03+00:00\" \/>\n<meta property=\"og:image\" content=\"https:\/\/www.nozzlenizer.de\/wp-content\/uploads\/2023\/02\/nozzlenizer_umzug4.jpg\" \/>\n\t<meta property=\"og:image:width\" content=\"1100\" \/>\n\t<meta property=\"og:image:height\" content=\"729\" \/>\n\t<meta property=\"og:image:type\" content=\"image\/jpeg\" \/>\n<meta name=\"twitter:card\" content=\"summary_large_image\" \/>\n<meta name=\"twitter:label1\" content=\"Estimated reading time\" \/>\n\t<meta name=\"twitter:data1\" content=\"2 minutes\" \/>\n<script type=\"application\/ld+json\" class=\"yoast-schema-graph\">{\"@context\":\"https:\/\/schema.org\",\"@graph\":[{\"@type\":\"WebPage\",\"@id\":\"https:\/\/www.nozzlenizer.de\/ueber-uns\/\",\"url\":\"https:\/\/www.nozzlenizer.de\/ueber-uns\/\",\"name\":\"\u00dcber uns - Nozzlenizer - der D\u00fcsenprofi\",\"isPartOf\":{\"@id\":\"https:\/\/www.nozzlenizer.de\/#website\"},\"datePublished\":\"2019-07-29T12:40:48+00:00\",\"dateModified\":\"2023-08-06T10:17:03+00:00\",\"description\":\"\u00dcber uns \u2013 wir verbinden frisches Denken und Kreativit\u00e4t mit langj\u00e4hriger Erfahrung und Expertise im Bereich des Profilschleifens.\",\"breadcrumb\":{\"@id\":\"https:\/\/www.nozzlenizer.de\/ueber-uns\/#breadcrumb\"},\"inLanguage\":\"en-GB\",\"potentialAction\":[{\"@type\":\"ReadAction\",\"target\":[\"https:\/\/www.nozzlenizer.de\/ueber-uns\/\"]}]},{\"@type\":\"BreadcrumbList\",\"@id\":\"https:\/\/www.nozzlenizer.de\/ueber-uns\/#breadcrumb\",\"itemListElement\":[{\"@type\":\"ListItem\",\"position\":1,\"name\":\"Startseite\",\"item\":\"https:\/\/www.nozzlenizer.de\/\"},{\"@type\":\"ListItem\",\"position\":2,\"name\":\"\u00dcber uns\"}]},{\"@type\":\"WebSite\",\"@id\":\"https:\/\/www.nozzlenizer.de\/#website\",\"url\":\"https:\/\/www.nozzlenizer.de\/\",\"name\":\"Nozzlenizer - der D\u00fcsenprofi\",\"description\":\"D\u00fcsen f\u00fcr optimierte K\u00fchlmittelzuf\u00fchrung von Werkzeugmaschinen\",\"potentialAction\":[{\"@type\":\"SearchAction\",\"target\":{\"@type\":\"EntryPoint\",\"urlTemplate\":\"https:\/\/www.nozzlenizer.de\/?s={search_term_string}\"},\"query-input\":\"required name=search_term_string\"}],\"inLanguage\":\"en-GB\"}]}<\/script>\n<!-- \/ Yoast SEO plugin. -->","yoast_head_json":{"title":"\u00dcber uns - Nozzlenizer - der D\u00fcsenprofi","description":"\u00dcber uns \u2013 wir verbinden frisches Denken und Kreativit\u00e4t mit langj\u00e4hriger Erfahrung und Expertise im Bereich des Profilschleifens.","robots":{"index":"index","follow":"follow","max-snippet":"max-snippet:-1","max-image-preview":"max-image-preview:large","max-video-preview":"max-video-preview:-1"},"canonical":"https:\/\/www.nozzlenizer.de\/en\/ueber-uns\/","og_locale":"en_GB","og_type":"article","og_title":"\u00dcber uns - Nozzlenizer - der D\u00fcsenprofi","og_description":"\u00dcber uns \u2013 wir verbinden frisches Denken und Kreativit\u00e4t mit langj\u00e4hriger Erfahrung und Expertise im Bereich des Profilschleifens.","og_url":"https:\/\/www.nozzlenizer.de\/en\/ueber-uns\/","og_site_name":"Nozzlenizer - der D\u00fcsenprofi","article_modified_time":"2023-08-06T10:17:03+00:00","og_image":[{"width":1100,"height":729,"url":"https:\/\/www.nozzlenizer.de\/wp-content\/uploads\/2023\/02\/nozzlenizer_umzug4.jpg","type":"image\/jpeg"}],"twitter_card":"summary_large_image","twitter_misc":{"Estimated reading time":"2 minutes"},"schema":{"@context":"https:\/\/schema.org","@graph":[{"@type":"WebPage","@id":"https:\/\/www.nozzlenizer.de\/ueber-uns\/","url":"https:\/\/www.nozzlenizer.de\/ueber-uns\/","name":"\u00dcber uns - Nozzlenizer - der D\u00fcsenprofi","isPartOf":{"@id":"https:\/\/www.nozzlenizer.de\/#website"},"datePublished":"2019-07-29T12:40:48+00:00","dateModified":"2023-08-06T10:17:03+00:00","description":"\u00dcber uns \u2013 wir verbinden frisches Denken und Kreativit\u00e4t mit langj\u00e4hriger Erfahrung und Expertise im Bereich des Profilschleifens.","breadcrumb":{"@id":"https:\/\/www.nozzlenizer.de\/ueber-uns\/#breadcrumb"},"inLanguage":"en-GB","potentialAction":[{"@type":"ReadAction","target":["https:\/\/www.nozzlenizer.de\/ueber-uns\/"]}]},{"@type":"BreadcrumbList","@id":"https:\/\/www.nozzlenizer.de\/ueber-uns\/#breadcrumb","itemListElement":[{"@type":"ListItem","position":1,"name":"Startseite","item":"https:\/\/www.nozzlenizer.de\/"},{"@type":"ListItem","position":2,"name":"\u00dcber uns"}]},{"@type":"WebSite","@id":"https:\/\/www.nozzlenizer.de\/#website","url":"https:\/\/www.nozzlenizer.de\/","name":"Nozzlenizer - der D\u00fcsenprofi","description":"D\u00fcsen f\u00fcr optimierte K\u00fchlmittelzuf\u00fchrung von Werkzeugmaschinen","potentialAction":[{"@type":"SearchAction","target":{"@type":"EntryPoint","urlTemplate":"https:\/\/www.nozzlenizer.de\/?s={search_term_string}"},"query-input":"required name=search_term_string"}],"inLanguage":"en-GB"}]}},"_links":{"self":[{"href":"https:\/\/www.nozzlenizer.de\/en\/wp-json\/wp\/v2\/pages\/3648"}],"collection":[{"href":"https:\/\/www.nozzlenizer.de\/en\/wp-json\/wp\/v2\/pages"}],"about":[{"href":"https:\/\/www.nozzlenizer.de\/en\/wp-json\/wp\/v2\/types\/page"}],"author":[{"embeddable":true,"href":"https:\/\/www.nozzlenizer.de\/en\/wp-json\/wp\/v2\/users\/1"}],"replies":[{"embeddable":true,"href":"https:\/\/www.nozzlenizer.de\/en\/wp-json\/wp\/v2\/comments?post=3648"}],"version-history":[{"count":20,"href":"https:\/\/www.nozzlenizer.de\/en\/wp-json\/wp\/v2\/pages\/3648\/revisions"}],"predecessor-version":[{"id":4041,"href":"https:\/\/www.nozzlenizer.de\/en\/wp-json\/wp\/v2\/pages\/3648\/revisions\/4041"}],"wp:featuredmedia":[{"embeddable":true,"href":"https:\/\/www.nozzlenizer.de\/en\/wp-json\/wp\/v2\/media\/4032"}],"wp:attachment":[{"href":"https:\/\/www.nozzlenizer.de\/en\/wp-json\/wp\/v2\/media?parent=3648"}],"curies":[{"name":"wp","href":"https:\/\/api.w.org\/{rel}","templated":true}]}}