{"id":2989,"date":"2018-09-10T04:11:26","date_gmt":"2018-09-10T04:11:26","guid":{"rendered":"https:\/\/tectxon.themetechmount.com\/?page_id=2989"},"modified":"2024-04-01T07:33:18","modified_gmt":"2024-04-01T07:33:18","slug":"home-1","status":"publish","type":"page","link":"https:\/\/www.nozzlenizer.de\/en\/","title":{"rendered":"Nozzlenizer \u2013 Ihr D\u00fcsenprofi"},"content":{"rendered":"<div class=\"wpb-content-wrapper\"><div class=\"tm-row wpb_row vc_row-fluid vc_custom_1536984703349 tm-responsive-custom-15049183 break-991-colum tm-overlap-row tm-shadow-row tm-zindex-0 vc_row container tm-bgcolor-white tm-bgimage-position-center_center\">\n\n\t\t\n\t\t\n\t\t\n\n<div class=\"wpb_column tm-column vc_column_container vc_col-sm-5 tm-zindex-0\">\n\t<div class=\"vc_column-inner vc_custom_1536639786873\">\n\t\t\t\t<div class=\"wpb_wrapper\">\n\t\t\t\n\t<div  class=\"wpb_single_image wpb_content_element vc_align_center\">\n\t\t\n\t\t<figure class=\"wpb_wrapper vc_figure\">\n\t\t\t<div class=\"vc_single_image-wrapper   vc_box_border_grey\"><img width=\"667\" height=\"1000\" src=\"https:\/\/www.nozzlenizer.de\/wp-content\/uploads\/2019\/07\/2nozzlenizer.jpg\" class=\"vc_single_image-img attachment-full\" alt=\"Nozzlenizer K\u00fchld\u00fcsen\" decoding=\"async\" title=\"2nozzlenizer\" srcset=\"https:\/\/www.nozzlenizer.de\/wp-content\/uploads\/2019\/07\/2nozzlenizer.jpg 667w, https:\/\/www.nozzlenizer.de\/wp-content\/uploads\/2019\/07\/2nozzlenizer-200x300.jpg 200w\" sizes=\"(max-width: 667px) 100vw, 667px\" data-id=\"3642\" \/><\/div>\n\t\t<\/figure>\n\t<\/div>\n\t\t<\/div>\n\t<\/div>\n<\/div>\n\n\n\n\n\n<div class=\"wpb_column tm-column vc_column_container vc_col-sm-7 tm-zindex-0\">\n\t<div class=\"vc_column-inner vc_custom_1536642332549 tm-responsive-custom-83949204\">\n\t\t\t\t<div class=\"wpb_wrapper\">\n\t\t\t<div class=\"tm-element-heading-wrapper tm-heading-inner tm-element-align-left tm-seperator-solid tm-heading-style-vertical\"><section class=\"tm-vc_cta3-container\"><div class=\"tm-vc_general tm-vc_cta3 tm-cta3-only tm-vc_cta3-style-classic tm-vc_cta3-shape-rounded tm-vc_cta3-align-left tm-vc_cta3-color-transparent tm-vc_cta3-icon-size-md tm-vc_cta3-actions-no tm-cta3-with-desc\"><div class=\"tm-vc_cta3_content-container\"><div class=\"tm-vc_cta3-content\"><header class=\"tm-vc_cta3-content-header tm-wrap\"><div class=\"tm-vc_cta3-headers tm-wrap-cell\"><h4 class=\"tm-custom-heading\" >NOZZLENIZER<\/h4>\n<h2 class=\"tm-custom-heading\" >The Nozzle-Specialist<strong>technology at a high level<\/strong><\/h2>\n<\/div><div class=\"heading-seperator\"><span><\/span><\/div><\/header><div class=\"tm-cta3-content-wrapper\"><p><strong>As a start-up organization which combines new ways of thinking and creativity with decades of profile grinding experience, our main focus is aimed at maximizing efficiency and sustainability.<\/strong><\/p><\/div><\/div><\/div><\/div><\/section><\/div> <!-- .tm-element-heading-wrapper container --> \n\t<div class=\"wpb_text_column wpb_content_element  vc_custom_1564386983032\" >\n\t\t<div class=\"wpb_wrapper\">\n\t\t\t<p>Considering the current and ongoing climate change in conjunction with the increased burden on our Eco system, we place particular importance on the responsible use of resources. Based on this mindset, Nozzlenizer consequently searches for practical solutions which are economical and specifically target your individual needs while preserving the environment.<\/p>\n\n\t\t<\/div>\n\t<\/div>\n\n\t\t<div class=\"tm-vc_btn3-container tm-vc_btn3-left\"><a class=\"tm-vc_general tm-vc_btn3 tm-vc_btn3-size-md tm-vc_btn3-shape-square tm-vc_btn3-style-text tm-vc_btn3-weight-no tm-vc_btn3-color-skincolor\" href=\"\/en\/ueber-uns\/\" title=\"\">read more<\/a><\/div><div class=\"vc_separator wpb_content_element vc_separator_align_center vc_sep_width_100 vc_sep_pos_align_center vc_separator_no_text vc_custom_1536640328784  vc_custom_1536640328784\" ><span class=\"vc_sep_holder vc_sep_holder_l\"><span style=\"border-color:#f1f1f1;\" class=\"vc_sep_line\"><\/span><\/span><span class=\"vc_sep_holder vc_sep_holder_r\"><span style=\"border-color:#f1f1f1;\" class=\"vc_sep_line\"><\/span><\/span>\n<\/div>\n<div class=\"tm-row-inner vc_row wpb_row vc_inner vc_row-fluid tm-zindex-0\">\n\t\n<div class=\"wpb_column tm-column-inner vc_column_container vc_col-sm-4 tm-zindex-0\">\n\t<div class=\"vc_column-inner\">\n\t\t \n\t\t<div class=\"wpb_wrapper\">\n\t\t\t\n\n<div class=\"tm-fid inside tm-fid-without-icon tm-fid-view-lefticon tm-fid-no-border\">\n\t\t<div class=\"tm-fld-contents\">\n\t\t<h4 class=\"tm-fid-inner\">\n\t\t\t\t\t\t<span\n\t\t\t\tdata-appear-animation = \"animateDigits\"\n\t\t\t\tdata-from             = \"0\"\n\t\t\t\tdata-to               = \"41\"\n\t\t\t\tdata-interval         = \"5\"\n\t\t\t\tdata-before           = \"\"\n\t\t\t\tdata-before-style     = \"sup\"\n\t\t\t\tdata-after            = \"+\"\n\t\t\t\tdata-after-style      = \"sub\"\n\t\t\t\t>\n\t\t\t\t\t41\t\t\t<\/span>\n\t\t\t<sub>+<\/sub>\t\t<\/h4>\n\t\t<h3 class=\"tm-fid-title\"><span>Yeras of Experience<br><\/span><\/h3>\n\t<\/div><!-- .tm-fld-contents -->\n\t<\/div>\n\n\n\n\t\t<\/div>\n\t<\/div>\n<\/div>\n\n\n<div class=\"wpb_column tm-column-inner vc_column_container vc_col-sm-4 tm-zindex-0\">\n\t<div class=\"vc_column-inner\">\n\t\t \n\t\t<div class=\"wpb_wrapper\">\n\t\t\t\n\n<div class=\"tm-fid inside tm-fid-without-icon tm-fid-view-lefticon tm-fid-no-border\">\n\t\t<div class=\"tm-fld-contents\">\n\t\t<h4 class=\"tm-fid-inner\">\n\t\t\t\t\t\t<span\n\t\t\t\tdata-appear-animation = \"animateDigits\"\n\t\t\t\tdata-from             = \"0\"\n\t\t\t\tdata-to               = \"45\"\n\t\t\t\tdata-interval         = \"5\"\n\t\t\t\tdata-before           = \"\"\n\t\t\t\tdata-before-style     = \"sup\"\n\t\t\t\tdata-after            = \"+\"\n\t\t\t\tdata-after-style      = \"sub\"\n\t\t\t\t>\n\t\t\t\t\t45\t\t\t<\/span>\n\t\t\t<sub>+<\/sub>\t\t<\/h4>\n\t\t<h3 class=\"tm-fid-title\"><span>Satisfied Customers<br><\/span><\/h3>\n\t<\/div><!-- .tm-fld-contents -->\n\t<\/div>\n\n\n\n\t\t<\/div>\n\t<\/div>\n<\/div>\n\n\n<div class=\"wpb_column tm-column-inner vc_column_container vc_col-sm-4 tm-zindex-0\">\n\t<div class=\"vc_column-inner\">\n\t\t \n\t\t<div class=\"wpb_wrapper\">\n\t\t\t\n\n<div class=\"tm-fid inside tm-fid-without-icon tm-fid-view-lefticon tm-fid-no-border\">\n\t\t<div class=\"tm-fld-contents\">\n\t\t<h4 class=\"tm-fid-inner\">\n\t\t\t\t\t\t<span\n\t\t\t\tdata-appear-animation = \"animateDigits\"\n\t\t\t\tdata-from             = \"0\"\n\t\t\t\tdata-to               = \"3\"\n\t\t\t\tdata-interval         = \"5\"\n\t\t\t\tdata-before           = \"\"\n\t\t\t\tdata-before-style     = \"sup\"\n\t\t\t\tdata-after            = \"+\"\n\t\t\t\tdata-after-style      = \"sub\"\n\t\t\t\t>\n\t\t\t\t\t3\t\t\t<\/span>\n\t\t\t<sub>+<\/sub>\t\t<\/h4>\n\t\t<h3 class=\"tm-fid-title\"><span>Employees<br><\/span><\/h3>\n\t<\/div><!-- .tm-fld-contents -->\n\t<\/div>\n\n\n\n\t\t<\/div>\n\t<\/div>\n<\/div>\n\n<\/div>\n\n\t\t<\/div>\n\t<\/div>\n<\/div>\n\n\n\n\t\t\n\t<\/div>\n\n\n\n\n\n\n\n\n\n\n\n<div data-vc-full-width=\"true\" data-vc-full-width-init=\"false\" class=\"tm-row wpb_row vc_row-fluid vc_custom_1568741531629 vc_row-has-fill tm-zindex-0 tm-textcolor-white tm-bgimage-position-center_bottom tm-bg tm-bgimage-yes\">\n\n\t\t\t<div class=\"tm-row-wrapper-bg-layer tm-bg-layer\"><\/div><!-- ThemetechMount custom DIV added -->\n\t\t\n\t <div class=\"vc_row container\"> \t\n\t\t\n\n<div class=\"wpb_column tm-column vc_column_container vc_col-sm-12 tm-zindex-0\">\n\t<div class=\"vc_column-inner\">\n\t\t\t\t<div class=\"wpb_wrapper\">\n\t\t\t\n<div class=\"tm-row-inner vc_row wpb_row vc_inner vc_row-fluid vc_custom_1536638924461 tm-zindex-0\">\n\t\n<div class=\"wpb_column tm-column-inner vc_column_container vc_col-sm-10 tm-zindex-0\">\n\t<div class=\"vc_column-inner vc_custom_1536987447593 tm-responsive-custom-96196950\">\n\t\t \n\t\t<div class=\"wpb_wrapper\">\n\t\t\t<div class=\"tm-element-heading-wrapper tm-heading-inner tm-element-align-left tm-seperator-solid tm-heading-style-horizontal  vc_custom_1566805366851\"><section class=\"tm-vc_cta3-container\"><div class=\"tm-vc_general tm-vc_cta3 tm-cta3-only tm-vc_cta3-style-classic tm-vc_cta3-shape-rounded tm-vc_cta3-align-left tm-vc_cta3-color-transparent tm-vc_cta3-icon-size-md tm-vc_cta3-actions-no tm-cta3-with-desc\"><div class=\"tm-vc_cta3_content-container\"><div class=\"tm-vc_cta3-content\"><header class=\"tm-vc_cta3-content-header tm-wrap\"><div class=\"tm-vc_cta3-headers tm-wrap-cell\"><h2 class=\"tm-custom-heading\" >Solutions for<strong>many Industries<\/strong><\/h2>\n<\/div><div class=\"heading-seperator\"><span><\/span><\/div><\/header><div class=\"tm-cta3-content-wrapper\"><p>Improve the use of resources in order to increase overall performance and efficiency so that further growth can be ensured in the future.<\/p><\/div><\/div><\/div><\/div><\/section><\/div> <!-- .tm-element-heading-wrapper container --> \t\t<\/div>\n\t<\/div>\n<\/div>\n\n\n<div class=\"tm-reset-button-left-767 wpb_column tm-column-inner vc_column_container vc_col-sm-2 tm-zindex-0\">\n\t<div class=\"vc_column-inner vc_custom_1536656454407\">\n\t\t \n\t\t<div class=\"wpb_wrapper\">\n\t\t\t\n\t\t<div class=\"tm-vc_btn3-container tm-vc_btn3-right\"><a class=\"tm-vc_general tm-vc_btn3 tm-vc_btn3-size-md tm-vc_btn3-shape-square tm-vc_btn3-style-outline tm-vc_btn3-weight-no tm-vc_btn3-color-white\" href=\"https:\/\/www.nozzlenizer.de\/en\/service-beratung\/\" title=\"Service &amp; Beratung\">Services<\/a><\/div>\t\t<\/div>\n\t<\/div>\n<\/div>\n\n<\/div>\n\n<div class=\"vc_separator wpb_content_element vc_separator_align_center vc_sep_width_100 vc_sep_pos_align_center vc_separator_no_text\" ><span class=\"vc_sep_holder vc_sep_holder_l\"><span style=\"border-color:rgb(255,255,255);border-color:rgba(255,255,255,0.14);\" class=\"vc_sep_line\"><\/span><\/span><span class=\"vc_sep_holder vc_sep_holder_r\"><span style=\"border-color:rgb(255,255,255);border-color:rgba(255,255,255,0.14);\" class=\"vc_sep_line\"><\/span><\/span>\n<\/div>\n<div class=\"tm-row-inner vc_row wpb_row vc_inner vc_row-fluid sbox-hover-borderbox vc_custom_1536645718308 break-991-colum tm-zindex-0\">\n\t\n<div class=\"wpb_column tm-column-inner vc_column_container vc_col-sm-4 tm-zindex-0\">\n\t<div class=\"vc_column-inner\">\n\t\t \n\t\t<div class=\"wpb_wrapper\">\n\t\t\t<div class=\"tm-sbox tm-sbox-iconalign-top-center none tm-sbox-bgcolor-transparent tm-bgcolor-transparent tm-sbox-textcolor- tm-textcolor- tm-sbox-isize-lg tm-sbox-isize-lg tm-sbox-istyle-none  tm-sbox-heading-only\"><section class=\"tm-vc_cta3-container\"><div class=\"tm-vc_general tm-vc_cta3 tm-vc_cta3-align-left tm-vc_cta3-icon-size-lg tm-vc_cta3-icons-top tm-vc_cta3-actions-no\"><div class=\"tm-vc_cta3-icons tm-wrap-cell\"><div class=\"tm-vc_icon_element tm-vc_icon_element-outer tm-vc_icon_element-align-left\"><div class=\"tm-vc_icon_element-inner  tm-vc_icon_element-color-white tm-vc_icon_element-size-lg tm-vc_icon_element-style-none tm-vc_icon_element-background-color-grey\" ><span class=\"tm-vc_icon_element-icon kw_tectxon flaticon-factory-4\" ><\/span><\/div><\/div><\/div><div class=\"tm-vc_cta3_content-container\"><div class=\"tm-vc_cta3-content\"><div class=\"tm-vc_cta3-content-header tm-wrap\"><div class=\"tm-vc_cta3-headers tm-wrap-cell\"><h2 class=\"tm-custom-heading\" >General gear construction<\/h2>\n<\/div><\/div><\/div><div class=\"tm-cta3-desc-btn-wrapper\"><div class=\"tm-cta3-description\"><div class=\"tm-cta3-content-wrapper\"><p>Powerful cooling when grinding gear parts.<\/p><\/div><\/div><\/div><\/div><\/div><\/section><\/div>\t\t<\/div>\n\t<\/div>\n<\/div>\n\n\n<div class=\"wpb_column tm-column-inner vc_column_container vc_col-sm-4 tm-zindex-0\">\n\t<div class=\"vc_column-inner\">\n\t\t \n\t\t<div class=\"wpb_wrapper\">\n\t\t\t<div class=\"tm-sbox tm-sbox-iconalign-top-center none tm-sbox-bgcolor-transparent tm-bgcolor-transparent tm-sbox-textcolor- tm-textcolor- tm-sbox-isize-lg tm-sbox-isize-lg tm-sbox-istyle-none  tm-sbox-heading-only\"><section class=\"tm-vc_cta3-container\"><div class=\"tm-vc_general tm-vc_cta3 tm-vc_cta3-align-left tm-vc_cta3-icon-size-lg tm-vc_cta3-icons-top tm-vc_cta3-actions-no\"><div class=\"tm-vc_cta3-icons tm-wrap-cell\"><div class=\"tm-vc_icon_element tm-vc_icon_element-outer tm-vc_icon_element-align-left\"><div class=\"tm-vc_icon_element-inner  tm-vc_icon_element-color-white tm-vc_icon_element-size-lg tm-vc_icon_element-style-none tm-vc_icon_element-background-color-grey\" ><span class=\"tm-vc_icon_element-icon kw_tectxon flaticon-robot-arm\" ><\/span><\/div><\/div><\/div><div class=\"tm-vc_cta3_content-container\"><div class=\"tm-vc_cta3-content\"><div class=\"tm-vc_cta3-content-header tm-wrap\"><div class=\"tm-vc_cta3-headers tm-wrap-cell\"><h2 class=\"tm-custom-heading\" >Compressors and pump construction<\/h2>\n<\/div><\/div><\/div><div class=\"tm-cta3-desc-btn-wrapper\"><div class=\"tm-cta3-description\"><div class=\"tm-cta3-content-wrapper\"><p>Optimum cooling in difficult conditions.<\/p><\/div><\/div><\/div><\/div><\/div><\/section><\/div>\t\t<\/div>\n\t<\/div>\n<\/div>\n\n\n<div class=\"wpb_column tm-column-inner vc_column_container vc_col-sm-4 tm-zindex-0\">\n\t<div class=\"vc_column-inner\">\n\t\t \n\t\t<div class=\"wpb_wrapper\">\n\t\t\t<div class=\"tm-sbox tm-sbox-iconalign-top-center none tm-sbox-bgcolor-transparent tm-bgcolor-transparent tm-sbox-textcolor- tm-textcolor- tm-sbox-isize-lg tm-sbox-isize-lg tm-sbox-istyle-none  tm-sbox-heading-only\"><section class=\"tm-vc_cta3-container\"><div class=\"tm-vc_general tm-vc_cta3 tm-vc_cta3-align-left tm-vc_cta3-icon-size-lg tm-vc_cta3-icons-top tm-vc_cta3-actions-no\"><div class=\"tm-vc_cta3-icons tm-wrap-cell\"><div class=\"tm-vc_icon_element tm-vc_icon_element-outer tm-vc_icon_element-align-left\"><div class=\"tm-vc_icon_element-inner  tm-vc_icon_element-color-white tm-vc_icon_element-size-lg tm-vc_icon_element-style-none tm-vc_icon_element-background-color-grey\" ><span class=\"tm-vc_icon_element-icon kw_tectxon flaticon-drilling\" ><\/span><\/div><\/div><\/div><div class=\"tm-vc_cta3_content-container\"><div class=\"tm-vc_cta3-content\"><div class=\"tm-vc_cta3-content-header tm-wrap\"><div class=\"tm-vc_cta3-headers tm-wrap-cell\"><h2 class=\"tm-custom-heading\" >Tools and special parts<\/h2>\n<\/div><\/div><\/div><div class=\"tm-cta3-desc-btn-wrapper\"><div class=\"tm-cta3-description\"><div class=\"tm-cta3-content-wrapper\"><p>Improved cooling through optimal design<\/p><\/div><\/div><\/div><\/div><\/div><\/section><\/div>\t\t<\/div>\n\t<\/div>\n<\/div>\n\n<\/div>\n\n\t\t<\/div>\n\t<\/div>\n<\/div>\n\n\n\n\t\t\n\t <\/div> <\/div>\n\n\n<div class=\"vc_row-full-width vc_clearfix\"><\/div>\n<\/div>","protected":false},"excerpt":{"rendered":"NOZZLENIZER IHR D\u00dcSENPROFITechnik auf h\u00f6chstem Niveau Als Start-up-Unternehmen, das frisches Denken und Kreativit\u00e4t mit langj\u00e4hriger Erfahrung und Expertise im Bereich des Profilschleifens kombiniert, legen wir den Fokus auf maximale Profitabilit\u00e4t und Nachhaltigkeit. Angesichts des Klimawandels und der zunehmenden Belastung des \u00d6kosystems liegt uns hierbei auch der verantwortungsbewusste Umgang mit Ressourcen am Herzen. Vor diesem Hintergrund &hellip; <a href=\"https:\/\/www.nozzlenizer.de\/en\/\" class=\"more-link\">Continue reading <span class=\"screen-reader-text\">Nozzlenizer \u2013 Ihr D\u00fcsenprofi<\/span><\/a>","protected":false},"author":1,"featured_media":3920,"parent":0,"menu_order":1,"comment_status":"closed","ping_status":"closed","template":"","meta":[],"yoast_head":"<!-- This site is optimized with the Yoast SEO plugin v21.8.1 - https:\/\/yoast.com\/wordpress\/plugins\/seo\/ -->\n<title>Nozzlenizer \u2013 Ihr D\u00fcsenprofi f\u00fcr optimierte K\u00fchlmittelzufuhr<\/title>\n<meta name=\"description\" content=\"Nozzlenizer \u2013 Ihr D\u00fcsenprofi f\u00fcr optimierte K\u00fchlmittelzufuhr bei Werkzeugmaschinen. Erfahren Sie hier mehr \u00fcber unseren innovativen Ansatz!\" \/>\n<meta name=\"robots\" content=\"index, follow, max-snippet:-1, max-image-preview:large, max-video-preview:-1\" \/>\n<link rel=\"canonical\" href=\"https:\/\/www.nozzlenizer.de\/en\/\" \/>\n<meta property=\"og:locale\" content=\"en_GB\" \/>\n<meta property=\"og:type\" content=\"article\" \/>\n<meta property=\"og:title\" content=\"Nozzlenizer \u2013 Ihr D\u00fcsenprofi f\u00fcr optimierte K\u00fchlmittelzufuhr\" \/>\n<meta property=\"og:description\" content=\"Nozzlenizer \u2013 Ihr D\u00fcsenprofi f\u00fcr optimierte K\u00fchlmittelzufuhr bei Werkzeugmaschinen. Erfahren Sie hier mehr \u00fcber unseren innovativen Ansatz!\" \/>\n<meta property=\"og:url\" content=\"https:\/\/www.nozzlenizer.de\/en\/\" \/>\n<meta property=\"og:site_name\" content=\"Nozzlenizer - der D\u00fcsenprofi\" \/>\n<meta property=\"article:modified_time\" content=\"2024-04-01T07:33:18+00:00\" \/>\n<meta property=\"og:image\" content=\"https:\/\/www.nozzlenizer.de\/wp-content\/uploads\/2020\/03\/18480_35-e1589211130638.jpg\" \/>\n\t<meta property=\"og:image:width\" content=\"821\" \/>\n\t<meta property=\"og:image:height\" content=\"587\" \/>\n\t<meta property=\"og:image:type\" content=\"image\/jpeg\" \/>\n<meta name=\"twitter:card\" content=\"summary_large_image\" \/>\n<meta name=\"twitter:label1\" content=\"Estimated reading time\" \/>\n\t<meta name=\"twitter:data1\" content=\"2 minutes\" \/>\n<script type=\"application\/ld+json\" class=\"yoast-schema-graph\">{\"@context\":\"https:\/\/schema.org\",\"@graph\":[{\"@type\":\"WebPage\",\"@id\":\"https:\/\/www.nozzlenizer.de\/\",\"url\":\"https:\/\/www.nozzlenizer.de\/\",\"name\":\"Nozzlenizer \u2013 Ihr D\u00fcsenprofi f\u00fcr optimierte K\u00fchlmittelzufuhr\",\"isPartOf\":{\"@id\":\"https:\/\/www.nozzlenizer.de\/#website\"},\"datePublished\":\"2018-09-10T04:11:26+00:00\",\"dateModified\":\"2024-04-01T07:33:18+00:00\",\"description\":\"Nozzlenizer \u2013 Ihr D\u00fcsenprofi f\u00fcr optimierte K\u00fchlmittelzufuhr bei Werkzeugmaschinen. Erfahren Sie hier mehr \u00fcber unseren innovativen Ansatz!\",\"breadcrumb\":{\"@id\":\"https:\/\/www.nozzlenizer.de\/#breadcrumb\"},\"inLanguage\":\"en-GB\",\"potentialAction\":[{\"@type\":\"ReadAction\",\"target\":[\"https:\/\/www.nozzlenizer.de\/\"]}]},{\"@type\":\"BreadcrumbList\",\"@id\":\"https:\/\/www.nozzlenizer.de\/#breadcrumb\",\"itemListElement\":[{\"@type\":\"ListItem\",\"position\":1,\"name\":\"Startseite\",\"item\":\"https:\/\/www.nozzlenizer.de\/\"},{\"@type\":\"ListItem\",\"position\":2,\"name\":\"Nozzlenizer \u2013 Ihr D\u00fcsenprofi\"}]},{\"@type\":\"WebSite\",\"@id\":\"https:\/\/www.nozzlenizer.de\/#website\",\"url\":\"https:\/\/www.nozzlenizer.de\/\",\"name\":\"Nozzlenizer - der D\u00fcsenprofi\",\"description\":\"D\u00fcsen f\u00fcr optimierte K\u00fchlmittelzuf\u00fchrung von Werkzeugmaschinen\",\"potentialAction\":[{\"@type\":\"SearchAction\",\"target\":{\"@type\":\"EntryPoint\",\"urlTemplate\":\"https:\/\/www.nozzlenizer.de\/?s={search_term_string}\"},\"query-input\":\"required name=search_term_string\"}],\"inLanguage\":\"en-GB\"}]}<\/script>\n<!-- \/ Yoast SEO plugin. -->","yoast_head_json":{"title":"Nozzlenizer \u2013 Ihr D\u00fcsenprofi f\u00fcr optimierte K\u00fchlmittelzufuhr","description":"Nozzlenizer \u2013 Ihr D\u00fcsenprofi f\u00fcr optimierte K\u00fchlmittelzufuhr bei Werkzeugmaschinen. Erfahren Sie hier mehr \u00fcber unseren innovativen Ansatz!","robots":{"index":"index","follow":"follow","max-snippet":"max-snippet:-1","max-image-preview":"max-image-preview:large","max-video-preview":"max-video-preview:-1"},"canonical":"https:\/\/www.nozzlenizer.de\/en\/","og_locale":"en_GB","og_type":"article","og_title":"Nozzlenizer \u2013 Ihr D\u00fcsenprofi f\u00fcr optimierte K\u00fchlmittelzufuhr","og_description":"Nozzlenizer \u2013 Ihr D\u00fcsenprofi f\u00fcr optimierte K\u00fchlmittelzufuhr bei Werkzeugmaschinen. Erfahren Sie hier mehr \u00fcber unseren innovativen Ansatz!","og_url":"https:\/\/www.nozzlenizer.de\/en\/","og_site_name":"Nozzlenizer - der D\u00fcsenprofi","article_modified_time":"2024-04-01T07:33:18+00:00","og_image":[{"width":821,"height":587,"url":"https:\/\/www.nozzlenizer.de\/wp-content\/uploads\/2020\/03\/18480_35-e1589211130638.jpg","type":"image\/jpeg"}],"twitter_card":"summary_large_image","twitter_misc":{"Estimated reading time":"2 minutes"},"schema":{"@context":"https:\/\/schema.org","@graph":[{"@type":"WebPage","@id":"https:\/\/www.nozzlenizer.de\/","url":"https:\/\/www.nozzlenizer.de\/","name":"Nozzlenizer \u2013 Ihr D\u00fcsenprofi f\u00fcr optimierte K\u00fchlmittelzufuhr","isPartOf":{"@id":"https:\/\/www.nozzlenizer.de\/#website"},"datePublished":"2018-09-10T04:11:26+00:00","dateModified":"2024-04-01T07:33:18+00:00","description":"Nozzlenizer \u2013 Ihr D\u00fcsenprofi f\u00fcr optimierte K\u00fchlmittelzufuhr bei Werkzeugmaschinen. Erfahren Sie hier mehr \u00fcber unseren innovativen Ansatz!","breadcrumb":{"@id":"https:\/\/www.nozzlenizer.de\/#breadcrumb"},"inLanguage":"en-GB","potentialAction":[{"@type":"ReadAction","target":["https:\/\/www.nozzlenizer.de\/"]}]},{"@type":"BreadcrumbList","@id":"https:\/\/www.nozzlenizer.de\/#breadcrumb","itemListElement":[{"@type":"ListItem","position":1,"name":"Startseite","item":"https:\/\/www.nozzlenizer.de\/"},{"@type":"ListItem","position":2,"name":"Nozzlenizer \u2013 Ihr D\u00fcsenprofi"}]},{"@type":"WebSite","@id":"https:\/\/www.nozzlenizer.de\/#website","url":"https:\/\/www.nozzlenizer.de\/","name":"Nozzlenizer - der D\u00fcsenprofi","description":"D\u00fcsen f\u00fcr optimierte K\u00fchlmittelzuf\u00fchrung von Werkzeugmaschinen","potentialAction":[{"@type":"SearchAction","target":{"@type":"EntryPoint","urlTemplate":"https:\/\/www.nozzlenizer.de\/?s={search_term_string}"},"query-input":"required name=search_term_string"}],"inLanguage":"en-GB"}]}},"_links":{"self":[{"href":"https:\/\/www.nozzlenizer.de\/en\/wp-json\/wp\/v2\/pages\/2989"}],"collection":[{"href":"https:\/\/www.nozzlenizer.de\/en\/wp-json\/wp\/v2\/pages"}],"about":[{"href":"https:\/\/www.nozzlenizer.de\/en\/wp-json\/wp\/v2\/types\/page"}],"author":[{"embeddable":true,"href":"https:\/\/www.nozzlenizer.de\/en\/wp-json\/wp\/v2\/users\/1"}],"replies":[{"embeddable":true,"href":"https:\/\/www.nozzlenizer.de\/en\/wp-json\/wp\/v2\/comments?post=2989"}],"version-history":[{"count":21,"href":"https:\/\/www.nozzlenizer.de\/en\/wp-json\/wp\/v2\/pages\/2989\/revisions"}],"predecessor-version":[{"id":4061,"href":"https:\/\/www.nozzlenizer.de\/en\/wp-json\/wp\/v2\/pages\/2989\/revisions\/4061"}],"wp:featuredmedia":[{"embeddable":true,"href":"https:\/\/www.nozzlenizer.de\/en\/wp-json\/wp\/v2\/media\/3920"}],"wp:attachment":[{"href":"https:\/\/www.nozzlenizer.de\/en\/wp-json\/wp\/v2\/media?parent=2989"}],"curies":[{"name":"wp","href":"https:\/\/api.w.org\/{rel}","templated":true}]}}